{"id":2022,"date":"2024-06-06T18:38:57","date_gmt":"2024-06-06T16:38:57","guid":{"rendered":"https:\/\/dbbalears.com\/rechtlicher-hinweis\/"},"modified":"2024-06-06T18:39:23","modified_gmt":"2024-06-06T16:39:23","slug":"rechtlicher-hinweis","status":"publish","type":"page","link":"https:\/\/dbbalears.com\/de\/rechtlicher-hinweis\/","title":{"rendered":"Rechtlicher Hinweis"},"content":{"rendered":"\n<p>Diese Website bietet Informationen \u00fcber den Raum und die Dienstleistungen von DBB Distribuidora de Begudes de Balears, im Folgenden als Eigent\u00fcmer bezeichnet. Der Zugriff auf die Website https:\/\/dbbalears.com setzt voraus, dass der BENUTZER den vorliegenden rechtlichen Hinweis vollst\u00e4ndig und uneingeschr\u00e4nkt akzeptiert. Wir empfehlen Ihnen daher, dieses Dokument zu lesen, bevor Sie die von dieser Website angebotenen Funktionen nutzen, sowie jedes Mal, wenn Sie darauf zugreifen, da wir uns das Recht vorbehalten, Teile dieser Bedingungen jederzeit zu \u00e4ndern, zu modifizieren, hinzuzuf\u00fcgen oder zu l\u00f6schen.<\/p>\n\n<p>Der blo\u00dfe Zugriff auf die Website impliziert in keinem Fall das Bestehen einer Gesch\u00e4ftsbeziehung zwischen dem Benutzer und der Website.<\/p>\n\n<p>I. EIGENT\u00dcMER DER WEBSITE<\/p>\n\n<p>Im Sinne der Bestimmungen von Art. 10 des Gesetzes 34\/2002 vom 11. Juli \u00fcber die Dienste der Informationsgesellschaft und den elektronischen Handel werden die folgenden Informationen \u00fcber den Inhaber dieser Website bereitgestellt:<\/p>\n\n<p>&#8211; Inhaber der Website: DISTRIBUIDORA DE BEGUDES DE BALEARS, S.L.<\/p>\n\n<p>&#8211; Firmensitz: Carrer Gremi de Boters, 34 07009 (Palma), Espanya<\/p>\n\n<p>&#8211; CIF: B16653289<\/p>\n\n<p>Neben dem Firmensitz stehen den Nutzern die folgenden Kan\u00e4le zur Verf\u00fcgung, um sich mit ihren W\u00fcnschen, Fragen oder Beschwerden an uns zu wenden:<\/p>\n\n<p>Website-Kontaktformular<\/p>\n\n<p>&#8211; Tel. +34 971 020 015<\/p>\n\n<p>xim(a)dbbalears.comm (ersetzen Sie &#8222;a&#8220; durch &#8222;@&#8220;)<\/p>\n\n<p>II. DATENSCHUTZPOLITIK<\/p>\n\n<p>Im Sinne der Bestimmungen der Verordnung (EU) 2016\/679 des Europ\u00e4ischen Parlaments und des Rates vom 27. April 2016 (im Folgenden R.G.P.D.) zum Schutz nat\u00fcrlicher Personen bei der Verarbeitung personenbezogener Daten und zum freien Datenverkehr werden Sie dar\u00fcber informiert, dass die auf dieser Website gesammelten personenbezogenen Daten in Dateien aufgenommen werden, f\u00fcr die der Eigent\u00fcmer verantwortlich ist, und f\u00fcr die Nutzung der Verwaltungstools verarbeitet werden, um Ihre Anfragen zu bearbeiten, Ihre Anregungen oder Beschwerden zu behandeln sowie die Qualit\u00e4t der Website und unserer Dienstleistungen zu verbessern. Im Allgemeinen werden Sie dar\u00fcber informiert, dass die als obligatorisch gekennzeichneten Felder in den Webformularen ausgef\u00fcllt werden m\u00fcssen, damit Ihre Anfragen korrekt bearbeitet werden k\u00f6nnen. Die Betroffenen k\u00f6nnen ihr Recht auf Zugang, Berichtigung und L\u00f6schung ihrer pers\u00f6nlichen Daten sowie ihr Recht, sich der Verarbeitung zu widersetzen, aus\u00fcben, indem sie sich schriftlich an unsere Adresse oder an die oben genannte E-Mail-Adresse wenden und eine Kopie ihres Personalausweises oder Reisepasses beif\u00fcgen.<\/p>\n\n<p>Wie lange wir die Informationen, die wir \u00fcber Sie sammeln, aufbewahren, h\u00e4ngt von dem Zweck ab, f\u00fcr den sie gespeichert werden. Alle Personen, die von unserer Datenverarbeitung betroffen sind, k\u00f6nnen im Falle von Unstimmigkeiten eine Beschwerde bei der A.E.P.D. einreichen.<\/p>\n\n<p>III.- COOKIES UND NAVIGATIONSDATEN<\/p>\n\n<p>Die von uns verwendeten Cookies sind anonym und erm\u00f6glichen es uns nicht, einen bestimmten Benutzer zu identifizieren. Wir verwenden technische Cookies, die notwendig sind, um die Verbindung zur Website herzustellen und die von unseren Nutzern gew\u00fcnschten Dienste bereitzustellen. Au\u00dferdem verwenden wir Cookies und verarbeiten die durch das Surfen erzeugten Daten, um Statistiken zu erstellen und die Web-Aktivit\u00e4ten zu analysieren, damit wir den Inhalt verbessern und an die Vorlieben unserer Besucher anpassen k\u00f6nnen. Wenn Sie unsere Website nutzen, ohne Cookies in Ihrem Browser zu deaktivieren, stimmen Sie der Installation von Cookies zu. Weitere Informationen \u00fcber die von uns verwendeten Cookies und wie Sie diese deaktivieren k\u00f6nnen, finden Sie in unserer Cookie-Richtlinie auf der Startseite.<\/p>\n\n<p>IV. &#8211; NUTZUNGSBEDINGUNGEN<\/p>\n\n<p>Die Benutzer verpflichten sich, diese Website in rechtm\u00e4\u00dfiger Weise, in \u00dcbereinstimmung mit den Bestimmungen dieser Bedingungen und in einer Weise zu nutzen, die die Rechte oder Interessen des Eigent\u00fcmers oder Dritter nicht verletzt. Es ist ausdr\u00fccklich verboten, die auf der Website ver\u00f6ffentlichten Daten zu verwenden, um illegale, gegen Treu und Glauben oder die \u00f6ffentliche Ordnung versto\u00dfende Aktivit\u00e4ten durchzuf\u00fchren oder unaufgeforderte Massenmails (Spam) zu versenden.<\/p>\n\n<p>Diese Website wird im Ist-Zustand zur Verf\u00fcgung gestellt und ihre Nutzung erfolgt auf eigenes Risiko des Nutzers. Daher haften weder der Eigent\u00fcmer noch seine Administratoren, Angestellten, Lieferanten oder Mitarbeiter f\u00fcr Sch\u00e4den jeglicher Art, die direkt oder indirekt aus der Nutzung der Website entstehen, und der Eigent\u00fcmer schlie\u00dft ausdr\u00fccklich und im vollen gesetzlich vorgesehenen Umfang jegliche Art von Garantien, ob ausdr\u00fccklich oder stillschweigend, aus. Der Eigent\u00fcmer garantiert nicht die Verf\u00fcgbarkeit und Zug\u00e4nglichkeit der Website, obwohl er alle angemessenen Anstrengungen unternimmt, dies zu tun. Gelegentlich kann es zu Unterbrechungen f\u00fcr die Zeit kommen, die f\u00fcr die Durchf\u00fchrung der entsprechenden Wartungsarbeiten erforderlich ist. Der Eigent\u00fcmer haftet nicht f\u00fcr eventuelle Sch\u00e4den aufgrund von St\u00f6rungen, Unterbrechungen, Computerviren, Telefonausf\u00e4llen oder -unterbrechungen, die auf Ursachen zur\u00fcckzuf\u00fchren sind, die au\u00dferhalb der Kontrolle der oben genannten Einrichtung liegen, f\u00fcr Verz\u00f6gerungen oder Blockaden bei der Nutzung dieses elektronischen Systems, die durch M\u00e4ngel oder \u00dcberlastungen im Rechenzentrum, in den Telefonleitungen, im Internetsystem oder in anderen elektrischen Systemen verursacht werden, sowie f\u00fcr jede andere Ver\u00e4nderung, die in der Software oder Hardware der Benutzer auftreten kann. Sie garantiert auch nicht die Abwesenheit von Viren, Malware, Trojanern oder anderen Elementen, die Ver\u00e4nderungen im Computersystem, in den Dokumenten oder Dateien des Benutzers verursachen k\u00f6nnen, und schlie\u00dft jegliche Haftung f\u00fcr Sch\u00e4den jeglicher Art aus, die dem Benutzer aus diesem Grund entstehen. Ebenso haftet der Eigent\u00fcmer nicht f\u00fcr Sch\u00e4den, die von Dritten durch unrechtm\u00e4\u00dfige Eingriffe au\u00dferhalb seiner Kontrolle verursacht werden. Sie haftet weder f\u00fcr Sch\u00e4den, die durch die Nutzung oder den Missbrauch der Inhalte der Website verursacht werden, noch f\u00fcr Folgen, die sich aus Fehlern, M\u00e4ngeln oder Auslassungen in den von Dritten bereitgestellten Inhalten ergeben, die auf dieser Seite erscheinen k\u00f6nnen. Der Eigent\u00fcmer \u00fcbernimmt keinerlei Verpflichtung oder Haftung f\u00fcr Dienstleistungen, die nicht direkt vom Eigent\u00fcmer erbracht werden.<\/p>\n\n<p>Unter keinen Umst\u00e4nden \u00fcbernimmt der Eigent\u00fcmer die Verantwortung f\u00fcr den Inhalt der Links, die zu einer externen Website geh\u00f6ren, noch garantiert er die technische Verf\u00fcgbarkeit, Qualit\u00e4t, Zuverl\u00e4ssigkeit, Genauigkeit, Vollst\u00e4ndigkeit, Richtigkeit, G\u00fcltigkeit und Rechtm\u00e4\u00dfigkeit des Materials oder der Informationen, die in einem dieser Hyperlinks oder anderen Internetseiten enthalten sind. Ebenso impliziert die Aufnahme dieser externen Verbindungen keine Art von Assoziation, Fusion oder Beteiligung mit den verbundenen Unternehmen.<\/p>\n\n<p>Sollte eine Bestimmung dieser Nutzungsbedingungen f\u00fcr ung\u00fcltig erkl\u00e4rt werden, so betrifft dies nur die Bestimmung oder den Teil davon, der f\u00fcr ung\u00fcltig erkl\u00e4rt wurde, die Bedingungen bleiben ansonsten in vollem Umfang in Kraft und gelten als nicht in diese Nutzungsbedingungen aufgenommen.<\/p>\n\n<p>Der Zugriff auf die Website und deren Nutzung impliziert zwangsl\u00e4ufig, dass Sie jede einzelne dieser Bedingungen ausdr\u00fccklich akzeptieren.<\/p>\n\n<p>V. GEISTIGES EIGENTUM UND URHEBERRECHT<\/p>\n\n<p>Unbeschadet der Inhalte, an denen Dritte geistige Rechte besitzen, sind die geistigen Eigentumsrechte der Website, des Domainnamens, des Quellcodes, des Designs und der Navigationsstruktur sowie der darin enthaltenen Elemente (einschlie\u00dflich, aber nicht beschr\u00e4nkt auf Bilder, Ton, Audio, Video, Software oder Texte; Marken oder Logos, Farbkombinationen, Struktur und Design usw.) Eigentum des Eigent\u00fcmers, der das ausschlie\u00dfliche Recht hat, sie in jeglicher Form zu verwerten, und insbesondere das Recht auf Vervielf\u00e4ltigung, Verbreitung, \u00f6ffentliche Bekanntmachung und Umwandlung gem\u00e4\u00df den Bestimmungen des geltenden Gesetzes zum Schutz des geistigen Eigentums.) sind Eigentum des Eigent\u00fcmers, der das ausschlie\u00dfliche Recht hat, sie in jeglicher Form zu verwerten, insbesondere das Recht auf Vervielf\u00e4ltigung, Verbreitung, \u00f6ffentliche Wiedergabe und Umgestaltung gem\u00e4\u00df den Bestimmungen des geltenden Gesetzes zum Schutz des geistigen Eigentums. Die Vervielf\u00e4ltigung, Verbreitung und \u00f6ffentliche Wiedergabe, einschlie\u00dflich der Zurverf\u00fcgungstellung, des gesamten oder eines Teils des Inhalts dieser Website in jeglichem Medium und mit jeglichen technischen Mitteln ohne die Genehmigung des Eigent\u00fcmers oder gegebenenfalls der Dritten, die die geistigen Eigentumsrechte oder das Urheberrecht an dem betreffenden Inhalt besitzen, ist ausdr\u00fccklich verboten. Ungeachtet des Vorstehenden kann der Nutzer der Website die Elemente dieser Website ansehen und sogar ausdrucken, kopieren und auf der Festplatte seines Computers oder einem anderen physischen Medium speichern, sofern dies einzig und allein zu seinem pers\u00f6nlichen und privaten Gebrauch geschieht. Diejenigen Einrichtungen oder Personen, die mit vorheriger Genehmigung des Eigent\u00fcmers dieser Website einen Link zu ihr einrichten wollen, m\u00fcssen garantieren, dass sie nur den Zugang zu dieser Seite oder diesem Dienst erm\u00f6glichen, nicht aber deren Inhalte und Dienste reproduzieren.<\/p>\n\n<p>VI. GERICHTSBARKEIT UND ANWENDBARES RECHT<\/p>\n\n<p>Diese Website unterliegt spanischem Recht, unter Ausschluss der Kollisionsnormen des spanischen Rechts. Unbeschadet der Rechte, die den Verbrauchern in Bezug auf die gerichtliche Zust\u00e4ndigkeit durch das K\u00f6nigliche Gesetzesdekret 1\/2007 vom 16. November zuerkannt wurden, unterliegen alle Streitigkeiten, die sich aus der Nutzung der Website oder der damit verbundenen Dienste ergeben, der Gerichtsbarkeit und der Zust\u00e4ndigkeit der Gerichte gem\u00e4\u00df dem Wohnsitz des Eigent\u00fcmers dieser Website, und die Benutzer verzichten ausdr\u00fccklich auf ihre eigene Zust\u00e4ndigkeit, falls sie eine haben.<\/p>\n","protected":false},"excerpt":{"rendered":"<p>Diese Website bietet Informationen \u00fcber den Raum und die Dienstleistungen von DBB Distribuidora de Begudes de Balears, im Folgenden als Eigent\u00fcmer bezeichnet. Der Zugriff auf die Website https:\/\/dbbalears.com setzt voraus, dass der BENUTZER den vorliegenden rechtlichen Hinweis vollst\u00e4ndig und uneingeschr\u00e4nkt akzeptiert. Wir empfehlen Ihnen daher, dieses Dokument zu lesen, bevor Sie die von dieser Website [&hellip;]<\/p>\n","protected":false},"author":1,"featured_media":0,"parent":0,"menu_order":0,"comment_status":"closed","ping_status":"closed","template":"","meta":{"_acf_changed":false,"footnotes":""},"class_list":["post-2022","page","type-page","status-publish","hentry"],"acf":[],"_links":{"self":[{"href":"https:\/\/dbbalears.com\/de\/wp-json\/wp\/v2\/pages\/2022","targetHints":{"allow":["GET"]}}],"collection":[{"href":"https:\/\/dbbalears.com\/de\/wp-json\/wp\/v2\/pages"}],"about":[{"href":"https:\/\/dbbalears.com\/de\/wp-json\/wp\/v2\/types\/page"}],"author":[{"embeddable":true,"href":"https:\/\/dbbalears.com\/de\/wp-json\/wp\/v2\/users\/1"}],"replies":[{"embeddable":true,"href":"https:\/\/dbbalears.com\/de\/wp-json\/wp\/v2\/comments?post=2022"}],"version-history":[{"count":1,"href":"https:\/\/dbbalears.com\/de\/wp-json\/wp\/v2\/pages\/2022\/revisions"}],"predecessor-version":[{"id":2023,"href":"https:\/\/dbbalears.com\/de\/wp-json\/wp\/v2\/pages\/2022\/revisions\/2023"}],"wp:attachment":[{"href":"https:\/\/dbbalears.com\/de\/wp-json\/wp\/v2\/media?parent=2022"}],"curies":[{"name":"wp","href":"https:\/\/api.w.org\/{rel}","templated":true}]}}