{"id":1982,"date":"2023-08-15T11:22:02","date_gmt":"2023-08-15T09:22:02","guid":{"rendered":"https:\/\/dbbalears.com\/wir\/"},"modified":"2024-06-06T18:15:48","modified_gmt":"2024-06-06T16:15:48","slug":"wir","status":"publish","type":"page","link":"https:\/\/dbbalears.com\/de\/wir\/","title":{"rendered":"Wir"},"content":{"rendered":"\t\t<div data-elementor-type=\"wp-page\" data-elementor-id=\"1982\" class=\"elementor elementor-1982 elementor-162\" data-elementor-post-type=\"page\">\n\t\t\t\t<div data-dce-background-overlay-image-url=\"https:\/\/dbbalears.com\/wp-content\/uploads\/2023\/06\/bg-nosotros-01.jpg\" class=\"elementor-element elementor-element-d04750c e-con-full e-flex e-con e-parent\" data-id=\"d04750c\" data-element_type=\"container\" data-settings=\"{&quot;background_background&quot;:&quot;classic&quot;}\">\n\t\t\t\t<div class=\"elementor-element elementor-element-1aed9aa elementor-widget elementor-widget-heading\" data-id=\"1aed9aa\" data-element_type=\"widget\" data-settings=\"{&quot;motion_fx_motion_fx_scrolling&quot;:&quot;yes&quot;,&quot;motion_fx_devices&quot;:[&quot;desktop&quot;,&quot;tablet&quot;,&quot;mobile&quot;]}\" data-widget_type=\"heading.default\">\n\t\t\t\t<div class=\"elementor-widget-container\">\n\t\t\t<h4 class=\"elementor-heading-title elementor-size-default\">WIR<\/h4>\t\t<\/div>\n\t\t\t\t<\/div>\n\t\t\t\t<div class=\"elementor-element elementor-element-507b12b elementor-widget elementor-widget-heading\" data-id=\"507b12b\" data-element_type=\"widget\" data-widget_type=\"heading.default\">\n\t\t\t\t<div class=\"elementor-widget-container\">\n\t\t\t<h2 class=\"elementor-heading-title elementor-size-default\">Unsere Geschichte<\/h2>\t\t<\/div>\n\t\t\t\t<\/div>\n\t\t\t\t<\/div>\n\t\t<div class=\"elementor-element elementor-element-df4b2af e-con-full e-flex e-con e-parent\" data-id=\"df4b2af\" data-element_type=\"container\">\n\t\t<div class=\"elementor-element elementor-element-5cec458 e-con-full e-flex e-con e-child\" data-id=\"5cec458\" data-element_type=\"container\">\n\t\t\t\t<div class=\"elementor-element elementor-element-c216dc6 elementor-widget__width-inherit dce_masking-none elementor-widget elementor-widget-image\" data-id=\"c216dc6\" data-element_type=\"widget\" data-settings=\"{&quot;_animation&quot;:&quot;none&quot;}\" data-widget_type=\"image.default\">\n\t\t\t\t<div class=\"elementor-widget-container\">\n\t\t\t\t\t\t\t\t\t\t\t\t\t<img fetchpriority=\"high\" decoding=\"async\" width=\"900\" height=\"500\" src=\"https:\/\/dbbalears.com\/wp-content\/uploads\/2023\/08\/dbb-nosotros.webp\" class=\"attachment-full size-full wp-image-182\" alt=\"\" srcset=\"https:\/\/dbbalears.com\/wp-content\/uploads\/2023\/08\/dbb-nosotros.webp 900w, https:\/\/dbbalears.com\/wp-content\/uploads\/2023\/08\/dbb-nosotros-300x167.webp 300w, https:\/\/dbbalears.com\/wp-content\/uploads\/2023\/08\/dbb-nosotros-768x427.webp 768w\" sizes=\"(max-width: 900px) 100vw, 900px\" \/>\t\t\t\t\t\t\t\t\t\t\t\t\t<\/div>\n\t\t\t\t<\/div>\n\t\t\t\t<\/div>\n\t\t<div class=\"elementor-element elementor-element-63155f8 e-con-full e-flex e-con e-child\" data-id=\"63155f8\" data-element_type=\"container\">\n\t\t\t\t<div class=\"elementor-element elementor-element-32ecbe5 elementor-widget elementor-widget-heading\" data-id=\"32ecbe5\" data-element_type=\"widget\" data-widget_type=\"heading.default\">\n\t\t\t\t<div class=\"elementor-widget-container\">\n\t\t\t<h2 class=\"elementor-heading-title elementor-size-default\">DER H\u00c4NDLER, DEN SIE GESUCHT HABEN\n<\/h2>\t\t<\/div>\n\t\t\t\t<\/div>\n\t\t\t\t<div class=\"elementor-element elementor-element-aa2726b elementor-widget elementor-widget-text-editor\" data-id=\"aa2726b\" data-element_type=\"widget\" data-widget_type=\"text-editor.default\">\n\t\t\t\t<div class=\"elementor-widget-container\">\n\t\t\t\t\t\t\tWenn Sie einen professionellen und seri\u00f6sen H\u00e4ndler brauchen, der Ihnen einen gro\u00dfen Produktkatalog zur Verf\u00fcgung stellt, damit Sie die Produkte ausw\u00e4hlen k\u00f6nnen, die Sie ben\u00f6tigen, dann sind wir Ihr H\u00e4ndler.\n\nSie k\u00f6nnen uns vertrauen, denn wir verf\u00fcgen \u00fcber eine Vielzahl von Referenzen, die wir mit dem Ziel ausgew\u00e4hlt haben, das beste und exklusivste Produkt anzubieten.\n\n\t\t\t\t\t\t<\/div>\n\t\t\t\t<\/div>\n\t\t\t\t<\/div>\n\t\t\t\t<\/div>\n\t\t<div class=\"elementor-element elementor-element-39a4fe4 e-con-full e-flex e-con e-parent\" data-id=\"39a4fe4\" data-element_type=\"container\" data-settings=\"{&quot;background_background&quot;:&quot;classic&quot;}\">\n\t\t<div class=\"elementor-element elementor-element-f0df2a2 e-con-full e-flex e-con e-child\" data-id=\"f0df2a2\" data-element_type=\"container\" data-settings=\"{&quot;background_background&quot;:&quot;classic&quot;}\">\n\t\t<div class=\"elementor-element elementor-element-ec92244 e-con-full e-flex e-con e-child\" data-id=\"ec92244\" data-element_type=\"container\">\n\t\t<div data-dce-background-overlay-color=\"#000000\" data-dce-background-image-url=\"https:\/\/dbbalears.com\/wp-content\/uploads\/2023\/06\/bg-home-06.jpg\" class=\"elementor-element elementor-element-00cfea3 e-con-full e-flex e-con e-child\" data-id=\"00cfea3\" data-element_type=\"container\" data-settings=\"{&quot;background_background&quot;:&quot;classic&quot;}\">\n\t\t\t\t<div class=\"elementor-element elementor-element-90166cf elementor-widget__width-inherit elementor-invisible elementor-widget elementor-widget-heading\" data-id=\"90166cf\" data-element_type=\"widget\" data-settings=\"{&quot;_animation&quot;:&quot;fadeInUp&quot;}\" data-widget_type=\"heading.default\">\n\t\t\t\t<div class=\"elementor-widget-container\">\n\t\t\t<h4 class=\"elementor-heading-title elementor-size-default\">VARIETTE<\/h4>\t\t<\/div>\n\t\t\t\t<\/div>\n\t\t\t\t<div class=\"elementor-element elementor-element-47f4dfa elementor-widget elementor-widget-spacer\" data-id=\"47f4dfa\" data-element_type=\"widget\" data-widget_type=\"spacer.default\">\n\t\t\t\t<div class=\"elementor-widget-container\">\n\t\t\t\t\t<div class=\"elementor-spacer\">\n\t\t\t<div class=\"elementor-spacer-inner\"><\/div>\n\t\t<\/div>\n\t\t\t\t<\/div>\n\t\t\t\t<\/div>\n\t\t\t\t<div data-dce-advanced-background-color=\"#0000008C\" class=\"elementor-element elementor-element-7c77eb5 elementor-widget elementor-widget-text-editor\" data-id=\"7c77eb5\" data-element_type=\"widget\" data-widget_type=\"text-editor.default\">\n\t\t\t\t<div class=\"elementor-widget-container\">\n\t\t\t\t\t\t\t<div class=\"uk-width-1-3@m des-ind uk-text-center uk-first-column\">\n<p>Gro\u00dfe Auswahl an Produkten in unserem Katalog.<\/p>\n<\/div>\n<div class=\"uk-width-1-3@m des-ind uk-text-center\"> <\/div>\n\t\t\t\t\t\t<\/div>\n\t\t\t\t<\/div>\n\t\t\t\t<\/div>\n\t\t<div data-dce-background-overlay-color=\"#000000\" data-dce-background-image-url=\"https:\/\/dbbalears.com\/wp-content\/uploads\/2023\/08\/asesoramiento-dbb.webp\" class=\"elementor-element elementor-element-8106bf7 e-con-full e-flex e-con e-child\" data-id=\"8106bf7\" data-element_type=\"container\" data-settings=\"{&quot;background_background&quot;:&quot;classic&quot;}\">\n\t\t\t\t<div class=\"elementor-element elementor-element-d02e365 elementor-widget__width-inherit elementor-invisible elementor-widget elementor-widget-heading\" data-id=\"d02e365\" data-element_type=\"widget\" data-settings=\"{&quot;_animation&quot;:&quot;fadeInUp&quot;}\" data-widget_type=\"heading.default\">\n\t\t\t\t<div class=\"elementor-widget-container\">\n\t\t\t<h4 class=\"elementor-heading-title elementor-size-default\">BERATUNG<\/h4>\t\t<\/div>\n\t\t\t\t<\/div>\n\t\t\t\t<div class=\"elementor-element elementor-element-57e34e0 elementor-widget elementor-widget-spacer\" data-id=\"57e34e0\" data-element_type=\"widget\" data-widget_type=\"spacer.default\">\n\t\t\t\t<div class=\"elementor-widget-container\">\n\t\t\t\t\t<div class=\"elementor-spacer\">\n\t\t\t<div class=\"elementor-spacer-inner\"><\/div>\n\t\t<\/div>\n\t\t\t\t<\/div>\n\t\t\t\t<\/div>\n\t\t\t\t<div data-dce-advanced-background-color=\"#0000008C\" class=\"elementor-element elementor-element-8db7c81 elementor-widget elementor-widget-text-editor\" data-id=\"8db7c81\" data-element_type=\"widget\" data-widget_type=\"text-editor.default\">\n\t\t\t\t<div class=\"elementor-widget-container\">\n\t\t\t\t\t\t\t<div class=\"uk-width-1-3@m des-ind uk-text-center uk-first-column\">\n<div class=\"uk-width-1-3@m des-ind uk-text-center\">\n<p>Wir helfen Ihnen bei der Auswahl der Produkte, die Sie ben\u00f6tigen.<\/p>\n<\/div>\n<\/div>\n\t\t\t\t\t\t<\/div>\n\t\t\t\t<\/div>\n\t\t\t\t<\/div>\n\t\t<div data-dce-background-overlay-color=\"#000000\" data-dce-background-image-url=\"https:\/\/dbbalears.com\/wp-content\/uploads\/2023\/06\/bg-catalogo-01.jpg\" class=\"elementor-element elementor-element-c50e8a3 e-con-full e-flex e-con e-child\" data-id=\"c50e8a3\" data-element_type=\"container\" data-settings=\"{&quot;background_background&quot;:&quot;classic&quot;}\">\n\t\t\t\t<div class=\"elementor-element elementor-element-7185b47 elementor-widget__width-inherit elementor-invisible elementor-widget elementor-widget-heading\" data-id=\"7185b47\" data-element_type=\"widget\" data-settings=\"{&quot;_animation&quot;:&quot;fadeInUp&quot;}\" data-widget_type=\"heading.default\">\n\t\t\t\t<div class=\"elementor-widget-container\">\n\t\t\t<h4 class=\"elementor-heading-title elementor-size-default\">QUALIT\u00c4T<\/h4>\t\t<\/div>\n\t\t\t\t<\/div>\n\t\t\t\t<div class=\"elementor-element elementor-element-d760a4c elementor-widget elementor-widget-spacer\" data-id=\"d760a4c\" data-element_type=\"widget\" data-widget_type=\"spacer.default\">\n\t\t\t\t<div class=\"elementor-widget-container\">\n\t\t\t\t\t<div class=\"elementor-spacer\">\n\t\t\t<div class=\"elementor-spacer-inner\"><\/div>\n\t\t<\/div>\n\t\t\t\t<\/div>\n\t\t\t\t<\/div>\n\t\t\t\t<div data-dce-advanced-background-color=\"#0000008C\" class=\"elementor-element elementor-element-3a8db93 elementor-widget elementor-widget-text-editor\" data-id=\"3a8db93\" data-element_type=\"widget\" data-widget_type=\"text-editor.default\">\n\t\t\t\t<div class=\"elementor-widget-container\">\n\t\t\t\t\t\t\t<div class=\"uk-width-1-3@m des-ind uk-text-center uk-first-column\">\n<div class=\"des uk-scrollspy-inview uk-animation-fade\">\n<div class=\"uk-container uk-container-medium section\">\n<div class=\"uk-grid-medium uk-grid\">\n<div class=\"uk-width-1-3@m des-ind uk-text-center\">\n<p>Wir haben die besten Marken auf dem Markt.<\/p>\n<\/div>\n<\/div>\n<\/div>\n<\/div>\n<\/div>\n\t\t\t\t\t\t<\/div>\n\t\t\t\t<\/div>\n\t\t\t\t<\/div>\n\t\t\t\t<\/div>\n\t\t\t\t<\/div>\n\t\t\t\t<\/div>\n\t\t\t\t<\/div>\n\t\t","protected":false},"excerpt":{"rendered":"<p>WIR Unsere Geschichte DER H\u00c4NDLER, DEN SIE GESUCHT HABEN Wenn Sie einen professionellen und seri\u00f6sen H\u00e4ndler brauchen, der Ihnen einen gro\u00dfen Produktkatalog zur Verf\u00fcgung stellt, damit Sie die Produkte ausw\u00e4hlen k\u00f6nnen, die Sie ben\u00f6tigen, dann sind wir Ihr H\u00e4ndler. Sie k\u00f6nnen uns vertrauen, denn wir verf\u00fcgen \u00fcber eine Vielzahl von Referenzen, die wir mit dem [&hellip;]<\/p>\n","protected":false},"author":1,"featured_media":0,"parent":0,"menu_order":0,"comment_status":"closed","ping_status":"closed","template":"","meta":{"_acf_changed":false,"footnotes":""},"class_list":["post-1982","page","type-page","status-publish","hentry"],"acf":[],"_links":{"self":[{"href":"https:\/\/dbbalears.com\/de\/wp-json\/wp\/v2\/pages\/1982","targetHints":{"allow":["GET"]}}],"collection":[{"href":"https:\/\/dbbalears.com\/de\/wp-json\/wp\/v2\/pages"}],"about":[{"href":"https:\/\/dbbalears.com\/de\/wp-json\/wp\/v2\/types\/page"}],"author":[{"embeddable":true,"href":"https:\/\/dbbalears.com\/de\/wp-json\/wp\/v2\/users\/1"}],"replies":[{"embeddable":true,"href":"https:\/\/dbbalears.com\/de\/wp-json\/wp\/v2\/comments?post=1982"}],"version-history":[{"count":1,"href":"https:\/\/dbbalears.com\/de\/wp-json\/wp\/v2\/pages\/1982\/revisions"}],"predecessor-version":[{"id":1985,"href":"https:\/\/dbbalears.com\/de\/wp-json\/wp\/v2\/pages\/1982\/revisions\/1985"}],"wp:attachment":[{"href":"https:\/\/dbbalears.com\/de\/wp-json\/wp\/v2\/media?parent=1982"}],"curies":[{"name":"wp","href":"https:\/\/api.w.org\/{rel}","templated":true}]}}