{"id":1955,"date":"2024-02-09T13:08:14","date_gmt":"2024-02-09T12:08:14","guid":{"rendered":"https:\/\/dbbalears.com\/orgull\/"},"modified":"2024-10-07T06:32:46","modified_gmt":"2024-10-07T04:32:46","slug":"orgull","status":"publish","type":"page","link":"https:\/\/dbbalears.com\/de\/orgull\/","title":{"rendered":"Orgull"},"content":{"rendered":"\t\t<div data-elementor-type=\"wp-page\" data-elementor-id=\"1955\" class=\"elementor elementor-1955 elementor-830\" data-elementor-post-type=\"page\">\n\t\t\t\t<div class=\"elementor-element elementor-element-3af15f0 e-con-full e-flex e-con e-parent\" data-id=\"3af15f0\" data-element_type=\"container\">\n\t\t<div class=\"elementor-element elementor-element-fb302d0 e-con-full e-flex e-con e-child\" data-id=\"fb302d0\" data-element_type=\"container\">\n\t\t<div class=\"elementor-element elementor-element-98875cb e-con-full e-flex e-con e-child\" data-id=\"98875cb\" data-element_type=\"container\" data-settings=\"{&quot;background_background&quot;:&quot;classic&quot;}\">\n\t\t<div class=\"elementor-element elementor-element-79ccf0b e-con-full e-flex e-con e-child\" data-id=\"79ccf0b\" data-element_type=\"container\" data-settings=\"{&quot;background_background&quot;:&quot;classic&quot;}\">\n\t\t\t\t<div class=\"elementor-element elementor-element-c4c15e7 elementor-widget__width-initial elementor-widget-mobile__width-auto dce_masking-none elementor-widget elementor-widget-image\" data-id=\"c4c15e7\" data-element_type=\"widget\" data-widget_type=\"image.default\">\n\t\t\t\t<div class=\"elementor-widget-container\">\n\t\t\t\t\t\t\t\t\t\t\t\t\t<img fetchpriority=\"high\" decoding=\"async\" width=\"561\" height=\"267\" src=\"https:\/\/dbbalears.com\/wp-content\/uploads\/2024\/02\/orgull-vino-mallorquin.png\" class=\"attachment-large size-large wp-image-832\" alt=\"\" srcset=\"https:\/\/dbbalears.com\/wp-content\/uploads\/2024\/02\/orgull-vino-mallorquin.png 561w, https:\/\/dbbalears.com\/wp-content\/uploads\/2024\/02\/orgull-vino-mallorquin-300x143.png 300w\" sizes=\"(max-width: 561px) 100vw, 561px\" \/>\t\t\t\t\t\t\t\t\t\t\t\t\t<\/div>\n\t\t\t\t<\/div>\n\t\t\t\t<div class=\"elementor-element elementor-element-3c31430 elementor-widget elementor-widget-text-editor\" data-id=\"3c31430\" data-element_type=\"widget\" data-widget_type=\"text-editor.default\">\n\t\t\t\t<div class=\"elementor-widget-container\">\n\t\t\t\t\t\t\t<p>Entdecken Sie ORGULL, Mallorcas \u00f6nologisches Juwel, das die Essenz eines einzigartigen Landes widerspiegelt. Dieser exklusive und limitierte Wein ist das Ergebnis einer sorgf\u00e4ltigen Auswahl autochthoner Trauben, die mit Sorgfalt in den privilegiertesten Weinbergen der Insel angebaut werden. Jede Flasche ist eine Hommage an die mallorquinische Weintradition und bietet einen authentischen Geschmack und ein unvergessliches Erlebnis f\u00fcr Liebhaber von gutem Wein.<\/p>\n<p>Mit ORGULL tauchen Sie in ein unvergleichliches sensorisches Erlebnis ein, bei dem Ihnen jeder Schluck von der Leidenschaft und Sorgfalt erz\u00e4hlt, mit der er hergestellt wurde. Jedes Jahr wird nur eine begrenzte Anzahl von Flaschen produziert, um die Exklusivit\u00e4t und den Respekt vor der Zeit und dem nat\u00fcrlichen Weinherstellungsprozess zu gew\u00e4hrleisten.<\/p>\n\t\t\t\t\t\t<\/div>\n\t\t\t\t<\/div>\n\t\t\t\t<div class=\"elementor-element elementor-element-9a29b70 dce_masking-none elementor-widget elementor-widget-image\" data-id=\"9a29b70\" data-element_type=\"widget\" data-widget_type=\"image.default\">\n\t\t\t\t<div class=\"elementor-widget-container\">\n\t\t\t\t\t\t\t\t\t\t\t\t\t<img decoding=\"async\" width=\"800\" height=\"517\" src=\"https:\/\/dbbalears.com\/wp-content\/uploads\/2024\/09\/orgull-botellas-dbb-1024x662.webp\" class=\"attachment-large size-large wp-image-2211\" alt=\"\" srcset=\"https:\/\/dbbalears.com\/wp-content\/uploads\/2024\/09\/orgull-botellas-dbb-1024x662.webp 1024w, https:\/\/dbbalears.com\/wp-content\/uploads\/2024\/09\/orgull-botellas-dbb-300x194.webp 300w, https:\/\/dbbalears.com\/wp-content\/uploads\/2024\/09\/orgull-botellas-dbb-768x497.webp 768w, https:\/\/dbbalears.com\/wp-content\/uploads\/2024\/09\/orgull-botellas-dbb.webp 1500w\" sizes=\"(max-width: 800px) 100vw, 800px\" \/>\t\t\t\t\t\t\t\t\t\t\t\t\t<\/div>\n\t\t\t\t<\/div>\n\t\t\t\t<\/div>\n\t\t<div class=\"elementor-element elementor-element-a0f5758 e-con-full e-flex e-con e-child\" data-id=\"a0f5758\" data-element_type=\"container\" data-settings=\"{&quot;background_background&quot;:&quot;classic&quot;,&quot;background_motion_fx_motion_fx_scrolling&quot;:&quot;yes&quot;,&quot;background_motion_fx_scale_effect&quot;:&quot;yes&quot;,&quot;background_motion_fx_scale_direction&quot;:&quot;out-in&quot;,&quot;background_motion_fx_scale_speed&quot;:{&quot;unit&quot;:&quot;px&quot;,&quot;size&quot;:4,&quot;sizes&quot;:[]},&quot;background_motion_fx_scale_range&quot;:{&quot;unit&quot;:&quot;%&quot;,&quot;size&quot;:&quot;&quot;,&quot;sizes&quot;:{&quot;start&quot;:20,&quot;end&quot;:80}},&quot;background_motion_fx_devices&quot;:[&quot;desktop&quot;,&quot;tablet&quot;,&quot;mobile&quot;]}\">\n\t\t\t\t<div class=\"elementor-element elementor-element-825da97 elementor-widget-mobile__width-inherit dce_masking-none elementor-widget elementor-widget-image\" data-id=\"825da97\" data-element_type=\"widget\" data-settings=\"{&quot;motion_fx_motion_fx_scrolling&quot;:&quot;yes&quot;,&quot;motion_fx_translateY_effect&quot;:&quot;yes&quot;,&quot;motion_fx_translateY_direction&quot;:&quot;negative&quot;,&quot;motion_fx_translateY_speed&quot;:{&quot;unit&quot;:&quot;px&quot;,&quot;size&quot;:3,&quot;sizes&quot;:[]},&quot;motion_fx_devices&quot;:[&quot;desktop&quot;,&quot;tablet&quot;],&quot;motion_fx_translateY_affectedRange&quot;:{&quot;unit&quot;:&quot;%&quot;,&quot;size&quot;:&quot;&quot;,&quot;sizes&quot;:{&quot;start&quot;:0,&quot;end&quot;:100}}}\" data-widget_type=\"image.default\">\n\t\t\t\t<div class=\"elementor-widget-container\">\n\t\t\t\t\t\t\t\t\t\t\t\t\t<img decoding=\"async\" width=\"1920\" height=\"1510\" src=\"https:\/\/dbbalears.com\/wp-content\/uploads\/2024\/09\/Orgull-dbb.webp\" class=\"attachment-full size-full wp-image-2051\" alt=\"\" srcset=\"https:\/\/dbbalears.com\/wp-content\/uploads\/2024\/09\/Orgull-dbb.webp 1920w, https:\/\/dbbalears.com\/wp-content\/uploads\/2024\/09\/Orgull-dbb-300x236.webp 300w, https:\/\/dbbalears.com\/wp-content\/uploads\/2024\/09\/Orgull-dbb-1024x805.webp 1024w, https:\/\/dbbalears.com\/wp-content\/uploads\/2024\/09\/Orgull-dbb-768x604.webp 768w, https:\/\/dbbalears.com\/wp-content\/uploads\/2024\/09\/Orgull-dbb-1536x1208.webp 1536w\" sizes=\"(max-width: 1920px) 100vw, 1920px\" \/>\t\t\t\t\t\t\t\t\t\t\t\t\t<\/div>\n\t\t\t\t<\/div>\n\t\t\t\t<div class=\"elementor-element elementor-element-b0d9e35 elementor-widget__width-initial elementor-widget-mobile__width-auto dce_masking-none elementor-widget elementor-widget-image\" data-id=\"b0d9e35\" data-element_type=\"widget\" data-widget_type=\"image.default\">\n\t\t\t\t<div class=\"elementor-widget-container\">\n\t\t\t\t\t\t\t\t\t\t\t\t\t<img loading=\"lazy\" decoding=\"async\" width=\"247\" height=\"152\" src=\"https:\/\/dbbalears.com\/wp-content\/uploads\/2024\/02\/limited-orgull-dbb.png\" class=\"attachment-large size-large wp-image-833\" alt=\"\" \/>\t\t\t\t\t\t\t\t\t\t\t\t\t<\/div>\n\t\t\t\t<\/div>\n\t\t\t\t<\/div>\n\t\t\t\t<\/div>\n\t\t\t\t<\/div>\n\t\t\t\t<\/div>\n\t\t<div class=\"elementor-element elementor-element-a58283f e-con-full e-flex e-con e-parent\" data-id=\"a58283f\" data-element_type=\"container\">\n\t\t<div class=\"elementor-element elementor-element-88a244b e-con-full e-flex e-con e-child\" data-id=\"88a244b\" data-element_type=\"container\">\n\t\t\t\t<div class=\"elementor-element elementor-element-5cade4e dce_masking-none elementor-widget elementor-widget-image\" data-id=\"5cade4e\" data-element_type=\"widget\" data-widget_type=\"image.default\">\n\t\t\t\t<div class=\"elementor-widget-container\">\n\t\t\t\t\t\t\t\t\t\t\t\t\t<img loading=\"lazy\" decoding=\"async\" width=\"250\" height=\"650\" src=\"https:\/\/dbbalears.com\/wp-content\/uploads\/2024\/10\/orgull-rosado.jpg\" class=\"attachment-large size-large wp-image-2313\" alt=\"\" srcset=\"https:\/\/dbbalears.com\/wp-content\/uploads\/2024\/10\/orgull-rosado.jpg 250w, https:\/\/dbbalears.com\/wp-content\/uploads\/2024\/10\/orgull-rosado-115x300.jpg 115w\" sizes=\"(max-width: 250px) 100vw, 250px\" \/>\t\t\t\t\t\t\t\t\t\t\t\t\t<\/div>\n\t\t\t\t<\/div>\n\t\t\t\t<\/div>\n\t\t<div class=\"elementor-element elementor-element-83b360b e-con-full e-flex e-con e-child\" data-id=\"83b360b\" data-element_type=\"container\">\n\t\t\t\t<div class=\"elementor-element elementor-element-e0cc94b dce_masking-none elementor-widget elementor-widget-image\" data-id=\"e0cc94b\" data-element_type=\"widget\" data-widget_type=\"image.default\">\n\t\t\t\t<div class=\"elementor-widget-container\">\n\t\t\t\t\t\t\t\t\t\t\t\t\t<img loading=\"lazy\" decoding=\"async\" width=\"250\" height=\"650\" src=\"https:\/\/dbbalears.com\/wp-content\/uploads\/2024\/10\/orgull-tinto.jpg\" class=\"attachment-large size-large wp-image-2317\" alt=\"\" srcset=\"https:\/\/dbbalears.com\/wp-content\/uploads\/2024\/10\/orgull-tinto.jpg 250w, https:\/\/dbbalears.com\/wp-content\/uploads\/2024\/10\/orgull-tinto-115x300.jpg 115w\" sizes=\"(max-width: 250px) 100vw, 250px\" \/>\t\t\t\t\t\t\t\t\t\t\t\t\t<\/div>\n\t\t\t\t<\/div>\n\t\t\t\t<\/div>\n\t\t<div class=\"elementor-element elementor-element-28795ed e-con-full e-flex e-con e-child\" data-id=\"28795ed\" data-element_type=\"container\">\n\t\t\t\t<div class=\"elementor-element elementor-element-e61018d dce_masking-none elementor-widget elementor-widget-image\" data-id=\"e61018d\" data-element_type=\"widget\" data-widget_type=\"image.default\">\n\t\t\t\t<div class=\"elementor-widget-container\">\n\t\t\t\t\t\t\t\t\t\t\t\t\t<img loading=\"lazy\" decoding=\"async\" width=\"250\" height=\"650\" src=\"https:\/\/dbbalears.com\/wp-content\/uploads\/2024\/10\/orgull-blanco.jpg\" class=\"attachment-large size-large wp-image-2309\" alt=\"\" srcset=\"https:\/\/dbbalears.com\/wp-content\/uploads\/2024\/10\/orgull-blanco.jpg 250w, https:\/\/dbbalears.com\/wp-content\/uploads\/2024\/10\/orgull-blanco-115x300.jpg 115w\" sizes=\"(max-width: 250px) 100vw, 250px\" \/>\t\t\t\t\t\t\t\t\t\t\t\t\t<\/div>\n\t\t\t\t<\/div>\n\t\t\t\t<\/div>\n\t\t\t\t<\/div>\n\t\t<div class=\"elementor-element elementor-element-41a85de e-con-full e-flex e-con e-parent\" data-id=\"41a85de\" data-element_type=\"container\">\n\t\t<div class=\"elementor-element elementor-element-5f889bb e-con-full e-flex e-con e-child\" data-id=\"5f889bb\" data-element_type=\"container\">\n\t\t<div class=\"elementor-element elementor-element-0b72482 e-con-full e-flex e-con e-child\" data-id=\"0b72482\" data-element_type=\"container\" data-settings=\"{&quot;background_background&quot;:&quot;classic&quot;}\">\n\t\t<div class=\"elementor-element elementor-element-9918479 e-con-full e-flex e-con e-child\" data-id=\"9918479\" data-element_type=\"container\" data-settings=\"{&quot;background_background&quot;:&quot;classic&quot;}\">\n\t\t\t\t<div class=\"elementor-element elementor-element-7fea59d elementor-widget__width-initial elementor-widget-mobile__width-auto dce_masking-none elementor-widget elementor-widget-image\" data-id=\"7fea59d\" data-element_type=\"widget\" data-widget_type=\"image.default\">\n\t\t\t\t<div class=\"elementor-widget-container\">\n\t\t\t\t\t\t\t\t\t\t\t\t\t<img loading=\"lazy\" decoding=\"async\" width=\"800\" height=\"176\" src=\"https:\/\/dbbalears.com\/wp-content\/uploads\/2024\/01\/logo-noray-vell-1024x225.png\" class=\"attachment-large size-large wp-image-639\" alt=\"\" srcset=\"https:\/\/dbbalears.com\/wp-content\/uploads\/2024\/01\/logo-noray-vell-1024x225.png 1024w, https:\/\/dbbalears.com\/wp-content\/uploads\/2024\/01\/logo-noray-vell-300x66.png 300w, https:\/\/dbbalears.com\/wp-content\/uploads\/2024\/01\/logo-noray-vell-768x169.png 768w, https:\/\/dbbalears.com\/wp-content\/uploads\/2024\/01\/logo-noray-vell-1536x337.png 1536w, https:\/\/dbbalears.com\/wp-content\/uploads\/2024\/01\/logo-noray-vell.png 1558w\" sizes=\"(max-width: 800px) 100vw, 800px\" \/>\t\t\t\t\t\t\t\t\t\t\t\t\t<\/div>\n\t\t\t\t<\/div>\n\t\t<div class=\"elementor-element elementor-element-435e6d2 e-grid e-con-full e-con e-child\" data-id=\"435e6d2\" data-element_type=\"container\">\n\t\t\t\t<div class=\"elementor-element elementor-element-27d8899 dce_masking-none elementor-widget elementor-widget-image\" data-id=\"27d8899\" data-element_type=\"widget\" data-widget_type=\"image.default\">\n\t\t\t\t<div class=\"elementor-widget-container\">\n\t\t\t\t\t\t\t\t\t\t\t\t\t<img loading=\"lazy\" decoding=\"async\" width=\"374\" height=\"202\" src=\"https:\/\/dbbalears.com\/wp-content\/uploads\/2024\/01\/Captura-de-pantalla-2024-01-24-a-las-15.42.43.png\" class=\"attachment-large size-large wp-image-651\" alt=\"\" srcset=\"https:\/\/dbbalears.com\/wp-content\/uploads\/2024\/01\/Captura-de-pantalla-2024-01-24-a-las-15.42.43.png 374w, https:\/\/dbbalears.com\/wp-content\/uploads\/2024\/01\/Captura-de-pantalla-2024-01-24-a-las-15.42.43-300x162.png 300w\" sizes=\"(max-width: 374px) 100vw, 374px\" \/>\t\t\t\t\t\t\t\t\t\t\t\t\t<\/div>\n\t\t\t\t<\/div>\n\t\t\t\t<div class=\"elementor-element elementor-element-c41f465 dce_masking-none elementor-widget elementor-widget-image\" data-id=\"c41f465\" data-element_type=\"widget\" data-widget_type=\"image.default\">\n\t\t\t\t<div class=\"elementor-widget-container\">\n\t\t\t\t\t\t\t\t\t\t\t\t\t<img loading=\"lazy\" decoding=\"async\" width=\"334\" height=\"326\" src=\"https:\/\/dbbalears.com\/wp-content\/uploads\/2024\/01\/Captura-de-pantalla-2024-01-24-a-las-15.42.59.png\" class=\"attachment-large size-large wp-image-649\" alt=\"\" srcset=\"https:\/\/dbbalears.com\/wp-content\/uploads\/2024\/01\/Captura-de-pantalla-2024-01-24-a-las-15.42.59.png 334w, https:\/\/dbbalears.com\/wp-content\/uploads\/2024\/01\/Captura-de-pantalla-2024-01-24-a-las-15.42.59-300x293.png 300w\" sizes=\"(max-width: 334px) 100vw, 334px\" \/>\t\t\t\t\t\t\t\t\t\t\t\t\t<\/div>\n\t\t\t\t<\/div>\n\t\t\t\t<\/div>\n\t\t\t\t<div class=\"elementor-element elementor-element-ab174e9 elementor-widget elementor-widget-text-editor\" data-id=\"ab174e9\" data-element_type=\"widget\" data-widget_type=\"text-editor.default\">\n\t\t\t\t<div class=\"elementor-widget-container\">\n\t\t\t\t\t\t\t<p>Entdecken Sie Noray Vell, den Wein, der ein Synonym f\u00fcr Engagement und Leidenschaft f\u00fcr Mallorca ist.<\/p><\/p>\n\t\t\t\t\t\t<\/div>\n\t\t\t\t<\/div>\n\t\t\t\t<div data-dce-background-color=\"#FFFFFF00\" class=\"elementor-element elementor-element-eb429aa elementor-align-left elementor-widget__width-initial elementor-widget elementor-widget-button\" data-id=\"eb429aa\" data-element_type=\"widget\" data-widget_type=\"button.default\">\n\t\t\t\t<div class=\"elementor-widget-container\">\n\t\t\t\t\t<div class=\"elementor-button-wrapper\">\n\t\t\t<a class=\"elementor-button elementor-button-link elementor-size-md\" href=\"https:\/\/dbbalears.com\/de\/vino-fosca-negra\/\">\n\t\t\t\t\t\t<span class=\"elementor-button-content-wrapper\">\n\t\t\t\t\t\t<span class=\"elementor-button-icon\">\n\t\t\t\t<i aria-hidden=\"true\" class=\"fas fa-arrow-right\"><\/i>\t\t\t<\/span>\n\t\t\t\t\t\t\t\t\t<span class=\"elementor-button-text\">MEHR SEHEN<\/span>\n\t\t\t\t\t<\/span>\n\t\t\t\t\t<\/a>\n\t\t<\/div>\n\t\t\t\t<\/div>\n\t\t\t\t<\/div>\n\t\t\t\t<\/div>\n\t\t<div class=\"elementor-element elementor-element-a89a9d4 e-con-full e-flex e-con e-child\" data-id=\"a89a9d4\" data-element_type=\"container\" data-settings=\"{&quot;background_background&quot;:&quot;classic&quot;,&quot;background_motion_fx_motion_fx_scrolling&quot;:&quot;yes&quot;,&quot;background_motion_fx_scale_effect&quot;:&quot;yes&quot;,&quot;background_motion_fx_scale_direction&quot;:&quot;out-in&quot;,&quot;background_motion_fx_scale_speed&quot;:{&quot;unit&quot;:&quot;px&quot;,&quot;size&quot;:4,&quot;sizes&quot;:[]},&quot;background_motion_fx_scale_range&quot;:{&quot;unit&quot;:&quot;%&quot;,&quot;size&quot;:&quot;&quot;,&quot;sizes&quot;:{&quot;start&quot;:20,&quot;end&quot;:80}},&quot;background_motion_fx_devices&quot;:[&quot;desktop&quot;,&quot;tablet&quot;,&quot;mobile&quot;]}\">\n\t\t\t\t<div class=\"elementor-element elementor-element-57df067 elementor-widget-mobile__width-inherit dce_masking-none elementor-widget elementor-widget-image\" data-id=\"57df067\" data-element_type=\"widget\" data-widget_type=\"image.default\">\n\t\t\t\t<div class=\"elementor-widget-container\">\n\t\t\t\t\t\t\t\t\t\t\t\t\t<img loading=\"lazy\" decoding=\"async\" width=\"1223\" height=\"1500\" src=\"https:\/\/dbbalears.com\/wp-content\/uploads\/2024\/09\/noray-vell-3-botellas-dbb.webp\" class=\"attachment-full size-full wp-image-2192\" alt=\"\" srcset=\"https:\/\/dbbalears.com\/wp-content\/uploads\/2024\/09\/noray-vell-3-botellas-dbb.webp 1223w, https:\/\/dbbalears.com\/wp-content\/uploads\/2024\/09\/noray-vell-3-botellas-dbb-245x300.webp 245w, https:\/\/dbbalears.com\/wp-content\/uploads\/2024\/09\/noray-vell-3-botellas-dbb-835x1024.webp 835w, https:\/\/dbbalears.com\/wp-content\/uploads\/2024\/09\/noray-vell-3-botellas-dbb-768x942.webp 768w\" sizes=\"(max-width: 1223px) 100vw, 1223px\" \/>\t\t\t\t\t\t\t\t\t\t\t\t\t<\/div>\n\t\t\t\t<\/div>\n\t\t\t\t<\/div>\n\t\t\t\t<\/div>\n\t\t\t\t<\/div>\n\t\t\t\t<\/div>\n\t\t\t\t<\/div>\n\t\t","protected":false},"excerpt":{"rendered":"<p>Entdecken Sie ORGULL, Mallorcas \u00f6nologisches Juwel, das die Essenz eines einzigartigen Landes widerspiegelt. Dieser exklusive und limitierte Wein ist das Ergebnis einer sorgf\u00e4ltigen Auswahl autochthoner Trauben, die mit Sorgfalt in den privilegiertesten Weinbergen der Insel angebaut werden. Jede Flasche ist eine Hommage an die mallorquinische Weintradition und bietet einen authentischen Geschmack und ein unvergessliches Erlebnis [&hellip;]<\/p>\n","protected":false},"author":1,"featured_media":0,"parent":0,"menu_order":0,"comment_status":"closed","ping_status":"closed","template":"","meta":{"_acf_changed":false,"footnotes":""},"class_list":["post-1955","page","type-page","status-publish","hentry"],"acf":[],"_links":{"self":[{"href":"https:\/\/dbbalears.com\/de\/wp-json\/wp\/v2\/pages\/1955","targetHints":{"allow":["GET"]}}],"collection":[{"href":"https:\/\/dbbalears.com\/de\/wp-json\/wp\/v2\/pages"}],"about":[{"href":"https:\/\/dbbalears.com\/de\/wp-json\/wp\/v2\/types\/page"}],"author":[{"embeddable":true,"href":"https:\/\/dbbalears.com\/de\/wp-json\/wp\/v2\/users\/1"}],"replies":[{"embeddable":true,"href":"https:\/\/dbbalears.com\/de\/wp-json\/wp\/v2\/comments?post=1955"}],"version-history":[{"count":5,"href":"https:\/\/dbbalears.com\/de\/wp-json\/wp\/v2\/pages\/1955\/revisions"}],"predecessor-version":[{"id":2331,"href":"https:\/\/dbbalears.com\/de\/wp-json\/wp\/v2\/pages\/1955\/revisions\/2331"}],"wp:attachment":[{"href":"https:\/\/dbbalears.com\/de\/wp-json\/wp\/v2\/media?parent=1955"}],"curies":[{"name":"wp","href":"https:\/\/api.w.org\/{rel}","templated":true}]}}