{"id":1923,"date":"2023-10-02T12:47:50","date_gmt":"2023-10-02T10:47:50","guid":{"rendered":"https:\/\/dbbalears.com\/weinkarren-und-einige-andere\/"},"modified":"2024-06-06T18:13:17","modified_gmt":"2024-06-06T16:13:17","slug":"weinkarren-und-einige-andere","status":"publish","type":"page","link":"https:\/\/dbbalears.com\/de\/weinkarren-und-einige-andere\/","title":{"rendered":"Weinkarren und einige andere"},"content":{"rendered":"\t\t<div data-elementor-type=\"wp-page\" data-elementor-id=\"1923\" class=\"elementor elementor-1923 elementor-307\" data-elementor-post-type=\"page\">\n\t\t\t\t<div class=\"elementor-element elementor-element-3af15f0 e-con-full e-flex e-con e-parent\" data-id=\"3af15f0\" data-element_type=\"container\">\n\t\t<div class=\"elementor-element elementor-element-fb302d0 e-con-full e-flex e-con e-child\" data-id=\"fb302d0\" data-element_type=\"container\">\n\t\t<div class=\"elementor-element elementor-element-98875cb e-con-full e-flex e-con e-child\" data-id=\"98875cb\" data-element_type=\"container\" data-settings=\"{&quot;background_background&quot;:&quot;classic&quot;}\">\n\t\t<div class=\"elementor-element elementor-element-a0f5758 e-con-full e-flex e-con e-child\" data-id=\"a0f5758\" data-element_type=\"container\" data-settings=\"{&quot;background_background&quot;:&quot;classic&quot;,&quot;background_motion_fx_motion_fx_scrolling&quot;:&quot;yes&quot;,&quot;background_motion_fx_scale_effect&quot;:&quot;yes&quot;,&quot;background_motion_fx_scale_direction&quot;:&quot;out-in&quot;,&quot;background_motion_fx_scale_speed&quot;:{&quot;unit&quot;:&quot;px&quot;,&quot;size&quot;:4,&quot;sizes&quot;:[]},&quot;background_motion_fx_scale_range&quot;:{&quot;unit&quot;:&quot;%&quot;,&quot;size&quot;:&quot;&quot;,&quot;sizes&quot;:{&quot;start&quot;:20,&quot;end&quot;:80}},&quot;background_motion_fx_devices&quot;:[&quot;desktop&quot;,&quot;tablet&quot;,&quot;mobile&quot;]}\">\n\t\t\t\t<div class=\"elementor-element elementor-element-c4c15e7 elementor-widget__width-initial elementor-widget-mobile__width-auto dce_masking-none elementor-widget elementor-widget-image\" data-id=\"c4c15e7\" data-element_type=\"widget\" data-widget_type=\"image.default\">\n\t\t\t\t<div class=\"elementor-widget-container\">\n\t\t\t\t\t\t\t\t\t\t\t\t\t<img fetchpriority=\"high\" decoding=\"async\" width=\"300\" height=\"200\" src=\"https:\/\/dbbalears.com\/wp-content\/uploads\/2023\/06\/logo-carros-someres.webp\" class=\"attachment-large size-large wp-image-114\" alt=\"\" \/>\t\t\t\t\t\t\t\t\t\t\t\t\t<\/div>\n\t\t\t\t<\/div>\n\t\t\t\t<\/div>\n\t\t<div class=\"elementor-element elementor-element-79ccf0b e-con-full e-flex e-con e-child\" data-id=\"79ccf0b\" data-element_type=\"container\" data-settings=\"{&quot;background_background&quot;:&quot;classic&quot;}\">\n\t\t\t\t<div class=\"elementor-element elementor-element-3c31430 elementor-widget elementor-widget-text-editor\" data-id=\"3c31430\" data-element_type=\"widget\" data-widget_type=\"text-editor.default\">\n\t\t\t\t<div class=\"elementor-widget-container\">\n\t\t\t\t\t\t\tCarros i someres Wei\u00df, schwarz oder ros\u00e9, die drei Versionen dieses typisch mallorquinischen Weins sind eine ausgezeichnete Wahl f\u00fcr jede Situation.\n\n\nEin einzigartiger und besonderer Geschmack, mit fruchtigen Aromen und mit der Herkunftsbezeichnung Binissalem, der Sie vom ersten Schluck an \u00fcberraschen wird. Eine sichere Wette, die mit Sicherheit ein Hit am Tisch sein wird.\t\t\t\t\t\t<\/div>\n\t\t\t\t<\/div>\n\t\t\t\t<\/div>\n\t\t\t\t<\/div>\n\t\t<div class=\"elementor-element elementor-element-aa6b9dc e-con-full e-flex e-con e-child\" data-id=\"aa6b9dc\" data-element_type=\"container\" data-settings=\"{&quot;background_background&quot;:&quot;classic&quot;}\">\n\t\t<div class=\"elementor-element elementor-element-016cbe7 e-con-full e-flex e-con e-child\" data-id=\"016cbe7\" data-element_type=\"container\" data-settings=\"{&quot;background_background&quot;:&quot;classic&quot;,&quot;background_motion_fx_motion_fx_scrolling&quot;:&quot;yes&quot;,&quot;background_motion_fx_scale_effect&quot;:&quot;yes&quot;,&quot;background_motion_fx_scale_direction&quot;:&quot;out-in&quot;,&quot;background_motion_fx_scale_speed&quot;:{&quot;unit&quot;:&quot;px&quot;,&quot;size&quot;:4,&quot;sizes&quot;:[]},&quot;background_motion_fx_scale_range&quot;:{&quot;unit&quot;:&quot;%&quot;,&quot;size&quot;:&quot;&quot;,&quot;sizes&quot;:{&quot;start&quot;:20,&quot;end&quot;:80}},&quot;background_motion_fx_devices&quot;:[&quot;desktop&quot;,&quot;tablet&quot;,&quot;mobile&quot;]}\">\n\t\t\t\t<div class=\"elementor-element elementor-element-3878f92 elementor-widget-mobile__width-inherit elementor-widget__width-inherit dce_masking-none elementor-widget elementor-widget-image\" data-id=\"3878f92\" data-element_type=\"widget\" data-settings=\"{&quot;motion_fx_motion_fx_scrolling&quot;:&quot;yes&quot;,&quot;motion_fx_translateY_effect&quot;:&quot;yes&quot;,&quot;motion_fx_translateY_direction&quot;:&quot;negative&quot;,&quot;motion_fx_translateY_speed&quot;:{&quot;unit&quot;:&quot;px&quot;,&quot;size&quot;:3,&quot;sizes&quot;:[]},&quot;motion_fx_devices&quot;:[&quot;desktop&quot;,&quot;tablet&quot;],&quot;motion_fx_translateY_affectedRange&quot;:{&quot;unit&quot;:&quot;%&quot;,&quot;size&quot;:&quot;&quot;,&quot;sizes&quot;:{&quot;start&quot;:0,&quot;end&quot;:100}}}\" data-widget_type=\"image.default\">\n\t\t\t\t<div class=\"elementor-widget-container\">\n\t\t\t\t\t\t\t\t\t\t\t\t\t<img decoding=\"async\" width=\"653\" height=\"557\" src=\"https:\/\/dbbalears.com\/wp-content\/uploads\/2024\/01\/classic-carros-someres.png\" class=\"attachment-full size-full wp-image-720\" alt=\"\" srcset=\"https:\/\/dbbalears.com\/wp-content\/uploads\/2024\/01\/classic-carros-someres.png 653w, https:\/\/dbbalears.com\/wp-content\/uploads\/2024\/01\/classic-carros-someres-300x256.png 300w\" sizes=\"(max-width: 653px) 100vw, 653px\" \/>\t\t\t\t\t\t\t\t\t\t\t\t\t<\/div>\n\t\t\t\t<\/div>\n\t\t\t\t<div class=\"elementor-element elementor-element-a49253c elementor-widget elementor-widget-text-editor\" data-id=\"a49253c\" data-element_type=\"widget\" data-widget_type=\"text-editor.default\">\n\t\t\t\t<div class=\"elementor-widget-container\">\n\t\t\t\t\t\t\t<p><strong><br \/>Carros i someres Wei\u00dfer<\/strong>Chardonnay, Sauvignon, Malvasia und Gir\u00f3 Ros.<strong><\/strong><br \/><strong>Carros i someres Tinto<\/strong><br \/>Manto Negro, Merlot, Syrah und Callet.<br \/><strong>Carros i someres Rosado<\/strong><br \/>Syrah, Callet, Merlot, Cabernet Sauvignon und Manto Negro.<br \/><strong>Rebsorten<\/strong><br \/>Carros i someres Wei\u00df 100% Sauvignon<br \/>Carros i someres Rotwein 100% Merlot<br \/>Carros i someres Wei\u00df 100% Chardonnay<br \/>Carros i someres Wei\u00df 100% Prensal Blanc<\/p>\n\t\t\t\t\t\t<\/div>\n\t\t\t\t<\/div>\n\t\t\t\t<\/div>\n\t\t<div class=\"elementor-element elementor-element-e393ebb e-con-full e-flex e-con e-child\" data-id=\"e393ebb\" data-element_type=\"container\" data-settings=\"{&quot;background_background&quot;:&quot;classic&quot;}\">\n\t\t\t\t<div class=\"elementor-element elementor-element-1a4c247 elementor-widget-mobile__width-initial dce_masking-none elementor-widget elementor-widget-image\" data-id=\"1a4c247\" data-element_type=\"widget\" data-widget_type=\"image.default\">\n\t\t\t\t<div class=\"elementor-widget-container\">\n\t\t\t\t\t\t\t\t\t\t\t\t\t<img fetchpriority=\"high\" decoding=\"async\" width=\"300\" height=\"200\" src=\"https:\/\/dbbalears.com\/wp-content\/uploads\/2023\/06\/logo-carros-someres.webp\" class=\"attachment-large size-large wp-image-114\" alt=\"\" \/>\t\t\t\t\t\t\t\t\t\t\t\t\t<\/div>\n\t\t\t\t<\/div>\n\t\t\t\t<div class=\"elementor-element elementor-element-4718e6b dce_masking-none elementor-widget elementor-widget-image\" data-id=\"4718e6b\" data-element_type=\"widget\" data-widget_type=\"image.default\">\n\t\t\t\t<div class=\"elementor-widget-container\">\n\t\t\t\t\t\t\t\t\t\t\t\t\t<img decoding=\"async\" width=\"150\" height=\"60\" src=\"https:\/\/dbbalears.com\/wp-content\/uploads\/2024\/01\/classic.png\" class=\"attachment-large size-large wp-image-721\" alt=\"\" \/>\t\t\t\t\t\t\t\t\t\t\t\t\t<\/div>\n\t\t\t\t<\/div>\n\t\t\t\t<div class=\"elementor-element elementor-element-730142e elementor-widget-mobile__width-inherit elementor-absolute dce_masking-none elementor-widget elementor-widget-image\" data-id=\"730142e\" data-element_type=\"widget\" data-settings=\"{&quot;_position&quot;:&quot;absolute&quot;}\" data-widget_type=\"image.default\">\n\t\t\t\t<div class=\"elementor-widget-container\">\n\t\t\t\t\t\t\t\t\t\t\t\t\t<img loading=\"lazy\" decoding=\"async\" width=\"601\" height=\"714\" src=\"https:\/\/dbbalears.com\/wp-content\/uploads\/2024\/01\/logo-carros.webp\" class=\"attachment-large size-large wp-image-718\" alt=\"\" srcset=\"https:\/\/dbbalears.com\/wp-content\/uploads\/2024\/01\/logo-carros.webp 601w, https:\/\/dbbalears.com\/wp-content\/uploads\/2024\/01\/logo-carros-253x300.webp 253w\" sizes=\"(max-width: 601px) 100vw, 601px\" \/>\t\t\t\t\t\t\t\t\t\t\t\t\t<\/div>\n\t\t\t\t<\/div>\n\t\t\t\t<\/div>\n\t\t\t\t<\/div>\n\t\t<div class=\"elementor-element elementor-element-a8db98b e-con-full e-flex e-con e-child\" data-id=\"a8db98b\" data-element_type=\"container\" data-settings=\"{&quot;background_background&quot;:&quot;classic&quot;}\">\n\t\t<div class=\"elementor-element elementor-element-1a5e848 e-con-full e-flex e-con e-child\" data-id=\"1a5e848\" data-element_type=\"container\" data-settings=\"{&quot;background_background&quot;:&quot;classic&quot;,&quot;background_motion_fx_motion_fx_scrolling&quot;:&quot;yes&quot;,&quot;background_motion_fx_scale_effect&quot;:&quot;yes&quot;,&quot;background_motion_fx_scale_direction&quot;:&quot;out-in&quot;,&quot;background_motion_fx_scale_speed&quot;:{&quot;unit&quot;:&quot;px&quot;,&quot;size&quot;:4,&quot;sizes&quot;:[]},&quot;background_motion_fx_scale_range&quot;:{&quot;unit&quot;:&quot;%&quot;,&quot;size&quot;:&quot;&quot;,&quot;sizes&quot;:{&quot;start&quot;:20,&quot;end&quot;:80}},&quot;background_motion_fx_devices&quot;:[&quot;desktop&quot;,&quot;tablet&quot;,&quot;mobile&quot;]}\">\n\t\t\t\t<div class=\"elementor-element elementor-element-729524e elementor-widget-mobile__width-inherit elementor-hidden-mobile dce_masking-none elementor-widget elementor-widget-image\" data-id=\"729524e\" data-element_type=\"widget\" data-widget_type=\"image.default\">\n\t\t\t\t<div class=\"elementor-widget-container\">\n\t\t\t\t\t\t\t\t\t\t\t\t\t<img loading=\"lazy\" decoding=\"async\" width=\"577\" height=\"562\" src=\"https:\/\/dbbalears.com\/wp-content\/uploads\/2023\/06\/land-cs-05.jpg\" class=\"attachment-large size-large wp-image-68\" alt=\"\" srcset=\"https:\/\/dbbalears.com\/wp-content\/uploads\/2023\/06\/land-cs-05.jpg 577w, https:\/\/dbbalears.com\/wp-content\/uploads\/2023\/06\/land-cs-05-300x292.jpg 300w\" sizes=\"(max-width: 577px) 100vw, 577px\" \/>\t\t\t\t\t\t\t\t\t\t\t\t\t<\/div>\n\t\t\t\t<\/div>\n\t\t\t\t<\/div>\n\t\t<div class=\"elementor-element elementor-element-80d078a e-con-full e-flex e-con e-child\" data-id=\"80d078a\" data-element_type=\"container\" data-settings=\"{&quot;background_background&quot;:&quot;classic&quot;}\">\n\t\t\t\t<div class=\"elementor-element elementor-element-52f8e9c elementor-widget-mobile__width-inherit elementor-widget__width-inherit dce_masking-none elementor-widget elementor-widget-image\" data-id=\"52f8e9c\" data-element_type=\"widget\" data-settings=\"{&quot;motion_fx_motion_fx_scrolling&quot;:&quot;yes&quot;,&quot;motion_fx_translateY_effect&quot;:&quot;yes&quot;,&quot;motion_fx_translateY_direction&quot;:&quot;negative&quot;,&quot;motion_fx_translateY_speed&quot;:{&quot;unit&quot;:&quot;px&quot;,&quot;size&quot;:3,&quot;sizes&quot;:[]},&quot;motion_fx_devices&quot;:[&quot;desktop&quot;,&quot;tablet&quot;],&quot;motion_fx_translateY_affectedRange&quot;:{&quot;unit&quot;:&quot;%&quot;,&quot;size&quot;:&quot;&quot;,&quot;sizes&quot;:{&quot;start&quot;:0,&quot;end&quot;:100}}}\" data-widget_type=\"image.default\">\n\t\t\t\t<div class=\"elementor-widget-container\">\n\t\t\t\t\t\t\t\t\t\t\t\t\t<img loading=\"lazy\" decoding=\"async\" width=\"805\" height=\"588\" src=\"https:\/\/dbbalears.com\/wp-content\/uploads\/2024\/01\/carros-someres-web-e1706539392990.png\" class=\"attachment-full size-full wp-image-719\" alt=\"\" srcset=\"https:\/\/dbbalears.com\/wp-content\/uploads\/2024\/01\/carros-someres-web-e1706539392990.png 805w, https:\/\/dbbalears.com\/wp-content\/uploads\/2024\/01\/carros-someres-web-e1706539392990-300x219.png 300w, https:\/\/dbbalears.com\/wp-content\/uploads\/2024\/01\/carros-someres-web-e1706539392990-768x561.png 768w\" sizes=\"(max-width: 805px) 100vw, 805px\" \/>\t\t\t\t\t\t\t\t\t\t\t\t\t<\/div>\n\t\t\t\t<\/div>\n\t\t\t\t<\/div>\n\t\t\t\t<\/div>\n\t\t\t\t<\/div>\n\t\t\t\t<\/div>\n\t\t<div class=\"elementor-element elementor-element-3ee67c6 e-con-full e-flex e-con e-parent\" data-id=\"3ee67c6\" data-element_type=\"container\">\n\t\t<div data-dce-background-image-url=\"https:\/\/dbbalears.com\/wp-content\/uploads\/2023\/08\/retruc-dbb.png\" class=\"elementor-element elementor-element-d5f9732 e-con-full e-flex e-con e-child\" data-id=\"d5f9732\" data-element_type=\"container\" data-settings=\"{&quot;background_background&quot;:&quot;classic&quot;}\">\n\t\t\t\t<div data-dce-background-color=\"#FFFFFF00\" class=\"elementor-element elementor-element-0a6b6a4 elementor-align-right elementor-widget-mobile__width-inherit elementor-absolute elementor-widget elementor-widget-button\" data-id=\"0a6b6a4\" data-element_type=\"widget\" data-settings=\"{&quot;_position&quot;:&quot;absolute&quot;}\" data-widget_type=\"button.default\">\n\t\t\t\t<div class=\"elementor-widget-container\">\n\t\t\t\t\t<div class=\"elementor-button-wrapper\">\n\t\t\t<a class=\"elementor-button elementor-button-link elementor-size-sm\" href=\"https:\/\/dbbalears.com\/de\/hierbas-mallorquinas-retruc\/\">\n\t\t\t\t\t\t<span class=\"elementor-button-content-wrapper\">\n\t\t\t\t\t\t<span class=\"elementor-button-icon\">\n\t\t\t\t<i aria-hidden=\"true\" class=\"fas fa-arrow-right\"><\/i>\t\t\t<\/span>\n\t\t\t\t\t\t\t\t\t<span class=\"elementor-button-text\">MEHR SEHEN<\/span>\n\t\t\t\t\t<\/span>\n\t\t\t\t\t<\/a>\n\t\t<\/div>\n\t\t\t\t<\/div>\n\t\t\t\t<\/div>\n\t\t\t\t<\/div>\n\t\t<div class=\"elementor-element elementor-element-e491f81 e-con-full e-flex e-con e-child\" data-id=\"e491f81\" data-element_type=\"container\">\n\t\t<div class=\"elementor-element elementor-element-6aed40b e-con-full e-flex e-con e-child\" data-id=\"6aed40b\" data-element_type=\"container\">\n\t\t\t\t<div class=\"elementor-element elementor-element-2a7ef93 elementor-widget-mobile__width-inherit elementor-widget elementor-widget-text-editor\" data-id=\"2a7ef93\" data-element_type=\"widget\" data-widget_type=\"text-editor.default\">\n\t\t\t\t<div class=\"elementor-widget-container\">\n\t\t\t\t\t\t\t<p>Es ist kurz nach drei Uhr, wir haben gerade gegessen und unterhalten uns nach dem Essen. Eine Partie &#8222;truc&#8220; mit Freunden, ein Kaffee und ein paar Kr\u00e4uter on the rocks (oder alleine). Das Spiel wird lebhaft &#8222;truc!&#8220; sagen sie, &#8222;truc, dann!&#8220;<\/p>\n\t\t\t\t\t\t<\/div>\n\t\t\t\t<\/div>\n\t\t\t\t<\/div>\n\t\t<div class=\"elementor-element elementor-element-2b54254 e-flex e-con-boxed e-con e-child\" data-id=\"2b54254\" data-element_type=\"container\">\n\t\t\t\t\t<div class=\"e-con-inner\">\n\t\t\t\t<div class=\"elementor-element elementor-element-350d918 elementor-widget-mobile__width-inherit dce_masking-none elementor-widget elementor-widget-image\" data-id=\"350d918\" data-element_type=\"widget\" data-widget_type=\"image.default\">\n\t\t\t\t<div class=\"elementor-widget-container\">\n\t\t\t\t\t\t\t\t\t\t\t\t\t\t<a href=\"https:\/\/dbbalears.com\/de\/hierbas-mallorquinas-retruc\/\">\n\t\t\t\t\t\t\t<img loading=\"lazy\" decoding=\"async\" width=\"1\" height=\"1\" src=\"https:\/\/dbbalears.com\/wp-content\/uploads\/2023\/08\/logo-retruc.svg\" class=\"attachment-large size-large wp-image-232\" alt=\"\" \/>\t\t\t\t\t\t\t\t<\/a>\n\t\t\t\t\t\t\t\t\t\t\t\t\t<\/div>\n\t\t\t\t<\/div>\n\t\t\t\t\t<\/div>\n\t\t\t\t<\/div>\n\t\t\t\t<\/div>\n\t\t\t\t<\/div>\n\t\t\t\t<\/div>\n\t\t","protected":false},"excerpt":{"rendered":"<p>Carros i someres Wei\u00df, schwarz oder ros\u00e9, die drei Versionen dieses typisch mallorquinischen Weins sind eine ausgezeichnete Wahl f\u00fcr jede Situation. Ein einzigartiger und besonderer Geschmack, mit fruchtigen Aromen und mit der Herkunftsbezeichnung Binissalem, der Sie vom ersten Schluck an \u00fcberraschen wird. Eine sichere Wette, die mit Sicherheit ein Hit am Tisch sein wird. Carros [&hellip;]<\/p>\n","protected":false},"author":1,"featured_media":0,"parent":0,"menu_order":0,"comment_status":"closed","ping_status":"closed","template":"","meta":{"_acf_changed":false,"footnotes":""},"class_list":["post-1923","page","type-page","status-publish","hentry"],"acf":[],"_links":{"self":[{"href":"https:\/\/dbbalears.com\/de\/wp-json\/wp\/v2\/pages\/1923","targetHints":{"allow":["GET"]}}],"collection":[{"href":"https:\/\/dbbalears.com\/de\/wp-json\/wp\/v2\/pages"}],"about":[{"href":"https:\/\/dbbalears.com\/de\/wp-json\/wp\/v2\/types\/page"}],"author":[{"embeddable":true,"href":"https:\/\/dbbalears.com\/de\/wp-json\/wp\/v2\/users\/1"}],"replies":[{"embeddable":true,"href":"https:\/\/dbbalears.com\/de\/wp-json\/wp\/v2\/comments?post=1923"}],"version-history":[{"count":2,"href":"https:\/\/dbbalears.com\/de\/wp-json\/wp\/v2\/pages\/1923\/revisions"}],"predecessor-version":[{"id":1929,"href":"https:\/\/dbbalears.com\/de\/wp-json\/wp\/v2\/pages\/1923\/revisions\/1929"}],"wp:attachment":[{"href":"https:\/\/dbbalears.com\/de\/wp-json\/wp\/v2\/media?parent=1923"}],"curies":[{"name":"wp","href":"https:\/\/api.w.org\/{rel}","templated":true}]}}