{"id":1899,"date":"2024-02-13T11:41:23","date_gmt":"2024-02-13T10:41:23","guid":{"rendered":"https:\/\/dbbalears.com\/cafe-anxi\/"},"modified":"2024-06-06T18:12:36","modified_gmt":"2024-06-06T16:12:36","slug":"cafe-anxi","status":"publish","type":"page","link":"https:\/\/dbbalears.com\/de\/cafe-anxi\/","title":{"rendered":"Cafe-Anxi"},"content":{"rendered":"\t\t<div data-elementor-type=\"wp-page\" data-elementor-id=\"1899\" class=\"elementor elementor-1899 elementor-854\" data-elementor-post-type=\"page\">\n\t\t\t\t<div class=\"elementor-element elementor-element-470e3fc e-con-full e-flex e-con e-parent\" data-id=\"470e3fc\" data-element_type=\"container\">\n\t\t<div class=\"elementor-element elementor-element-cc6b038 e-con-full e-flex e-con e-child\" data-id=\"cc6b038\" data-element_type=\"container\">\n\t\t<div class=\"elementor-element elementor-element-35d7957 e-con-full e-flex e-con e-child\" data-id=\"35d7957\" data-element_type=\"container\" data-settings=\"{&quot;background_background&quot;:&quot;classic&quot;}\">\n\t\t<div class=\"elementor-element elementor-element-6533efd e-con-full e-flex e-con e-child\" data-id=\"6533efd\" data-element_type=\"container\" data-settings=\"{&quot;background_background&quot;:&quot;classic&quot;}\">\n\t\t\t\t<div class=\"elementor-element elementor-element-d313fc5 elementor-widget__width-initial elementor-widget-mobile__width-inherit dce_masking-none elementor-widget elementor-widget-image\" data-id=\"d313fc5\" data-element_type=\"widget\" data-widget_type=\"image.default\">\n\t\t\t\t<div class=\"elementor-widget-container\">\n\t\t\t\t\t\t\t\t\t\t\t\t\t<img fetchpriority=\"high\" decoding=\"async\" width=\"400\" height=\"300\" src=\"https:\/\/dbbalears.com\/wp-content\/uploads\/2024\/02\/anxi-logo.png\" class=\"attachment-large size-large wp-image-856\" alt=\"\" srcset=\"https:\/\/dbbalears.com\/wp-content\/uploads\/2024\/02\/anxi-logo.png 400w, https:\/\/dbbalears.com\/wp-content\/uploads\/2024\/02\/anxi-logo-300x225.png 300w\" sizes=\"(max-width: 400px) 100vw, 400px\" \/>\t\t\t\t\t\t\t\t\t\t\t\t\t<\/div>\n\t\t\t\t<\/div>\n\t\t\t\t<div class=\"elementor-element elementor-element-ef31c2b elementor-widget elementor-widget-text-editor\" data-id=\"ef31c2b\" data-element_type=\"widget\" data-widget_type=\"text-editor.default\">\n\t\t\t\t<div class=\"elementor-widget-container\">\n\t\t\t\t\t\t\t<h3><span style=\"font-family: var( --e-global-typography-text-font-family ), Sans-serif; text-align: var(--text-align); background-color: var( --e-global-color-82de0f0 );\"><b>PREMIUM KAFFEE<\/b><\/span><\/h3>\n<h3><span style=\"font-family: var( --e-global-typography-text-font-family ), Sans-serif; font-size: var( --e-global-typography-text-font-size ); font-weight: var( --e-global-typography-text-font-weight ); text-align: var(--text-align); background-color: var( --e-global-color-82de0f0 );\">Der beste Kaffee, ausgew\u00e4hlt von den sachkundigsten und sorgf\u00e4ltigsten H\u00e4nden, die Kaffee haben kann.<\/span><\/h3>\n<p>Eine einzigartige und originelle Kaffeemischung, die auch die anspruchsvollsten Gaumen begeistern wird.<\/p>\n\t\t\t\t\t\t<\/div>\n\t\t\t\t<\/div>\n\t\t\t\t<\/div>\n\t\t<div class=\"elementor-element elementor-element-11ab1bd e-con-full e-flex e-con e-child\" data-id=\"11ab1bd\" data-element_type=\"container\" data-settings=\"{&quot;background_background&quot;:&quot;classic&quot;,&quot;background_motion_fx_motion_fx_scrolling&quot;:&quot;yes&quot;,&quot;background_motion_fx_scale_effect&quot;:&quot;yes&quot;,&quot;background_motion_fx_scale_direction&quot;:&quot;out-in&quot;,&quot;background_motion_fx_scale_speed&quot;:{&quot;unit&quot;:&quot;px&quot;,&quot;size&quot;:4,&quot;sizes&quot;:[]},&quot;background_motion_fx_scale_range&quot;:{&quot;unit&quot;:&quot;%&quot;,&quot;size&quot;:&quot;&quot;,&quot;sizes&quot;:{&quot;start&quot;:20,&quot;end&quot;:80}},&quot;background_motion_fx_devices&quot;:[&quot;desktop&quot;,&quot;tablet&quot;,&quot;mobile&quot;]}\">\n\t\t\t\t<div class=\"elementor-element elementor-element-61a73ca dce_masking-none elementor-widget elementor-widget-image\" data-id=\"61a73ca\" data-element_type=\"widget\" data-widget_type=\"image.default\">\n\t\t\t\t<div class=\"elementor-widget-container\">\n\t\t\t\t\t\t\t\t\t\t\t\t\t<img decoding=\"async\" width=\"313\" height=\"326\" src=\"https:\/\/dbbalears.com\/wp-content\/uploads\/2024\/03\/anxi-premium-coffee-e1711099289153.png\" class=\"attachment-large size-large wp-image-944\" alt=\"\" srcset=\"https:\/\/dbbalears.com\/wp-content\/uploads\/2024\/03\/anxi-premium-coffee-e1711099289153.png 313w, https:\/\/dbbalears.com\/wp-content\/uploads\/2024\/03\/anxi-premium-coffee-e1711099289153-288x300.png 288w\" sizes=\"(max-width: 313px) 100vw, 313px\" \/>\t\t\t\t\t\t\t\t\t\t\t\t\t<\/div>\n\t\t\t\t<\/div>\n\t\t\t\t<div class=\"elementor-element elementor-element-999dc77 dce_masking-none elementor-widget elementor-widget-image\" data-id=\"999dc77\" data-element_type=\"widget\" data-settings=\"{&quot;motion_fx_motion_fx_scrolling&quot;:&quot;yes&quot;,&quot;motion_fx_translateY_effect&quot;:&quot;yes&quot;,&quot;motion_fx_translateY_direction&quot;:&quot;negative&quot;,&quot;motion_fx_translateY_speed&quot;:{&quot;unit&quot;:&quot;px&quot;,&quot;size&quot;:3,&quot;sizes&quot;:[]},&quot;motion_fx_devices&quot;:[&quot;desktop&quot;,&quot;tablet&quot;],&quot;motion_fx_translateY_affectedRange&quot;:{&quot;unit&quot;:&quot;%&quot;,&quot;size&quot;:&quot;&quot;,&quot;sizes&quot;:{&quot;start&quot;:0,&quot;end&quot;:100}}}\" data-widget_type=\"image.default\">\n\t\t\t\t<div class=\"elementor-widget-container\">\n\t\t\t\t\t\t\t\t\t\t\t\t\t<img decoding=\"async\" width=\"1200\" height=\"800\" src=\"https:\/\/dbbalears.com\/wp-content\/uploads\/2024\/02\/cafes-anxi.png\" class=\"attachment-full size-full wp-image-859\" alt=\"\" srcset=\"https:\/\/dbbalears.com\/wp-content\/uploads\/2024\/02\/cafes-anxi.png 1200w, https:\/\/dbbalears.com\/wp-content\/uploads\/2024\/02\/cafes-anxi-300x200.png 300w, https:\/\/dbbalears.com\/wp-content\/uploads\/2024\/02\/cafes-anxi-1024x683.png 1024w, https:\/\/dbbalears.com\/wp-content\/uploads\/2024\/02\/cafes-anxi-768x512.png 768w\" sizes=\"(max-width: 1200px) 100vw, 1200px\" \/>\t\t\t\t\t\t\t\t\t\t\t\t\t<\/div>\n\t\t\t\t<\/div>\n\t\t\t\t<\/div>\n\t\t\t\t<\/div>\n\t\t\t\t<\/div>\n\t\t\t\t<\/div>\n\t\t<div class=\"elementor-element elementor-element-6b21056 e-con-full e-flex e-con e-parent\" data-id=\"6b21056\" data-element_type=\"container\">\n\t\t<div class=\"elementor-element elementor-element-2315948 e-con-full e-flex e-con e-child\" data-id=\"2315948\" data-element_type=\"container\">\n\t\t\t\t<div class=\"elementor-element elementor-element-00afba9 dce_masking-none elementor-widget elementor-widget-image\" data-id=\"00afba9\" data-element_type=\"widget\" data-widget_type=\"image.default\">\n\t\t\t\t<div class=\"elementor-widget-container\">\n\t\t\t\t\t\t\t\t\t\t\t\t\t<img loading=\"lazy\" decoding=\"async\" width=\"400\" height=\"900\" src=\"https:\/\/dbbalears.com\/wp-content\/uploads\/2024\/02\/cafe-negro-anxi.png\" class=\"attachment-large size-large wp-image-858\" alt=\"\" srcset=\"https:\/\/dbbalears.com\/wp-content\/uploads\/2024\/02\/cafe-negro-anxi.png 400w, https:\/\/dbbalears.com\/wp-content\/uploads\/2024\/02\/cafe-negro-anxi-133x300.png 133w\" sizes=\"(max-width: 400px) 100vw, 400px\" \/>\t\t\t\t\t\t\t\t\t\t\t\t\t<\/div>\n\t\t\t\t<\/div>\n\t\t\t\t<\/div>\n\t\t<div class=\"elementor-element elementor-element-33f2a56 e-con-full e-flex e-con e-child\" data-id=\"33f2a56\" data-element_type=\"container\">\n\t\t\t\t<div class=\"elementor-element elementor-element-ff15394 dce_masking-none elementor-widget elementor-widget-image\" data-id=\"ff15394\" data-element_type=\"widget\" data-widget_type=\"image.default\">\n\t\t\t\t<div class=\"elementor-widget-container\">\n\t\t\t\t\t\t\t\t\t\t\t\t\t<img loading=\"lazy\" decoding=\"async\" width=\"400\" height=\"900\" src=\"https:\/\/dbbalears.com\/wp-content\/uploads\/2024\/02\/cafe-descafeinado-anxi.png\" class=\"attachment-large size-large wp-image-857\" alt=\"\" srcset=\"https:\/\/dbbalears.com\/wp-content\/uploads\/2024\/02\/cafe-descafeinado-anxi.png 400w, https:\/\/dbbalears.com\/wp-content\/uploads\/2024\/02\/cafe-descafeinado-anxi-133x300.png 133w\" sizes=\"(max-width: 400px) 100vw, 400px\" \/>\t\t\t\t\t\t\t\t\t\t\t\t\t<\/div>\n\t\t\t\t<\/div>\n\t\t\t\t<\/div>\n\t\t\t\t<\/div>\n\t\t<div class=\"elementor-element elementor-element-129dc66 e-con-full e-flex e-con e-parent\" data-id=\"129dc66\" data-element_type=\"container\">\n\t\t<div data-dce-background-image-url=\"https:\/\/dbbalears.com\/wp-content\/uploads\/2024\/02\/retruc-hierbas.jpeg\" class=\"elementor-element elementor-element-18bebcd e-con-full e-flex e-con e-child\" data-id=\"18bebcd\" data-element_type=\"container\" data-settings=\"{&quot;background_background&quot;:&quot;classic&quot;}\">\n\t\t\t\t<div data-dce-background-color=\"#FFFFFF00\" class=\"elementor-element elementor-element-1867ee2 elementor-align-right elementor-widget-mobile__width-inherit elementor-absolute elementor-widget elementor-widget-button\" data-id=\"1867ee2\" data-element_type=\"widget\" data-settings=\"{&quot;_position&quot;:&quot;absolute&quot;}\" data-widget_type=\"button.default\">\n\t\t\t\t<div class=\"elementor-widget-container\">\n\t\t\t\t\t<div class=\"elementor-button-wrapper\">\n\t\t\t<a class=\"elementor-button elementor-button-link elementor-size-sm\" href=\"https:\/\/dbbalears.com\/hierbas-mallorquinas-retruc\/\">\n\t\t\t\t\t\t<span class=\"elementor-button-content-wrapper\">\n\t\t\t\t\t\t<span class=\"elementor-button-icon\">\n\t\t\t\t<i aria-hidden=\"true\" class=\"fas fa-arrow-right\"><\/i>\t\t\t<\/span>\n\t\t\t\t\t\t\t\t\t<span class=\"elementor-button-text\">MEHR SEHEN<\/span>\n\t\t\t\t\t<\/span>\n\t\t\t\t\t<\/a>\n\t\t<\/div>\n\t\t\t\t<\/div>\n\t\t\t\t<\/div>\n\t\t\t\t<\/div>\n\t\t<div class=\"elementor-element elementor-element-6677c6c e-con-full e-flex e-con e-child\" data-id=\"6677c6c\" data-element_type=\"container\">\n\t\t<div class=\"elementor-element elementor-element-0e8394e e-con-full e-flex e-con e-child\" data-id=\"0e8394e\" data-element_type=\"container\">\n\t\t\t\t<div class=\"elementor-element elementor-element-0687101 elementor-widget-mobile__width-inherit dce_masking-none elementor-widget elementor-widget-image\" data-id=\"0687101\" data-element_type=\"widget\" data-widget_type=\"image.default\">\n\t\t\t\t<div class=\"elementor-widget-container\">\n\t\t\t\t\t\t\t\t\t\t\t\t\t\t<a href=\"https:\/\/dbbalears.com\/hierbas-mallorquinas-retruc\/\">\n\t\t\t\t\t\t\t<img loading=\"lazy\" decoding=\"async\" width=\"1\" height=\"1\" src=\"https:\/\/dbbalears.com\/wp-content\/uploads\/2023\/08\/logo-retruc.svg\" class=\"attachment-large size-large wp-image-232\" alt=\"\" \/>\t\t\t\t\t\t\t\t<\/a>\n\t\t\t\t\t\t\t\t\t\t\t\t\t<\/div>\n\t\t\t\t<\/div>\n\t\t\t\t<div class=\"elementor-element elementor-element-137a16f elementor-widget-mobile__width-inherit elementor-widget elementor-widget-text-editor\" data-id=\"137a16f\" data-element_type=\"widget\" data-widget_type=\"text-editor.default\">\n\t\t\t\t<div class=\"elementor-widget-container\">\n\t\t\t\t\t\t\t<p>Es ist kurz nach drei Uhr, wir haben gerade gegessen und unterhalten uns nach dem Essen. Eine Partie &#8222;truc&#8220; mit Freunden, ein Kaffee und ein paar Kr\u00e4uter on the rocks (oder alleine). Das Spiel wird lebhaft &#8222;truc!&#8220; sagen sie, &#8222;truc, dann!&#8220;<\/p>\n\t\t\t\t\t\t<\/div>\n\t\t\t\t<\/div>\n\t\t\t\t<\/div>\n\t\t<div class=\"elementor-element elementor-element-1c33460 elementor-hidden-mobile e-flex e-con-boxed e-con e-child\" data-id=\"1c33460\" data-element_type=\"container\">\n\t\t\t\t\t<div class=\"e-con-inner\">\n\t\t\t\t\t<\/div>\n\t\t\t\t<\/div>\n\t\t\t\t<\/div>\n\t\t\t\t<\/div>\n\t\t\t\t<\/div>\n\t\t","protected":false},"excerpt":{"rendered":"<p>PREMIUM KAFFEE Der beste Kaffee, ausgew\u00e4hlt von den sachkundigsten und sorgf\u00e4ltigsten H\u00e4nden, die Kaffee haben kann. Eine einzigartige und originelle Kaffeemischung, die auch die anspruchsvollsten Gaumen begeistern wird. MEHR SEHEN Es ist kurz nach drei Uhr, wir haben gerade gegessen und unterhalten uns nach dem Essen. Eine Partie &#8222;truc&#8220; mit Freunden, ein Kaffee und ein [&hellip;]<\/p>\n","protected":false},"author":1,"featured_media":0,"parent":0,"menu_order":0,"comment_status":"closed","ping_status":"closed","template":"","meta":{"_acf_changed":false,"footnotes":""},"class_list":["post-1899","page","type-page","status-publish","hentry"],"acf":[],"_links":{"self":[{"href":"https:\/\/dbbalears.com\/de\/wp-json\/wp\/v2\/pages\/1899","targetHints":{"allow":["GET"]}}],"collection":[{"href":"https:\/\/dbbalears.com\/de\/wp-json\/wp\/v2\/pages"}],"about":[{"href":"https:\/\/dbbalears.com\/de\/wp-json\/wp\/v2\/types\/page"}],"author":[{"embeddable":true,"href":"https:\/\/dbbalears.com\/de\/wp-json\/wp\/v2\/users\/1"}],"replies":[{"embeddable":true,"href":"https:\/\/dbbalears.com\/de\/wp-json\/wp\/v2\/comments?post=1899"}],"version-history":[{"count":1,"href":"https:\/\/dbbalears.com\/de\/wp-json\/wp\/v2\/pages\/1899\/revisions"}],"predecessor-version":[{"id":1905,"href":"https:\/\/dbbalears.com\/de\/wp-json\/wp\/v2\/pages\/1899\/revisions\/1905"}],"wp:attachment":[{"href":"https:\/\/dbbalears.com\/de\/wp-json\/wp\/v2\/media?parent=1899"}],"curies":[{"name":"wp","href":"https:\/\/api.w.org\/{rel}","templated":true}]}}