{"id":2026,"date":"2024-06-06T18:38:57","date_gmt":"2024-06-06T16:38:57","guid":{"rendered":"https:\/\/dbbalears.com\/avis-legal\/"},"modified":"2024-06-06T18:39:23","modified_gmt":"2024-06-06T16:39:23","slug":"avis-legal","status":"publish","type":"page","link":"https:\/\/dbbalears.com\/ca\/avis-legal\/","title":{"rendered":"Av\u00eds Legal"},"content":{"rendered":"\n<p>Aquesta p\u00e0gina web ofereix informaci\u00f3 sobre l&#8217;espai i els serveis de DBB Distribu\u00efdora de Begudes de Balears, ara endavant el propietari. L&#8217;acc\u00e9s a la web https:\/\/dbbalears.com us atribueix la condici\u00f3 d&#8217;USUARI i implica la seva acceptaci\u00f3 plena i sense reserva, des d&#8217;aquest acc\u00e9s, d&#8217;aquesta nota legal. Per aix\u00f2, aconsellem que procediu a la lectura d&#8217;aquest document, abans d&#8217;utilitzar les funcionalitats ofertes per aquest lloc web, aix\u00ed com cada vegada que hi accediu, ja que ens reservem el dret de canviar, modificar, afegir o eliminar en qualsevol moment part daquestes condicions.<\/p>\n\n<p>El mer acc\u00e9s a la p\u00e0gina no suposa en cap cas l\u201fexist\u00e8ncia d\u201funa relaci\u00f3 comercial entre l\u201fusuari i la web.<\/p>\n\n<p>I. TITULAR DEL WEB<\/p>\n\n<p>Als efectes del que preveu l&#8217;Art. 10 de la Llei 34\/2002, d&#8217;11 de juliol, de Serveis de la Societat de la Informaci\u00f3 i de Comer\u00e7 Electr\u00f2nic, es proporciona la informaci\u00f3 seg\u00fcent sobre la titular d&#8217;aquesta Web:<\/p>\n\n<p>\u2013 Titular de la Web: DISTRIBU\u00cfDORA DE BEGUDES DE BALEARS, SL<\/p>\n\n<p>\u2013 Domicili social: Carrer Gremi de Boters, 34 07009 (Palma), Espanya<\/p>\n\n<p>\u2013 CIF: B16653289<\/p>\n\n<p>A m\u00e9s del domicili social, es posa a disposici\u00f3 dels usuaris els canals seg\u00fcents per dirigir les seves peticions, q\u00fcestions o reclamacions:<\/p>\n\n<p>Formulari de contacte de la web<\/p>\n\n<p>\u2013 Tel. +34 971 020 015<\/p>\n\n<p>xim(a)dbbalears.comm (substitu\u00efu \u201ca\u201d per \u201c@\u201d)<\/p>\n\n<p>II. POL\u00cdTICA DE PRIVACITAT<\/p>\n\n<p>Als efectes del que preveu el Reglament (UE) 2016\/679 del Parlament Europeu i del Consell de 27 d&#8217;abril de 2016 (d&#8217;ara endavant, RGPD), relatiu a la protecci\u00f3 de les persones f\u00edsiques pel que fa al tractament de dades personals i lliure circulaci\u00f3 d&#8217;aquestes dades se us informa que les dades personals que es recullen en aquesta Web seran incorporades a fitxers la responsabilitat dels quals recau sobre el propietari i seran tractats per a la utilitzaci\u00f3 de les eines d&#8217;administraci\u00f3, tramitar les vostres sol\u00b7licituds, atendre els vostres suggeriments o queixes, aix\u00ed com per millorar la qualitat de la web i dels nostres serveis. De manera general, s&#8217;informa que els camps dels formularis de la web assenyalats com a obligatoris, hauran d&#8217;emplenar-se necess\u00e0riament per a la correcta tramitaci\u00f3 de les seves sol\u00b7licituds. Els interessats podran exercitar els seus drets d&#8217;acc\u00e9s, rectificaci\u00f3 i cancel\u00b7laci\u00f3 de la seva informaci\u00f3 personal, aix\u00ed com ell d&#8217;oposici\u00f3 al tractament, mitjan\u00e7ant escrit acompanyat d&#8217;una c\u00f2pia del DNI o passaport i dirigit al nostre domicili o al correu abans esmentat.<\/p>\n\n<p>El temps en qu\u00e8 mantenim la informaci\u00f3 que recollim sobre tu dep\u00e8n de la finalitat per a qu\u00e8 es tracti. Tots els afectats pels nostres tractaments de dades podran, en cas que no hi estiguin d&#8217;acord, plantejar una reclamaci\u00f3 davant l&#8217;AEPD<\/p>\n\n<p>III.- COOKIES I DADES DE NAVEGACI\u00d3<\/p>\n\n<p>Les cookies que fem servir s\u00f3n an\u00f2nimes i no ens permet per si mateixes identificar un usuari concret. Utilitzem cookies de caire t\u00e8cnic necessaris per establir la connexi\u00f3 a la web i prestar els serveis sol\u00b7licitats pels nostres usuaris. Igualment fem servir cookies i tractem dades generades per la navegaci\u00f3 per realitzar estad\u00edstiques i analitzar l&#8217;activitat del web amb la finalitat de millorar-ne el contingut i ajustar-lo a les prefer\u00e8ncies dels nostres visitants. En cas d&#8217;utilitzar la nostra web sense procedir a la desactivaci\u00f3 de les cookies al vostre navegador, manifesta el seu consentiment per a la instal\u00b7laci\u00f3 de les mateixes. Podeu trobar m\u00e9s informaci\u00f3 sobre les cookies que fem servir, aix\u00ed com sobre la manera de desactivar-les a la nostra pol\u00edtica sobre l&#8217;\u00fas de cookies disponible a la home page.<\/p>\n\n<p>IV.- CONDICIONS D&#8217;\u00daS<\/p>\n\n<p>Els Usuaris es comprometen a utilitzar aquesta Web de forma l\u00edcita, d&#8217;acord amb el que disposen aquestes condicions i de manera que no produeixin un perjudici en els drets o interessos del propietari o de tercers. Es prohibeix expressament la utilitzaci\u00f3 de les dades publicades a la web per a la realitzaci\u00f3 d&#8217;activitats il\u00b7l\u00edcites, il\u00b7legals o contr\u00e0ries a la bona fe ia l&#8217;ordre p\u00fablic, o d&#8217;enviament massiu de correu no sol\u00b7licitat (spam).<\/p>\n\n<p>Aquesta Web es proporciona &#8220;tal com est\u00e0&#8221; i el seu \u00fas es realitza sota el propi risc de l&#8217;Usuari, per la qual cosa, ni el propietari, ni els seus administradors, treballadors, prove\u00efdors o col\u00b7laboradors seran responsables pels danys, de qualsevol naturalesa, directes o no, que derivin de l&#8217;\u00fas del Web, excloent-ne expressament el propietari, en tota la mesura prevista per la Llei, qualsevol tipus de garanties, ja siguin expresses o impl\u00edcites. El propietari no garanteix la disponibilitat i accessibilitat de la web, si b\u00e9 realitzar\u00e0 tots els esfor\u00e7os que siguin raonables en aquest sentit. De vegades, es poden produir interrupcions pel temps que sigui necessari per a la realitzaci\u00f3 de les corresponents operacions de manteniment. El propietari no es responsabilitza de possibles danys derivats dinterfer\u00e8ncies, interrupcions, virus inform\u00e0tics, avaries telef\u00f2niques o desconnexions telef\u00f2niques motivades per causes alienes a la citada entitat; de retards o bloquejos en l&#8217;\u00fas del present sistema electr\u00f2nic causats per defici\u00e8ncies o sobrec\u00e0rregues al centre processador de dades, de l\u00ednies telef\u00f2niques, al sistema d&#8217;Internet o en altres sistemes el\u00e8ctrics; ni tampoc de qualsevol altra alteraci\u00f3 que es pugui produir al Programari o Maquinari dels Usuaris. Tampoc no garanteix l&#8217;abs\u00e8ncia de virus, malwares, troians o altres elements que puguin produir alteracions en el sistema inform\u00e0tic, documents o fitxers de l&#8217;Usuari, excloent qualsevol responsabilitat pels danys de qualsevol classe causats a l&#8217;Usuari per aquest motiu. De la mateixa manera, el propietari no respondr\u00e0 pels danys causats per terceres persones mitjan\u00e7ant intromissions il\u00b7leg\u00edtimes fora del seu control. Tampoc respondr\u00e0 dels danys i perjudicis causats per l&#8217;\u00fas o mala utilitzaci\u00f3 dels continguts de la Web, ni per les conseq\u00fc\u00e8ncies que es puguin derivar dels errors, defectes o omissions en els continguts proporcionats per tercers i que puguin apar\u00e8ixer en aquesta p\u00e0gina. El propietari no assumeix cap obligaci\u00f3 ni cap responsabilitat respecte d&#8217;aquells serveis que no presti directament.<\/p>\n\n<p>En cap cas el propietari assumir\u00e0 cap responsabilitat pels continguts dels enlla\u00e7os pertanyents a un lloc web ali\u00e8, ni garantir\u00e0 la disponibilitat t\u00e8cnica, qualitat, fiabilitat, exactitud, amplitud, veracitat, validesa i legalitat de qualsevol material o informaci\u00f3 continguda en cap d&#8217;aquests. hipervincles o altres llocs dInternet. Igualment, la inclusi\u00f3 d&#8217;aquestes connexions externes no implicar\u00e0 cap tipus d&#8217;associaci\u00f3, fusi\u00f3 o participaci\u00f3 amb les entitats connectades.<\/p>\n\n<p>En cas que una cl\u00e0usula de les presents condicions d&#8217;\u00fas fos declarada nul\u00b7la, nom\u00e9s afectar\u00e0 aquesta disposici\u00f3 o aquella part que aix\u00ed hagi estat declarada, subsistint les condicions en tota la resta i tenint aquesta disposici\u00f3, o la part afectada, per no posada .<\/p>\n\n<p>L&#8217;acc\u00e9s a la web i la seva utilitzaci\u00f3 impliquen necess\u00e0riament que totes i cadascuna de les condicions presents s\u00f3n expressament acceptades per vost\u00e8.<\/p>\n\n<p>V. PROPIETAT INTEL\u00b7LECTUAL I DRETS D&#8217;AUTOR<\/p>\n\n<p>Sense perjudici dels continguts sobre els quals tercers ostentessin drets intel\u00b7lectuals, els drets de propietat intel\u00b7lectual de la Web, el nom de domini, el seu codi font, disseny i estructura de navegaci\u00f3 i elements en ell continguts (a t\u00edtol enunciatiu, imatges, so, \u00e0udio, v\u00eddeo, programari, o textos; marques o logotips, combinacions de colors, estructura i disseny, etc.) s\u00f3n titularitat del propietari, a qui correspon l&#8217;exercici exclusiu dels drets d&#8217;explotaci\u00f3 dels mateixos en qualsevol forma, i, a especial els drets de reproducci\u00f3, distribuci\u00f3, comunicaci\u00f3 p\u00fablica i transformaci\u00f3, d&#8217;acord amb all\u00f2 previst per la vigent Llei de Propietat Intel\u00b7lectual. Queden expressament prohibides la reproducci\u00f3, distribuci\u00f3 i comunicaci\u00f3 p\u00fablica, inclosa la seva modalitat de posada a disposici\u00f3, de la totalitat o part dels continguts d&#8217;aquesta p\u00e0gina web en qualsevol suport i per qualsevol mitj\u00e0 t\u00e8cnic, sense l&#8217;autoritzaci\u00f3 del propietari o, en el seu cas, dels tercers que tinguin els drets de propietat intel\u00b7lectual o d&#8217;autor sobre els continguts afectats. No obstant aix\u00f2, l&#8217;usuari de la web podr\u00e0 visualitzar els elements d&#8217;aquesta web i fins i tot imprimir-los, copiar-los i emmagatzemar-los al disc dur del vostre ordinador o en qualsevol altre suport f\u00edsic sempre que sigui, \u00fanica i exclusivament, per a \u00fas personal i privat. Aquelles entitats o persones que, pr\u00e8via autoritzaci\u00f3 del titular d&#8217;aquesta web, pretenguin establir-hi un enlla\u00e7, hauran de garantir que \u00fanicament permet l&#8217;acc\u00e9s a aquesta p\u00e0gina o servei per\u00f2 que no fa reproducci\u00f3 dels seus continguts i serveis.<\/p>\n\n<p>VI. JURISDICCI\u00d3 I LLEI APLICABLE<\/p>\n\n<p>La present p\u00e0gina web es regir\u00e0 per la llei espanyola a exclusi\u00f3 de les seves regles de conflicte de llei. Sense perjudici dels drets reconeguts als consumidors en mat\u00e8ria de compet\u00e8ncia jurisdiccional pel Reial Decret Legislatiu 1\/2007, de 16 de novembre, qualsevol controv\u00e8rsia que pogu\u00e9s derivar-se de la utilitzaci\u00f3 de la Web o dels serveis vinculats a aquesta se sotmetr\u00e0 a la jurisdicci\u00f3 i compet\u00e8ncia dels jutjats i tribunals atenent el domicili de la titular d&#8217;aquesta web, renunciant expressament els usuaris al seu fur propi si en tingueren.<\/p>\n","protected":false},"excerpt":{"rendered":"<p>Aquesta p\u00e0gina web ofereix informaci\u00f3 sobre l&#8217;espai i els serveis de DBB Distribu\u00efdora de Begudes de Balears, ara endavant el propietari. L&#8217;acc\u00e9s a la web https:\/\/dbbalears.com us atribueix la condici\u00f3 d&#8217;USUARI i implica la seva acceptaci\u00f3 plena i sense reserva, des d&#8217;aquest acc\u00e9s, d&#8217;aquesta nota legal. Per aix\u00f2, aconsellem que procediu a la lectura d&#8217;aquest [&hellip;]<\/p>\n","protected":false},"author":1,"featured_media":0,"parent":0,"menu_order":0,"comment_status":"closed","ping_status":"closed","template":"","meta":{"_acf_changed":false,"footnotes":""},"class_list":["post-2026","page","type-page","status-publish","hentry"],"acf":[],"_links":{"self":[{"href":"https:\/\/dbbalears.com\/ca\/wp-json\/wp\/v2\/pages\/2026","targetHints":{"allow":["GET"]}}],"collection":[{"href":"https:\/\/dbbalears.com\/ca\/wp-json\/wp\/v2\/pages"}],"about":[{"href":"https:\/\/dbbalears.com\/ca\/wp-json\/wp\/v2\/types\/page"}],"author":[{"embeddable":true,"href":"https:\/\/dbbalears.com\/ca\/wp-json\/wp\/v2\/users\/1"}],"replies":[{"embeddable":true,"href":"https:\/\/dbbalears.com\/ca\/wp-json\/wp\/v2\/comments?post=2026"}],"version-history":[{"count":1,"href":"https:\/\/dbbalears.com\/ca\/wp-json\/wp\/v2\/pages\/2026\/revisions"}],"predecessor-version":[{"id":2027,"href":"https:\/\/dbbalears.com\/ca\/wp-json\/wp\/v2\/pages\/2026\/revisions\/2027"}],"wp:attachment":[{"href":"https:\/\/dbbalears.com\/ca\/wp-json\/wp\/v2\/media?parent=2026"}],"curies":[{"name":"wp","href":"https:\/\/api.w.org\/{rel}","templated":true}]}}