{"id":2005,"date":"2023-10-02T10:54:14","date_gmt":"2023-10-02T08:54:14","guid":{"rendered":"https:\/\/dbbalears.com\/cataleg\/"},"modified":"2025-04-10T11:45:22","modified_gmt":"2025-04-10T09:45:22","slug":"cataleg","status":"publish","type":"page","link":"https:\/\/dbbalears.com\/ca\/cataleg\/","title":{"rendered":"Cat\u00e0leg"},"content":{"rendered":"\t\t<div data-elementor-type=\"wp-page\" data-elementor-id=\"2005\" class=\"elementor elementor-2005 elementor-244\" data-elementor-post-type=\"page\">\n\t\t\t\t<div data-dce-background-image-url=\"https:\/\/dbbalears.com\/wp-content\/uploads\/2023\/06\/bg-catalogo-01.jpg\" class=\"elementor-element elementor-element-7a3601c e-con-full e-flex e-con e-parent\" data-id=\"7a3601c\" data-element_type=\"container\" data-settings=\"{&quot;background_background&quot;:&quot;classic&quot;}\">\n\t\t<div class=\"elementor-element elementor-element-1a1616f e-con-full e-flex e-con e-child\" data-id=\"1a1616f\" data-element_type=\"container\">\n\t\t<div class=\"elementor-element elementor-element-7b08563 e-con-full e-flex e-con e-child\" data-id=\"7b08563\" data-element_type=\"container\" data-settings=\"{&quot;background_background&quot;:&quot;classic&quot;,&quot;background_motion_fx_motion_fx_scrolling&quot;:&quot;yes&quot;,&quot;background_motion_fx_devices&quot;:[&quot;desktop&quot;,&quot;tablet&quot;,&quot;mobile&quot;]}\">\n\t\t\t\t<div class=\"elementor-element elementor-element-907bace elementor-widget__width-initial elementor-widget elementor-widget-heading\" data-id=\"907bace\" data-element_type=\"widget\" data-settings=\"{&quot;motion_fx_motion_fx_scrolling&quot;:&quot;yes&quot;,&quot;motion_fx_devices&quot;:[&quot;desktop&quot;,&quot;tablet&quot;,&quot;mobile&quot;]}\" data-widget_type=\"heading.default\">\n\t\t\t\t<div class=\"elementor-widget-container\">\n\t\t\t<h4 class=\"elementor-heading-title elementor-size-default\">DBB<\/h4>\t\t<\/div>\n\t\t\t\t<\/div>\n\t\t\t\t<div class=\"elementor-element elementor-element-1ec4022 elementor-widget elementor-widget-heading\" data-id=\"1ec4022\" data-element_type=\"widget\" data-widget_type=\"heading.default\">\n\t\t\t\t<div class=\"elementor-widget-container\">\n\t\t\t<h2 class=\"elementor-heading-title elementor-size-default\">Cat\u00e0leg<\/h2>\t\t<\/div>\n\t\t\t\t<\/div>\n\t\t\t\t<\/div>\n\t\t\t\t<\/div>\n\t\t\t\t<\/div>\n\t\t<div class=\"elementor-element elementor-element-48e94e1 e-con-full e-flex e-con e-parent\" data-id=\"48e94e1\" data-element_type=\"container\">\n\t\t<div class=\"elementor-element elementor-element-731ae20 e-con-full e-flex e-con e-child\" data-id=\"731ae20\" data-element_type=\"container\">\n\t\t<div class=\"elementor-element elementor-element-46fdc8f e-con-full e-flex e-con e-child\" data-id=\"46fdc8f\" data-element_type=\"container\">\n\t\t<div class=\"elementor-element elementor-element-841fb76 e-con-full e-flex e-con e-child\" data-id=\"841fb76\" data-element_type=\"container\">\n\t\t\t\t<div class=\"elementor-element elementor-element-d03afd0 elementor-widget elementor-widget-heading\" data-id=\"d03afd0\" data-element_type=\"widget\" data-widget_type=\"heading.default\">\n\t\t\t\t<div class=\"elementor-widget-container\">\n\t\t\t<h2 class=\"elementor-heading-title elementor-size-default\">LA MILLOR SELECCI\u00d3<\/h2>\t\t<\/div>\n\t\t\t\t<\/div>\n\t\t\t\t<div class=\"elementor-element elementor-element-bbb710f elementor-widget elementor-widget-text-editor\" data-id=\"bbb710f\" data-element_type=\"widget\" data-widget_type=\"text-editor.default\">\n\t\t\t\t<div class=\"elementor-widget-container\">\n\t\t\t\t\t\t\t<p>Al nostre cat\u00e0leg podr\u00e0s trobar una gran selecci\u00f3 de productes, cadascun perfecte per a cada moment. Dinars, sopars o, simplement, per prendre alguna cosa tranquil\u00b7lament.<\/p>\n\t\t\t\t\t\t<\/div>\n\t\t\t\t<\/div>\n\t\t\t\t<\/div>\n\t\t\t\t<\/div>\n\t\t\t\t<\/div>\n\t\t\t\t<\/div>\n\t\t<div class=\"elementor-element elementor-element-a3b91b4 e-con-full e-flex e-con e-parent\" data-id=\"a3b91b4\" data-element_type=\"container\" data-settings=\"{&quot;background_background&quot;:&quot;classic&quot;}\">\n\t\t<div class=\"elementor-element elementor-element-c370d36 e-con-full e-flex e-con e-child\" data-id=\"c370d36\" data-element_type=\"container\">\n\t\t<div class=\"elementor-element elementor-element-75a5302 e-con-full e-flex e-con e-child\" data-id=\"75a5302\" data-element_type=\"container\">\n\t\t<div class=\"elementor-element elementor-element-7227d3e e-con-full e-flex e-con e-child\" data-id=\"7227d3e\" data-element_type=\"container\" data-settings=\"{&quot;background_background&quot;:&quot;classic&quot;,&quot;motion_fx_motion_fx_scrolling&quot;:&quot;yes&quot;,&quot;motion_fx_translateY_effect&quot;:&quot;yes&quot;,&quot;motion_fx_translateY_speed&quot;:{&quot;unit&quot;:&quot;px&quot;,&quot;size&quot;:4,&quot;sizes&quot;:[]},&quot;motion_fx_translateY_affectedRange&quot;:{&quot;unit&quot;:&quot;%&quot;,&quot;size&quot;:&quot;&quot;,&quot;sizes&quot;:{&quot;start&quot;:0,&quot;end&quot;:100}},&quot;motion_fx_devices&quot;:[&quot;desktop&quot;,&quot;tablet&quot;,&quot;mobile&quot;]}\">\n\t\t\t\t<div class=\"elementor-element elementor-element-ee8b083 elementor-widget elementor-widget-spacer\" data-id=\"ee8b083\" data-element_type=\"widget\" data-widget_type=\"spacer.default\">\n\t\t\t\t<div class=\"elementor-widget-container\">\n\t\t\t\t\t<div class=\"elementor-spacer\">\n\t\t\t<div class=\"elementor-spacer-inner\"><\/div>\n\t\t<\/div>\n\t\t\t\t<\/div>\n\t\t\t\t<\/div>\n\t\t\t\t<div class=\"elementor-element elementor-element-b5ac9d8 dce_masking-none elementor-widget elementor-widget-image\" data-id=\"b5ac9d8\" data-element_type=\"widget\" data-settings=\"{&quot;motion_fx_motion_fx_scrolling&quot;:&quot;yes&quot;,&quot;motion_fx_translateY_effect&quot;:&quot;yes&quot;,&quot;motion_fx_translateY_direction&quot;:&quot;negative&quot;,&quot;motion_fx_translateY_speed&quot;:{&quot;unit&quot;:&quot;px&quot;,&quot;size&quot;:3,&quot;sizes&quot;:[]},&quot;motion_fx_devices&quot;:[&quot;desktop&quot;,&quot;tablet&quot;],&quot;motion_fx_translateY_affectedRange&quot;:{&quot;unit&quot;:&quot;%&quot;,&quot;size&quot;:&quot;&quot;,&quot;sizes&quot;:{&quot;start&quot;:0,&quot;end&quot;:100}}}\" data-widget_type=\"image.default\">\n\t\t\t\t<div class=\"elementor-widget-container\">\n\t\t\t\t\t\t\t\t\t\t\t\t\t<img fetchpriority=\"high\" decoding=\"async\" width=\"800\" height=\"1200\" src=\"https:\/\/dbbalears.com\/wp-content\/uploads\/2023\/06\/land-fo-01.png\" class=\"attachment-full size-full wp-image-66\" alt=\"\" srcset=\"https:\/\/dbbalears.com\/wp-content\/uploads\/2023\/06\/land-fo-01.png 800w, https:\/\/dbbalears.com\/wp-content\/uploads\/2023\/06\/land-fo-01-200x300.png 200w, https:\/\/dbbalears.com\/wp-content\/uploads\/2023\/06\/land-fo-01-683x1024.png 683w, https:\/\/dbbalears.com\/wp-content\/uploads\/2023\/06\/land-fo-01-768x1152.png 768w\" sizes=\"(max-width: 800px) 100vw, 800px\" \/>\t\t\t\t\t\t\t\t\t\t\t\t\t<\/div>\n\t\t\t\t<\/div>\n\t\t\t\t<\/div>\n\t\t<div data-dce-background-color=\"#FFFFFF\" class=\"elementor-element elementor-element-71ad558 e-con-full e-flex e-con e-child\" data-id=\"71ad558\" data-element_type=\"container\" data-settings=\"{&quot;background_background&quot;:&quot;classic&quot;}\">\n\t\t\t\t<div class=\"elementor-element elementor-element-e4b9b0d elementor-widget elementor-widget-heading\" data-id=\"e4b9b0d\" data-element_type=\"widget\" data-widget_type=\"heading.default\">\n\t\t\t\t<div class=\"elementor-widget-container\">\n\t\t\t<h4 class=\"elementor-heading-title elementor-size-default\">VINS CAVES I ESPUMOSOS<\/h4>\t\t<\/div>\n\t\t\t\t<\/div>\n\t\t\t\t<div class=\"elementor-element elementor-element-03a0c43 elementor-widget elementor-widget-text-editor\" data-id=\"03a0c43\" data-element_type=\"widget\" data-widget_type=\"text-editor.default\">\n\t\t\t\t<div class=\"elementor-widget-container\">\n\t\t\t\t\t\t\t<div class=\"uk-width-3-4@m vinos section-text\">\n<p>Tenim una \u00e0mplia gamma de vins, caves i escumosos perqu\u00e8 puguis seleccionar all\u00f2 que necessitis.<\/p>\n<\/div>\n<div class=\"cafe uk-width-1-2@m\">\n<div class=\"section uk-text-right\"> <\/div>\n<\/div>\n\t\t\t\t\t\t<\/div>\n\t\t\t\t<\/div>\n\t\t\t\t<div data-dce-background-color=\"#FFFFFF00\" class=\"elementor-element elementor-element-84fd9ec elementor-align-left elementor-widget__width-auto elementor-widget elementor-widget-button\" data-id=\"84fd9ec\" data-element_type=\"widget\" data-widget_type=\"button.default\">\n\t\t\t\t<div class=\"elementor-widget-container\">\n\t\t\t\t\t<div class=\"elementor-button-wrapper\">\n\t\t\t<a class=\"elementor-button elementor-button-link elementor-size-xl\" href=\"https:\/\/flipbooklets.com\/pdfflipbooklets\/cartalago-dbb-2025-10-edicion\" target=\"_blank\" rel=\"nofollow\">\n\t\t\t\t\t\t<span class=\"elementor-button-content-wrapper\">\n\t\t\t\t\t\t\t\t\t<span class=\"elementor-button-text\">VEURE CAT\u00c0LEG<\/span>\n\t\t\t\t\t<\/span>\n\t\t\t\t\t<\/a>\n\t\t<\/div>\n\t\t\t\t<\/div>\n\t\t\t\t<\/div>\n\t\t\t\t<\/div>\n\t\t\t\t<\/div>\n\t\t\t\t<\/div>\n\t\t\t\t<\/div>\n\t\t<div class=\"elementor-element elementor-element-4f3b2da e-con-full e-flex e-con e-parent\" data-id=\"4f3b2da\" data-element_type=\"container\" data-settings=\"{&quot;background_background&quot;:&quot;classic&quot;}\">\n\t\t<div class=\"elementor-element elementor-element-649d418 e-con-full e-flex e-con e-child\" data-id=\"649d418\" data-element_type=\"container\">\n\t\t<div class=\"elementor-element elementor-element-4e3a24c e-con-full e-flex e-con e-child\" data-id=\"4e3a24c\" data-element_type=\"container\">\n\t\t<div class=\"elementor-element elementor-element-e93fda7 e-flex e-con-boxed e-con e-child\" data-id=\"e93fda7\" data-element_type=\"container\">\n\t\t\t\t\t<div class=\"e-con-inner\">\n\t\t\t\t<div class=\"elementor-element elementor-element-6ab0cd7 elementor-widget elementor-widget-heading\" data-id=\"6ab0cd7\" data-element_type=\"widget\" data-widget_type=\"heading.default\">\n\t\t\t\t<div class=\"elementor-widget-container\">\n\t\t\t<h2 class=\"elementor-heading-title elementor-size-default\">CAF\u00c8S I T\u00c8S<\/h2>\t\t<\/div>\n\t\t\t\t<\/div>\n\t\t\t\t<div class=\"elementor-element elementor-element-83195bd elementor-widget elementor-widget-text-editor\" data-id=\"83195bd\" data-element_type=\"widget\" data-widget_type=\"text-editor.default\">\n\t\t\t\t<div class=\"elementor-widget-container\">\n\t\t\t\t\t\t\t<p>Es nota quan un caf\u00e8 o un te s\u00f3n de qualitat, per aix\u00f2 nom\u00e9s treballem amb marques expertes.  <\/p>\n\t\t\t\t\t\t<\/div>\n\t\t\t\t<\/div>\n\t\t\t\t\t<\/div>\n\t\t\t\t<\/div>\n\t\t<div class=\"elementor-element elementor-element-2d83bee e-flex e-con-boxed e-con e-child\" data-id=\"2d83bee\" data-element_type=\"container\">\n\t\t\t\t\t<div class=\"e-con-inner\">\n\t\t\t\t<div class=\"elementor-element elementor-element-c3ccaa6 elementor-widget elementor-widget-heading\" data-id=\"c3ccaa6\" data-element_type=\"widget\" data-widget_type=\"heading.default\">\n\t\t\t\t<div class=\"elementor-widget-container\">\n\t\t\t<h2 class=\"elementor-heading-title elementor-size-default\">SUCS I SMOOTHIES<\/h2>\t\t<\/div>\n\t\t\t\t<\/div>\n\t\t\t\t<div class=\"elementor-element elementor-element-3e26f5a elementor-widget elementor-widget-text-editor\" data-id=\"3e26f5a\" data-element_type=\"widget\" data-widget_type=\"text-editor.default\">\n\t\t\t\t<div class=\"elementor-widget-container\">\n\t\t\t\t\t\t\t<p>Tamb\u00e9 tenim un cat\u00e0leg de productes elaborats a partir de fruites. Perfectes per refrescar-se!<\/p>\n\t\t\t\t\t\t<\/div>\n\t\t\t\t<\/div>\n\t\t\t\t\t<\/div>\n\t\t\t\t<\/div>\n\t\t\t\t<\/div>\n\t\t\t\t<\/div>\n\t\t\t\t<\/div>\n\t\t<div class=\"elementor-element elementor-element-1813bc1 e-flex e-con-boxed e-con e-parent\" data-id=\"1813bc1\" data-element_type=\"container\" data-settings=\"{&quot;background_background&quot;:&quot;classic&quot;}\">\n\t\t\t\t\t<div class=\"e-con-inner\">\n\t\t<div class=\"elementor-element elementor-element-e81ea55 e-con-full e-flex e-con e-child\" data-id=\"e81ea55\" data-element_type=\"container\">\n\t\t<div class=\"elementor-element elementor-element-3cf3cb9 e-con-full e-flex e-con e-child\" data-id=\"3cf3cb9\" data-element_type=\"container\">\n\t\t<div data-dce-background-color=\"#FFFFFF\" class=\"elementor-element elementor-element-a08aa8e e-con-full e-flex e-con e-child\" data-id=\"a08aa8e\" data-element_type=\"container\" data-settings=\"{&quot;background_background&quot;:&quot;classic&quot;}\">\n\t\t\t\t<div class=\"elementor-element elementor-element-9a3d62e elementor-widget elementor-widget-heading\" data-id=\"9a3d62e\" data-element_type=\"widget\" data-widget_type=\"heading.default\">\n\t\t\t\t<div class=\"elementor-widget-container\">\n\t\t\t<h4 class=\"elementor-heading-title elementor-size-default\">WHISKI<br> GINEBRA<br>\n ROM<br>\n VODKA<br>\n BRANDY<br>\n LICOR MALLORQU\u00cd<br>\n ALTRES\n<\/h4>\t\t<\/div>\n\t\t\t\t<\/div>\n\t\t\t\t<\/div>\n\t\t<div data-dce-background-image-url=\"https:\/\/dbbalears.com\/wp-content\/uploads\/2023\/06\/bg-catalogo-03.jpg\" class=\"elementor-element elementor-element-f6d8555 e-con-full e-flex e-con e-child\" data-id=\"f6d8555\" data-element_type=\"container\" data-settings=\"{&quot;background_background&quot;:&quot;classic&quot;,&quot;motion_fx_motion_fx_scrolling&quot;:&quot;yes&quot;,&quot;motion_fx_translateY_effect&quot;:&quot;yes&quot;,&quot;motion_fx_devices&quot;:[&quot;desktop&quot;,&quot;tablet&quot;],&quot;motion_fx_translateY_speed&quot;:{&quot;unit&quot;:&quot;px&quot;,&quot;size&quot;:4,&quot;sizes&quot;:[]},&quot;motion_fx_translateY_affectedRange&quot;:{&quot;unit&quot;:&quot;%&quot;,&quot;size&quot;:&quot;&quot;,&quot;sizes&quot;:{&quot;start&quot;:0,&quot;end&quot;:100}}}\">\n\t\t\t\t<\/div>\n\t\t\t\t<\/div>\n\t\t\t\t<\/div>\n\t\t\t\t\t<\/div>\n\t\t\t\t<\/div>\n\t\t<div data-dce-background-image-url=\"https:\/\/dbbalears.com\/wp-content\/uploads\/2023\/06\/bg-home-06.jpg\" class=\"elementor-element elementor-element-5d58dd7 e-flex e-con-boxed e-con e-parent\" data-id=\"5d58dd7\" data-element_type=\"container\" data-settings=\"{&quot;background_background&quot;:&quot;classic&quot;}\">\n\t\t\t\t\t<div class=\"e-con-inner\">\n\t\t\t\t<div class=\"elementor-element elementor-element-985e25a elementor-widget elementor-widget-heading\" data-id=\"985e25a\" data-element_type=\"widget\" data-widget_type=\"heading.default\">\n\t\t\t\t<div class=\"elementor-widget-container\">\n\t\t\t<h3 class=\"elementor-heading-title elementor-size-default\">DESCARREGA'T<br> EL NOSTRE CAT\u00c0LEG<\/h3>\t\t<\/div>\n\t\t\t\t<\/div>\n\t\t\t\t<div class=\"elementor-element elementor-element-0de86d6 elementor-widget__width-initial elementor-widget-mobile__width-inherit elementor-widget elementor-widget-text-editor\" data-id=\"0de86d6\" data-element_type=\"widget\" data-widget_type=\"text-editor.default\">\n\t\t\t\t<div class=\"elementor-widget-container\">\n\t\t\t\t\t\t\t<p>Al seg\u00fcent enlla\u00e7 podr\u00e0s veure tot el nostre cat\u00e0leg de productes perqu\u00e8 puguis seleccionar els que necessitis. Si no en trobes algun, posa&#8217;t en contacte amb nosaltres i intentarem aconseguir-ho.<\/p>\n\t\t\t\t\t\t<\/div>\n\t\t\t\t<\/div>\n\t\t\t\t<div class=\"elementor-element elementor-element-85276f3 elementor-widget elementor-widget-button\" data-id=\"85276f3\" data-element_type=\"widget\" data-widget_type=\"button.default\">\n\t\t\t\t<div class=\"elementor-widget-container\">\n\t\t\t\t\t<div class=\"elementor-button-wrapper\">\n\t\t\t<a class=\"elementor-button elementor-button-link elementor-size-sm\" href=\"https:\/\/dbbalears.com\/ca\/cataleg-dbb\/\" target=\"_blank\">\n\t\t\t\t\t\t<span class=\"elementor-button-content-wrapper\">\n\t\t\t\t\t\t<span class=\"elementor-button-icon\">\n\t\t\t\t<i aria-hidden=\"true\" class=\"fas fa-arrow-right\"><\/i>\t\t\t<\/span>\n\t\t\t\t\t\t\t\t\t<span class=\"elementor-button-text\">DESCARREGAR PDF<\/span>\n\t\t\t\t\t<\/span>\n\t\t\t\t\t<\/a>\n\t\t<\/div>\n\t\t\t\t<\/div>\n\t\t\t\t<\/div>\n\t\t\t\t\t<\/div>\n\t\t\t\t<\/div>\n\t\t\t\t<\/div>\n\t\t","protected":false},"excerpt":{"rendered":"<p>DBB Cat\u00e0leg LA MILLOR SELECCI\u00d3 Al nostre cat\u00e0leg podr\u00e0s trobar una gran selecci\u00f3 de productes, cadascun perfecte per a cada moment. Dinars, sopars o, simplement, per prendre alguna cosa tranquil\u00b7lament. VINS CAVES I ESPUMOSOS Tenim una \u00e0mplia gamma de vins, caves i escumosos perqu\u00e8 puguis seleccionar all\u00f2 que necessitis. VEURE CAT\u00c0LEG CAF\u00c8S I T\u00c8S Es [&hellip;]<\/p>\n","protected":false},"author":1,"featured_media":0,"parent":0,"menu_order":0,"comment_status":"closed","ping_status":"closed","template":"","meta":{"_acf_changed":false,"footnotes":""},"class_list":["post-2005","page","type-page","status-publish","hentry"],"acf":[],"_links":{"self":[{"href":"https:\/\/dbbalears.com\/ca\/wp-json\/wp\/v2\/pages\/2005","targetHints":{"allow":["GET"]}}],"collection":[{"href":"https:\/\/dbbalears.com\/ca\/wp-json\/wp\/v2\/pages"}],"about":[{"href":"https:\/\/dbbalears.com\/ca\/wp-json\/wp\/v2\/types\/page"}],"author":[{"embeddable":true,"href":"https:\/\/dbbalears.com\/ca\/wp-json\/wp\/v2\/users\/1"}],"replies":[{"embeddable":true,"href":"https:\/\/dbbalears.com\/ca\/wp-json\/wp\/v2\/comments?post=2005"}],"version-history":[{"count":2,"href":"https:\/\/dbbalears.com\/ca\/wp-json\/wp\/v2\/pages\/2005\/revisions"}],"predecessor-version":[{"id":2691,"href":"https:\/\/dbbalears.com\/ca\/wp-json\/wp\/v2\/pages\/2005\/revisions\/2691"}],"wp:attachment":[{"href":"https:\/\/dbbalears.com\/ca\/wp-json\/wp\/v2\/media?parent=2005"}],"curies":[{"name":"wp","href":"https:\/\/api.w.org\/{rel}","templated":true}]}}