{"id":1970,"date":"2024-02-09T12:16:35","date_gmt":"2024-02-09T11:16:35","guid":{"rendered":"https:\/\/dbbalears.com\/garatge-1921\/"},"modified":"2024-06-06T18:13:41","modified_gmt":"2024-06-06T16:13:41","slug":"garatge-1921","status":"publish","type":"page","link":"https:\/\/dbbalears.com\/ca\/garatge-1921\/","title":{"rendered":"Garatge 1921"},"content":{"rendered":"\t\t<div data-elementor-type=\"wp-page\" data-elementor-id=\"1970\" class=\"elementor elementor-1970 elementor-784\" data-elementor-post-type=\"page\">\n\t\t\t\t<div class=\"elementor-element elementor-element-3af15f0 e-con-full e-flex e-con e-parent\" data-id=\"3af15f0\" data-element_type=\"container\">\n\t\t<div class=\"elementor-element elementor-element-fb302d0 e-con-full e-flex e-con e-child\" data-id=\"fb302d0\" data-element_type=\"container\" data-settings=\"{&quot;background_background&quot;:&quot;classic&quot;}\">\n\t\t<div class=\"elementor-element elementor-element-98875cb e-con-full e-flex e-con e-child\" data-id=\"98875cb\" data-element_type=\"container\" data-settings=\"{&quot;background_background&quot;:&quot;classic&quot;}\">\n\t\t<div class=\"elementor-element elementor-element-79ccf0b e-con-full e-flex e-con e-child\" data-id=\"79ccf0b\" data-element_type=\"container\" data-settings=\"{&quot;background_background&quot;:&quot;classic&quot;}\">\n\t\t\t\t<div class=\"elementor-element elementor-element-c4c15e7 elementor-widget__width-initial elementor-widget-mobile__width-auto dce_masking-none elementor-widget elementor-widget-image\" data-id=\"c4c15e7\" data-element_type=\"widget\" data-widget_type=\"image.default\">\n\t\t\t\t<div class=\"elementor-widget-container\">\n\t\t\t\t\t\t\t\t\t\t\t\t\t<img decoding=\"async\" width=\"1\" height=\"1\" src=\"https:\/\/dbbalears.com\/wp-content\/uploads\/2023\/08\/dbb-co-logo.svg\" class=\"attachment-large size-large wp-image-225\" alt=\"\" \/>\t\t\t\t\t\t\t\t\t\t\t\t\t<\/div>\n\t\t\t\t<\/div>\n\t\t\t\t<div class=\"elementor-element elementor-element-0084fa1 elementor-widget elementor-widget-heading\" data-id=\"0084fa1\" data-element_type=\"widget\" data-widget_type=\"heading.default\">\n\t\t\t\t<div class=\"elementor-widget-container\">\n\t\t\t<h2 class=\"elementor-heading-title elementor-size-default\">GARATGE 1921<\/h2>\t\t<\/div>\n\t\t\t\t<\/div>\n\t\t\t\t<div class=\"elementor-element elementor-element-3c31430 elementor-widget elementor-widget-text-editor\" data-id=\"3c31430\" data-element_type=\"widget\" data-widget_type=\"text-editor.default\">\n\t\t\t\t<div class=\"elementor-widget-container\">\n\t\t\t\t\t\t\t<p>GARAGE 1921 \u00e9s una selecci\u00f3 exquisida de vins que capturen l&#8217;ess\u00e8ncia de la Ribera del Duero, regi\u00f3 vin\u00edcola espanyola c\u00e8lebre pels seus vins de qualitat superior. Cada ampolla de GARAGE 1921 \u00e9s un homenatge a la tradici\u00f3 vitivin\u00edcola, amb un fort vincle amb la cultura balear i la seva caracter\u00edstica imatge rural,<\/p>\n\t\t\t\t\t\t<\/div>\n\t\t\t\t<\/div>\n\t\t\t\t<\/div>\n\t\t<div class=\"elementor-element elementor-element-a0f5758 e-con-full e-flex e-con e-child\" data-id=\"a0f5758\" data-element_type=\"container\" data-settings=\"{&quot;background_background&quot;:&quot;classic&quot;,&quot;background_motion_fx_motion_fx_scrolling&quot;:&quot;yes&quot;,&quot;background_motion_fx_scale_effect&quot;:&quot;yes&quot;,&quot;background_motion_fx_scale_direction&quot;:&quot;out-in&quot;,&quot;background_motion_fx_scale_speed&quot;:{&quot;unit&quot;:&quot;px&quot;,&quot;size&quot;:4,&quot;sizes&quot;:[]},&quot;background_motion_fx_scale_range&quot;:{&quot;unit&quot;:&quot;%&quot;,&quot;size&quot;:&quot;&quot;,&quot;sizes&quot;:{&quot;start&quot;:20,&quot;end&quot;:80}},&quot;background_motion_fx_devices&quot;:[&quot;desktop&quot;,&quot;tablet&quot;,&quot;mobile&quot;]}\">\n\t\t\t\t<div class=\"elementor-element elementor-element-0603e80 dce_masking-none elementor-widget elementor-widget-image\" data-id=\"0603e80\" data-element_type=\"widget\" data-widget_type=\"image.default\">\n\t\t\t\t<div class=\"elementor-widget-container\">\n\t\t\t\t\t\t\t\t\t\t\t\t\t<img fetchpriority=\"high\" decoding=\"async\" width=\"800\" height=\"480\" src=\"https:\/\/dbbalears.com\/wp-content\/uploads\/2024\/02\/Ribera-del-duero-Garage-1921-.jpeg\" class=\"attachment-large size-large wp-image-786\" alt=\"\" srcset=\"https:\/\/dbbalears.com\/wp-content\/uploads\/2024\/02\/Ribera-del-duero-Garage-1921-.jpeg 1000w, https:\/\/dbbalears.com\/wp-content\/uploads\/2024\/02\/Ribera-del-duero-Garage-1921--300x180.jpeg 300w, https:\/\/dbbalears.com\/wp-content\/uploads\/2024\/02\/Ribera-del-duero-Garage-1921--768x461.jpeg 768w\" sizes=\"(max-width: 800px) 100vw, 800px\" \/>\t\t\t\t\t\t\t\t\t\t\t\t\t<\/div>\n\t\t\t\t<\/div>\n\t\t<div class=\"elementor-element elementor-element-422bb0c e-grid e-con-full e-con e-child\" data-id=\"422bb0c\" data-element_type=\"container\">\n\t\t\t\t<div class=\"elementor-element elementor-element-0afb06e elementor-widget elementor-widget-text-editor\" data-id=\"0afb06e\" data-element_type=\"widget\" data-widget_type=\"text-editor.default\">\n\t\t\t\t<div class=\"elementor-widget-container\">\n\t\t\t\t\t\t\t<p class=\"p1\"><strong>JOVE<\/strong><\/p>\n<p class=\"p1\"><strong>100% Ull de llebre<\/strong><\/p>\n<p class=\"p2\">14% Vol.<\/p>\n\t\t\t\t\t\t<\/div>\n\t\t\t\t<\/div>\n\t\t\t\t<div class=\"elementor-element elementor-element-4c8cf22 elementor-widget elementor-widget-text-editor\" data-id=\"4c8cf22\" data-element_type=\"widget\" data-widget_type=\"text-editor.default\">\n\t\t\t\t<div class=\"elementor-widget-container\">\n\t\t\t\t\t\t\t<p class=\"p1\"><strong>B\u00c0RICA<\/strong><\/p>\n<p class=\"p1\"><strong>100% Ull de llebre<\/strong><\/p>\n<p class=\"p1\">4 a 6 mesos en b\u00f3ta de roure Franc\u00e8s i Americ\u00e0<\/p>\n<p class=\"p2\">14% Vol.<\/p>\n\t\t\t\t\t\t<\/div>\n\t\t\t\t<\/div>\n\t\t\t\t<div class=\"elementor-element elementor-element-39309d3 elementor-widget elementor-widget-text-editor\" data-id=\"39309d3\" data-element_type=\"widget\" data-widget_type=\"text-editor.default\">\n\t\t\t\t<div class=\"elementor-widget-container\">\n\t\t\t\t\t\t\t<p class=\"p1\"><strong>RESERVA<\/strong><\/p>\n<p class=\"p1\"><strong>100% Ull de llebre<\/strong><\/p>\n<p class=\"p1\">14 a 18 mesos en b\u00f3ta de<\/p>\n<p class=\"p1\">roure Franc\u00e8s i Americ\u00e0<\/p>\n<p class=\"p2\">15% Vol.<\/p>\n\t\t\t\t\t\t<\/div>\n\t\t\t\t<\/div>\n\t\t\t\t<div class=\"elementor-element elementor-element-5b76e7f elementor-widget elementor-widget-text-editor\" data-id=\"5b76e7f\" data-element_type=\"widget\" data-widget_type=\"text-editor.default\">\n\t\t\t\t<div class=\"elementor-widget-container\">\n\t\t\t\t\t\t\t<p class=\"p1\"><strong>CRIAN\u00c7A<\/strong><\/p>\n<p class=\"p1\"><strong>100% Ull de llebre<\/strong><\/p>\n<p class=\"p1\">12 a 14 mesos en b\u00f3ta de roure Franc\u00e8s i Americ\u00e0<\/p>\n<p class=\"p2\">14,5% Vol<\/p>\n\t\t\t\t\t\t<\/div>\n\t\t\t\t<\/div>\n\t\t\t\t<\/div>\n\t\t\t\t<\/div>\n\t\t\t\t<\/div>\n\t\t\t\t<\/div>\n\t\t\t\t<\/div>\n\t\t<div class=\"elementor-element elementor-element-df833bf e-flex e-con-boxed e-con e-parent\" data-id=\"df833bf\" data-element_type=\"container\">\n\t\t\t\t\t<div class=\"e-con-inner\">\n\t\t\t\t\t<\/div>\n\t\t\t\t<\/div>\n\t\t<div data-dce-background-overlay-image-url=\"https:\/\/dbbalears.com\/wp-content\/uploads\/2023\/06\/bg-dbb-co-03.jpg\" class=\"elementor-element elementor-element-dee60eb e-flex e-con-boxed e-con e-parent\" data-id=\"dee60eb\" data-element_type=\"container\">\n\t\t\t\t\t<div class=\"e-con-inner\">\n\t\t<div class=\"elementor-element elementor-element-6085e93 e-con-full e-flex e-con e-child\" data-id=\"6085e93\" data-element_type=\"container\" data-settings=\"{&quot;background_background&quot;:&quot;classic&quot;}\">\n\t\t\t\t<div data-dce-background-color=\"#FFFFFF00\" class=\"elementor-element elementor-element-eb429aa elementor-align-left elementor-widget__width-initial elementor-widget elementor-widget-button\" data-id=\"eb429aa\" data-element_type=\"widget\" data-widget_type=\"button.default\">\n\t\t\t\t<div class=\"elementor-widget-container\">\n\t\t\t\t\t<div class=\"elementor-button-wrapper\">\n\t\t\t<a class=\"elementor-button elementor-button-link elementor-size-md\" href=\"https:\/\/dbbalears.com\/ca\/vi-fosca-negra\/\">\n\t\t\t\t\t\t<span class=\"elementor-button-content-wrapper\">\n\t\t\t\t\t\t<span class=\"elementor-button-icon\">\n\t\t\t\t<i aria-hidden=\"true\" class=\"fas fa-arrow-right\"><\/i>\t\t\t<\/span>\n\t\t\t\t\t\t\t\t\t<span class=\"elementor-button-text\">VEURE M\u00c9S<\/span>\n\t\t\t\t\t<\/span>\n\t\t\t\t\t<\/a>\n\t\t<\/div>\n\t\t\t\t<\/div>\n\t\t\t\t<\/div>\n\t\t\t\t<\/div>\n\t\t<div class=\"elementor-element elementor-element-75f301f e-con-full e-flex e-con e-child\" data-id=\"75f301f\" data-element_type=\"container\">\n\t\t<div class=\"elementor-element elementor-element-2165657 e-flex e-con-boxed e-con e-child\" data-id=\"2165657\" data-element_type=\"container\">\n\t\t\t\t\t<div class=\"e-con-inner\">\n\t\t\t\t<div class=\"elementor-element elementor-element-1b65949 dce_masking-none elementor-widget elementor-widget-image\" data-id=\"1b65949\" data-element_type=\"widget\" data-widget_type=\"image.default\">\n\t\t\t\t<div class=\"elementor-widget-container\">\n\t\t\t\t\t\t\t\t\t\t\t\t\t\t<a href=\"https:\/\/dbbalears.com\/ca\/vi-fosca-negra\/\">\n\t\t\t\t\t\t\t<img decoding=\"async\" width=\"1\" height=\"1\" src=\"https:\/\/dbbalears.com\/wp-content\/uploads\/2023\/10\/logo-fosca-negre.svg\" class=\"attachment-large size-large wp-image-297\" alt=\"\" \/>\t\t\t\t\t\t\t\t<\/a>\n\t\t\t\t\t\t\t\t\t\t\t\t\t<\/div>\n\t\t\t\t<\/div>\n\t\t\t\t<div class=\"elementor-element elementor-element-4510ccf elementor-widget elementor-widget-text-editor\" data-id=\"4510ccf\" data-element_type=\"widget\" data-widget_type=\"text-editor.default\">\n\t\t\t\t<div class=\"elementor-widget-container\">\n\t\t\t\t\t\t\tUn vi tan mallorqu\u00ed havia de tenir un nom molt lligat a la tradici\u00f3 balear, com s\u00f3n els carros i els rucs tan t\u00edpics de la nostra illa. Un vi \u00fanic que pots trobar a les seves tres varietats: blanc, negre o rosat.\n\n\t\t\t\t\t\t<\/div>\n\t\t\t\t<\/div>\n\t\t\t\t\t<\/div>\n\t\t\t\t<\/div>\n\t\t\t\t<\/div>\n\t\t\t\t\t<\/div>\n\t\t\t\t<\/div>\n\t\t\t\t<\/div>\n\t\t","protected":false},"excerpt":{"rendered":"<p>GARATGE 1921 GARAGE 1921 \u00e9s una selecci\u00f3 exquisida de vins que capturen l&#8217;ess\u00e8ncia de la Ribera del Duero, regi\u00f3 vin\u00edcola espanyola c\u00e8lebre pels seus vins de qualitat superior. Cada ampolla de GARAGE 1921 \u00e9s un homenatge a la tradici\u00f3 vitivin\u00edcola, amb un fort vincle amb la cultura balear i la seva caracter\u00edstica imatge rural, JOVE [&hellip;]<\/p>\n","protected":false},"author":1,"featured_media":0,"parent":0,"menu_order":0,"comment_status":"closed","ping_status":"closed","template":"","meta":{"_acf_changed":false,"footnotes":""},"class_list":["post-1970","page","type-page","status-publish","hentry"],"acf":[],"_links":{"self":[{"href":"https:\/\/dbbalears.com\/ca\/wp-json\/wp\/v2\/pages\/1970","targetHints":{"allow":["GET"]}}],"collection":[{"href":"https:\/\/dbbalears.com\/ca\/wp-json\/wp\/v2\/pages"}],"about":[{"href":"https:\/\/dbbalears.com\/ca\/wp-json\/wp\/v2\/types\/page"}],"author":[{"embeddable":true,"href":"https:\/\/dbbalears.com\/ca\/wp-json\/wp\/v2\/users\/1"}],"replies":[{"embeddable":true,"href":"https:\/\/dbbalears.com\/ca\/wp-json\/wp\/v2\/comments?post=1970"}],"version-history":[{"count":1,"href":"https:\/\/dbbalears.com\/ca\/wp-json\/wp\/v2\/pages\/1970\/revisions"}],"predecessor-version":[{"id":1972,"href":"https:\/\/dbbalears.com\/ca\/wp-json\/wp\/v2\/pages\/1970\/revisions\/1972"}],"wp:attachment":[{"href":"https:\/\/dbbalears.com\/ca\/wp-json\/wp\/v2\/media?parent=1970"}],"curies":[{"name":"wp","href":"https:\/\/api.w.org\/{rel}","templated":true}]}}