{"id":1965,"date":"2024-01-30T10:25:58","date_gmt":"2024-01-30T09:25:58","guid":{"rendered":"https:\/\/dbbalears.com\/kinkristo\/"},"modified":"2024-06-06T18:13:41","modified_gmt":"2024-06-06T16:13:41","slug":"kinkristo","status":"publish","type":"page","link":"https:\/\/dbbalears.com\/ca\/kinkristo\/","title":{"rendered":"KinKristo"},"content":{"rendered":"\t\t<div data-elementor-type=\"wp-page\" data-elementor-id=\"1965\" class=\"elementor elementor-1965 elementor-768\" data-elementor-post-type=\"page\">\n\t\t\t\t<div class=\"elementor-element elementor-element-9b10e93 e-con-full e-flex e-con e-child\" data-id=\"9b10e93\" data-element_type=\"container\">\n\t\t<div class=\"elementor-element elementor-element-dd3fa75 e-con-full e-flex e-con e-child\" data-id=\"dd3fa75\" data-element_type=\"container\">\n\t\t\t\t<div class=\"elementor-element elementor-element-946ad43 dce_masking-none elementor-widget elementor-widget-image\" data-id=\"946ad43\" data-element_type=\"widget\" data-widget_type=\"image.default\">\n\t\t\t\t<div class=\"elementor-widget-container\">\n\t\t\t\t\t\t\t\t\t\t\t\t\t<img fetchpriority=\"high\" decoding=\"async\" width=\"600\" height=\"200\" src=\"https:\/\/dbbalears.com\/wp-content\/uploads\/2024\/03\/kinkristo-logo-dbb-cerveza.png\" class=\"attachment-large size-large wp-image-989\" alt=\"\" srcset=\"https:\/\/dbbalears.com\/wp-content\/uploads\/2024\/03\/kinkristo-logo-dbb-cerveza.png 600w, https:\/\/dbbalears.com\/wp-content\/uploads\/2024\/03\/kinkristo-logo-dbb-cerveza-300x100.png 300w\" sizes=\"(max-width: 600px) 100vw, 600px\" \/>\t\t\t\t\t\t\t\t\t\t\t\t\t<\/div>\n\t\t\t\t<\/div>\n\t\t\t\t<div class=\"elementor-element elementor-element-fb4bba4 elementor-widget__width-inherit elementor-widget elementor-widget-text-editor\" data-id=\"fb4bba4\" data-element_type=\"widget\" data-widget_type=\"text-editor.default\">\n\t\t\t\t<div class=\"elementor-widget-container\">\n\t\t\t\t\t\t\t<h3>Una cervesa suau, fresca i simp\u00e0tica<\/h3>\n\t\t\t\t\t\t<\/div>\n\t\t\t\t<\/div>\n\t\t\t\t<\/div>\n\t\t<div class=\"elementor-element elementor-element-7f79f0e e-con-full e-flex e-con e-child\" data-id=\"7f79f0e\" data-element_type=\"container\">\n\t\t\t\t<div class=\"elementor-element elementor-element-19c9a92 dce_masking-none elementor-widget elementor-widget-image\" data-id=\"19c9a92\" data-element_type=\"widget\" data-settings=\"{&quot;motion_fx_motion_fx_scrolling&quot;:&quot;yes&quot;,&quot;motion_fx_translateY_effect&quot;:&quot;yes&quot;,&quot;motion_fx_translateY_direction&quot;:&quot;negative&quot;,&quot;motion_fx_translateY_speed&quot;:{&quot;unit&quot;:&quot;px&quot;,&quot;size&quot;:3,&quot;sizes&quot;:[]},&quot;motion_fx_translateY_affectedRange&quot;:{&quot;unit&quot;:&quot;%&quot;,&quot;size&quot;:&quot;&quot;,&quot;sizes&quot;:{&quot;start&quot;:0,&quot;end&quot;:100}},&quot;motion_fx_devices&quot;:[&quot;desktop&quot;,&quot;tablet&quot;,&quot;mobile&quot;]}\" data-widget_type=\"image.default\">\n\t\t\t\t<div class=\"elementor-widget-container\">\n\t\t\t\t\t\t\t\t\t\t\t\t\t\t<a href=\"https:\/\/dbbalears.com\/ca\/petit-valent\/\">\n\t\t\t\t\t\t\t<img decoding=\"async\" width=\"888\" height=\"810\" src=\"https:\/\/dbbalears.com\/wp-content\/uploads\/2024\/05\/KON-KRISTO-3-BOTELLAS-3-2-e1716882268924.webp\" class=\"attachment-full size-full wp-image-1182\" alt=\"\" srcset=\"https:\/\/dbbalears.com\/wp-content\/uploads\/2024\/05\/KON-KRISTO-3-BOTELLAS-3-2-e1716882268924.webp 888w, https:\/\/dbbalears.com\/wp-content\/uploads\/2024\/05\/KON-KRISTO-3-BOTELLAS-3-2-e1716882268924-300x274.webp 300w, https:\/\/dbbalears.com\/wp-content\/uploads\/2024\/05\/KON-KRISTO-3-BOTELLAS-3-2-e1716882268924-768x701.webp 768w\" sizes=\"(max-width: 888px) 100vw, 888px\" \/>\t\t\t\t\t\t\t\t<\/a>\n\t\t\t\t\t\t\t\t\t\t\t\t\t<\/div>\n\t\t\t\t<\/div>\n\t\t\t\t<\/div>\n\t\t\t\t<\/div>\n\t\t<div class=\"elementor-element elementor-element-d662561 e-flex e-con-boxed e-con e-parent\" data-id=\"d662561\" data-element_type=\"container\">\n\t\t\t\t\t<div class=\"e-con-inner\">\n\t\t<div class=\"elementor-element elementor-element-0df7c1f e-con-full e-flex e-con e-child\" data-id=\"0df7c1f\" data-element_type=\"container\">\n\t\t\t\t<div class=\"elementor-element elementor-element-176079b dce_masking-none elementor-position-top elementor-widget elementor-widget-image-box\" data-id=\"176079b\" data-element_type=\"widget\" data-widget_type=\"image-box.default\">\n\t\t\t\t<div class=\"elementor-widget-container\">\n\t\t\t<div class=\"elementor-image-box-wrapper\"><figure class=\"elementor-image-box-img\"><img decoding=\"async\" src=\"https:\/\/dbbalears.com\/wp-content\/uploads\/2024\/03\/icon-mallorquina.svg\" class=\"attachment-full size-full wp-image-991\" alt=\"\" \/><\/figure><div class=\"elementor-image-box-content\"><h3 class=\"elementor-image-box-title\">100% mallorquina<\/h3><p class=\"elementor-image-box-description\">\u00c9s una cervesa nascuda a Mallorca, una cervesa amb broma i conya\n<\/p><\/div><\/div>\t\t<\/div>\n\t\t\t\t<\/div>\n\t\t\t\t<\/div>\n\t\t<div class=\"elementor-element elementor-element-1e071f8 e-con-full e-flex e-con e-child\" data-id=\"1e071f8\" data-element_type=\"container\">\n\t\t\t\t<div class=\"elementor-element elementor-element-63d8354 dce_masking-none elementor-position-top elementor-widget elementor-widget-image-box\" data-id=\"63d8354\" data-element_type=\"widget\" data-widget_type=\"image-box.default\">\n\t\t\t\t<div class=\"elementor-widget-container\">\n\t\t\t<div class=\"elementor-image-box-wrapper\"><figure class=\"elementor-image-box-img\"><img decoding=\"async\" src=\"https:\/\/dbbalears.com\/wp-content\/uploads\/2024\/03\/icon-pilsen.svg\" class=\"attachment-full size-full wp-image-992\" alt=\"\" \/><\/figure><div class=\"elementor-image-box-content\"><h3 class=\"elementor-image-box-title\">Tipus Pilsen<\/h3><p class=\"elementor-image-box-description\">El seu sabor \u00e9s suau i agradable. Una elecci\u00f3 per a qualsevol moment<\/p><\/div><\/div>\t\t<\/div>\n\t\t\t\t<\/div>\n\t\t\t\t<\/div>\n\t\t<div class=\"elementor-element elementor-element-3590bb1 e-con-full e-flex e-con e-child\" data-id=\"3590bb1\" data-element_type=\"container\">\n\t\t\t\t<div class=\"elementor-element elementor-element-d3664a0 dce_masking-none elementor-position-top elementor-widget elementor-widget-image-box\" data-id=\"d3664a0\" data-element_type=\"widget\" data-widget_type=\"image-box.default\">\n\t\t\t\t<div class=\"elementor-widget-container\">\n\t\t\t<div class=\"elementor-image-box-wrapper\"><figure class=\"elementor-image-box-img\"><img decoding=\"async\" width=\"200\" height=\"200\" src=\"https:\/\/dbbalears.com\/wp-content\/uploads\/2024\/03\/44-kinkristo.png\" class=\"attachment-full size-full wp-image-994\" alt=\"\" srcset=\"https:\/\/dbbalears.com\/wp-content\/uploads\/2024\/03\/44-kinkristo.png 200w, https:\/\/dbbalears.com\/wp-content\/uploads\/2024\/03\/44-kinkristo-150x150.png 150w\" sizes=\"(max-width: 200px) 100vw, 200px\" \/><\/figure><div class=\"elementor-image-box-content\"><h3 class=\"elementor-image-box-title\">Graduaci\u00f3 Suau<\/h3><p class=\"elementor-image-box-description\">\u00c9s una cervesa amb graduaci\u00f3 suau que es fa amb qualsevol paladar<\/p><\/div><\/div>\t\t<\/div>\n\t\t\t\t<\/div>\n\t\t\t\t<\/div>\n\t\t\t\t\t<\/div>\n\t\t\t\t<\/div>\n\t\t<div class=\"elementor-element elementor-element-2b75877 e-flex e-con-boxed e-con e-parent\" data-id=\"2b75877\" data-element_type=\"container\">\n\t\t\t\t\t<div class=\"e-con-inner\">\n\t\t<div class=\"elementor-element elementor-element-4834cd7 e-con-full e-flex e-con e-child\" data-id=\"4834cd7\" data-element_type=\"container\">\n\t\t\t\t<div class=\"elementor-element elementor-element-23ecde2 dce_masking-none elementor-widget elementor-widget-image\" data-id=\"23ecde2\" data-element_type=\"widget\" data-widget_type=\"image.default\">\n\t\t\t\t<div class=\"elementor-widget-container\">\n\t\t\t\t\t\t\t\t\t\t\t\t\t<img loading=\"lazy\" decoding=\"async\" width=\"800\" height=\"534\" src=\"https:\/\/dbbalears.com\/wp-content\/uploads\/2024\/05\/KIN-KRISTO-IPA-CARTEL-1024x683.webp\" class=\"attachment-large size-large wp-image-1169\" alt=\"\" srcset=\"https:\/\/dbbalears.com\/wp-content\/uploads\/2024\/05\/KIN-KRISTO-IPA-CARTEL-1024x683.webp 1024w, https:\/\/dbbalears.com\/wp-content\/uploads\/2024\/05\/KIN-KRISTO-IPA-CARTEL-768x512.webp 768w\" sizes=\"(max-width: 800px) 100vw, 800px\" \/>\t\t\t\t\t\t\t\t\t\t\t\t\t<\/div>\n\t\t\t\t<\/div>\n\t\t\t\t<\/div>\n\t\t<div class=\"elementor-element elementor-element-12bbdae e-con-full e-flex e-con e-child\" data-id=\"12bbdae\" data-element_type=\"container\">\n\t\t\t\t<div class=\"elementor-element elementor-element-ea8c2dc elementor-widget elementor-widget-heading\" data-id=\"ea8c2dc\" data-element_type=\"widget\" data-widget_type=\"heading.default\">\n\t\t\t\t<div class=\"elementor-widget-container\">\n\t\t\t<h4 class=\"elementor-heading-title elementor-size-default\">Esperit lluitador\n<\/h4>\t\t<\/div>\n\t\t\t\t<\/div>\n\t\t\t\t<div class=\"elementor-element elementor-element-ae13ced elementor-widget elementor-widget-text-editor\" data-id=\"ae13ced\" data-element_type=\"widget\" data-widget_type=\"text-editor.default\">\n\t\t\t\t<div class=\"elementor-widget-container\">\n\t\t\t\t\t\t\t<div class=\"uk-container uk-container-small uk-text-center uk-margin\">\n<p><b>Kinkristo<\/b> \u00e9s la marca de cervesa mallorquina nascuda el pitjor any de la hist\u00f2ria, l&#8217;any Covid-19. El seu concepte es gestava de temps enrere i amb el confinament i temps per pensar, crear i executar ha tirat endavant aquest il\u00b7lusionant projecte.<\/p>\n<p>\u00c9s una marca de <b>cervesa 100% mallorquina i artesanal<\/b> sense conservants ni additius ni estabilitzants.<\/p>\n<\/div>\n\t\t\t\t\t\t<\/div>\n\t\t\t\t<\/div>\n\t\t\t\t<\/div>\n\t\t\t\t\t<\/div>\n\t\t\t\t<\/div>\n\t\t<div class=\"elementor-element elementor-element-76e0522 e-flex e-con-boxed e-con e-parent\" data-id=\"76e0522\" data-element_type=\"container\">\n\t\t\t\t\t<div class=\"e-con-inner\">\n\t\t\t\t<div class=\"elementor-element elementor-element-d3e3a0e dce_masking-none elementor-widget elementor-widget-image\" data-id=\"d3e3a0e\" data-element_type=\"widget\" data-widget_type=\"image.default\">\n\t\t\t\t<div class=\"elementor-widget-container\">\n\t\t\t\t\t\t\t\t\t\t\t\t\t<img loading=\"lazy\" decoding=\"async\" width=\"800\" height=\"534\" src=\"https:\/\/dbbalears.com\/wp-content\/uploads\/2024\/05\/kin-kristo-dbb-1024x683.jpeg\" class=\"attachment-large size-large wp-image-1187\" alt=\"\" srcset=\"https:\/\/dbbalears.com\/wp-content\/uploads\/2024\/05\/kin-kristo-dbb-1024x683.jpeg 1024w, https:\/\/dbbalears.com\/wp-content\/uploads\/2024\/05\/kin-kristo-dbb-300x200.jpeg 300w, https:\/\/dbbalears.com\/wp-content\/uploads\/2024\/05\/kin-kristo-dbb-768x512.jpeg 768w, https:\/\/dbbalears.com\/wp-content\/uploads\/2024\/05\/kin-kristo-dbb.jpeg 1200w\" sizes=\"(max-width: 800px) 100vw, 800px\" \/>\t\t\t\t\t\t\t\t\t\t\t\t\t<\/div>\n\t\t\t\t<\/div>\n\t\t\t\t\t<\/div>\n\t\t\t\t<\/div>\n\t\t<div data-dce-background-overlay-image-url=\"https:\/\/dbbalears.com\/wp-content\/uploads\/2023\/06\/bg-dbb-co-03.jpg\" class=\"elementor-element elementor-element-dee60eb e-flex e-con-boxed e-con e-parent\" data-id=\"dee60eb\" data-element_type=\"container\">\n\t\t\t\t\t<div class=\"e-con-inner\">\n\t\t<div class=\"elementor-element elementor-element-6085e93 e-con-full e-flex e-con e-child\" data-id=\"6085e93\" data-element_type=\"container\" data-settings=\"{&quot;background_background&quot;:&quot;classic&quot;}\">\n\t\t\t\t<div data-dce-background-color=\"#FFFFFF00\" class=\"elementor-element elementor-element-eb429aa elementor-align-left elementor-widget__width-initial elementor-widget elementor-widget-button\" data-id=\"eb429aa\" data-element_type=\"widget\" data-widget_type=\"button.default\">\n\t\t\t\t<div class=\"elementor-widget-container\">\n\t\t\t\t\t<div class=\"elementor-button-wrapper\">\n\t\t\t<a class=\"elementor-button elementor-button-link elementor-size-md\" href=\"https:\/\/dbbalears.com\/ca\/vi-fosca-negra\/\">\n\t\t\t\t\t\t<span class=\"elementor-button-content-wrapper\">\n\t\t\t\t\t\t<span class=\"elementor-button-icon\">\n\t\t\t\t<i aria-hidden=\"true\" class=\"fas fa-arrow-right\"><\/i>\t\t\t<\/span>\n\t\t\t\t\t\t\t\t\t<span class=\"elementor-button-text\">VEURE M\u00c9S<\/span>\n\t\t\t\t\t<\/span>\n\t\t\t\t\t<\/a>\n\t\t<\/div>\n\t\t\t\t<\/div>\n\t\t\t\t<\/div>\n\t\t\t\t<\/div>\n\t\t<div class=\"elementor-element elementor-element-75f301f e-con-full e-flex e-con e-child\" data-id=\"75f301f\" data-element_type=\"container\">\n\t\t<div class=\"elementor-element elementor-element-2165657 e-flex e-con-boxed e-con e-child\" data-id=\"2165657\" data-element_type=\"container\">\n\t\t\t\t\t<div class=\"e-con-inner\">\n\t\t\t\t<div class=\"elementor-element elementor-element-1b65949 dce_masking-none elementor-widget elementor-widget-image\" data-id=\"1b65949\" data-element_type=\"widget\" data-widget_type=\"image.default\">\n\t\t\t\t<div class=\"elementor-widget-container\">\n\t\t\t\t\t\t\t\t\t\t\t\t\t\t<a href=\"https:\/\/dbbalears.com\/ca\/vi-fosca-negra\/\">\n\t\t\t\t\t\t\t<img loading=\"lazy\" decoding=\"async\" width=\"1\" height=\"1\" src=\"https:\/\/dbbalears.com\/wp-content\/uploads\/2023\/10\/logo-fosca-negre.svg\" class=\"attachment-large size-large wp-image-297\" alt=\"\" \/>\t\t\t\t\t\t\t\t<\/a>\n\t\t\t\t\t\t\t\t\t\t\t\t\t<\/div>\n\t\t\t\t<\/div>\n\t\t\t\t<div class=\"elementor-element elementor-element-4510ccf elementor-widget elementor-widget-text-editor\" data-id=\"4510ccf\" data-element_type=\"widget\" data-widget_type=\"text-editor.default\">\n\t\t\t\t<div class=\"elementor-widget-container\">\n\t\t\t\t\t\t\tUn vi tan mallorqu\u00ed havia de tenir un nom molt lligat a la tradici\u00f3 balear, com s\u00f3n els carros i els rucs tan t\u00edpics de la nostra illa. Un vi \u00fanic que pots trobar a les seves tres varietats: blanc, negre o rosat.\n\n\t\t\t\t\t\t<\/div>\n\t\t\t\t<\/div>\n\t\t\t\t\t<\/div>\n\t\t\t\t<\/div>\n\t\t\t\t<\/div>\n\t\t\t\t\t<\/div>\n\t\t\t\t<\/div>\n\t\t\t\t<\/div>\n\t\t","protected":false},"excerpt":{"rendered":"<p>Una cervesa suau, fresca i simp\u00e0tica 100% mallorquina \u00c9s una cervesa nascuda a Mallorca, una cervesa amb broma i conya Tipus Pilsen El seu sabor \u00e9s suau i agradable. Una elecci\u00f3 per a qualsevol moment Graduaci\u00f3 Suau \u00c9s una cervesa amb graduaci\u00f3 suau que es fa amb qualsevol paladar Esperit lluitador Kinkristo \u00e9s la marca [&hellip;]<\/p>\n","protected":false},"author":1,"featured_media":0,"parent":0,"menu_order":0,"comment_status":"closed","ping_status":"closed","template":"","meta":{"_acf_changed":false,"footnotes":""},"class_list":["post-1965","page","type-page","status-publish","hentry"],"acf":[],"_links":{"self":[{"href":"https:\/\/dbbalears.com\/ca\/wp-json\/wp\/v2\/pages\/1965","targetHints":{"allow":["GET"]}}],"collection":[{"href":"https:\/\/dbbalears.com\/ca\/wp-json\/wp\/v2\/pages"}],"about":[{"href":"https:\/\/dbbalears.com\/ca\/wp-json\/wp\/v2\/types\/page"}],"author":[{"embeddable":true,"href":"https:\/\/dbbalears.com\/ca\/wp-json\/wp\/v2\/users\/1"}],"replies":[{"embeddable":true,"href":"https:\/\/dbbalears.com\/ca\/wp-json\/wp\/v2\/comments?post=1965"}],"version-history":[{"count":2,"href":"https:\/\/dbbalears.com\/ca\/wp-json\/wp\/v2\/pages\/1965\/revisions"}],"predecessor-version":[{"id":1968,"href":"https:\/\/dbbalears.com\/ca\/wp-json\/wp\/v2\/pages\/1965\/revisions\/1968"}],"wp:attachment":[{"href":"https:\/\/dbbalears.com\/ca\/wp-json\/wp\/v2\/media?parent=1965"}],"curies":[{"name":"wp","href":"https:\/\/api.w.org\/{rel}","templated":true}]}}