{"id":1936,"date":"2023-10-26T10:37:35","date_gmt":"2023-10-26T08:37:35","guid":{"rendered":"https:\/\/dbbalears.com\/vi-fosca-negra\/"},"modified":"2024-06-06T18:13:28","modified_gmt":"2024-06-06T16:13:28","slug":"vi-fosca-negra","status":"publish","type":"page","link":"https:\/\/dbbalears.com\/ca\/vi-fosca-negra\/","title":{"rendered":"vi-fosca-negra"},"content":{"rendered":"\t\t<div data-elementor-type=\"wp-page\" data-elementor-id=\"1936\" class=\"elementor elementor-1936 elementor-341\" data-elementor-post-type=\"page\">\n\t\t\t\t<div data-dce-background-color=\"#212121\" class=\"elementor-element elementor-element-d7070d3 e-con-full e-flex e-con e-parent\" data-id=\"d7070d3\" data-element_type=\"container\" data-settings=\"{&quot;background_background&quot;:&quot;classic&quot;}\">\n\t\t<div class=\"elementor-element elementor-element-1aba284 e-con-full e-flex e-con e-child\" data-id=\"1aba284\" data-element_type=\"container\" data-settings=\"{&quot;background_background&quot;:&quot;classic&quot;}\">\n\t\t<div class=\"elementor-element elementor-element-82bd229 e-con-full e-flex e-con e-child\" data-id=\"82bd229\" data-element_type=\"container\" data-settings=\"{&quot;background_background&quot;:&quot;classic&quot;}\">\n\t\t<div class=\"elementor-element elementor-element-c24ca0b e-con-full e-flex e-con e-child\" data-id=\"c24ca0b\" data-element_type=\"container\" data-settings=\"{&quot;background_background&quot;:&quot;classic&quot;,&quot;background_motion_fx_motion_fx_scrolling&quot;:&quot;yes&quot;,&quot;background_motion_fx_scale_effect&quot;:&quot;yes&quot;,&quot;background_motion_fx_scale_direction&quot;:&quot;out-in&quot;,&quot;background_motion_fx_scale_speed&quot;:{&quot;unit&quot;:&quot;px&quot;,&quot;size&quot;:4,&quot;sizes&quot;:[]},&quot;background_motion_fx_scale_range&quot;:{&quot;unit&quot;:&quot;%&quot;,&quot;size&quot;:&quot;&quot;,&quot;sizes&quot;:{&quot;start&quot;:20,&quot;end&quot;:80}},&quot;background_motion_fx_devices&quot;:[&quot;desktop&quot;,&quot;tablet&quot;,&quot;mobile&quot;]}\">\n\t\t\t\t<div class=\"elementor-element elementor-element-9b6ee9b dce_masking-none elementor-widget elementor-widget-image\" data-id=\"9b6ee9b\" data-element_type=\"widget\" data-settings=\"{&quot;motion_fx_motion_fx_scrolling&quot;:&quot;yes&quot;,&quot;motion_fx_translateY_effect&quot;:&quot;yes&quot;,&quot;motion_fx_translateY_direction&quot;:&quot;negative&quot;,&quot;motion_fx_translateY_speed&quot;:{&quot;unit&quot;:&quot;px&quot;,&quot;size&quot;:3,&quot;sizes&quot;:[]},&quot;motion_fx_devices&quot;:[&quot;desktop&quot;,&quot;tablet&quot;],&quot;motion_fx_translateY_affectedRange&quot;:{&quot;unit&quot;:&quot;%&quot;,&quot;size&quot;:&quot;&quot;,&quot;sizes&quot;:{&quot;start&quot;:0,&quot;end&quot;:100}}}\" data-widget_type=\"image.default\">\n\t\t\t\t<div class=\"elementor-widget-container\">\n\t\t\t\t\t\t\t\t\t\t\t\t\t<img fetchpriority=\"high\" decoding=\"async\" width=\"800\" height=\"1200\" src=\"https:\/\/dbbalears.com\/wp-content\/uploads\/2023\/06\/land-fo-01.png\" class=\"attachment-full size-full wp-image-66\" alt=\"\" srcset=\"https:\/\/dbbalears.com\/wp-content\/uploads\/2023\/06\/land-fo-01.png 800w, https:\/\/dbbalears.com\/wp-content\/uploads\/2023\/06\/land-fo-01-200x300.png 200w, https:\/\/dbbalears.com\/wp-content\/uploads\/2023\/06\/land-fo-01-683x1024.png 683w, https:\/\/dbbalears.com\/wp-content\/uploads\/2023\/06\/land-fo-01-768x1152.png 768w\" sizes=\"(max-width: 800px) 100vw, 800px\" \/>\t\t\t\t\t\t\t\t\t\t\t\t\t<\/div>\n\t\t\t\t<\/div>\n\t\t\t\t<\/div>\n\t\t<div class=\"elementor-element elementor-element-5879380 e-con-full e-flex e-con e-child\" data-id=\"5879380\" data-element_type=\"container\" data-settings=\"{&quot;background_background&quot;:&quot;classic&quot;}\">\n\t\t\t\t<div class=\"elementor-element elementor-element-6f5b8b5 elementor-widget__width-initial dce_masking-none elementor-widget elementor-widget-image\" data-id=\"6f5b8b5\" data-element_type=\"widget\" data-widget_type=\"image.default\">\n\t\t\t\t<div class=\"elementor-widget-container\">\n\t\t\t\t\t\t\t\t\t\t\t\t\t<img decoding=\"async\" width=\"1\" height=\"1\" src=\"https:\/\/dbbalears.com\/wp-content\/uploads\/2023\/10\/logo-fosca-negre.svg\" class=\"attachment-large size-large wp-image-297\" alt=\"\" \/>\t\t\t\t\t\t\t\t\t\t\t\t\t<\/div>\n\t\t\t\t<\/div>\n\t\t\t\t<div class=\"elementor-element elementor-element-9c658b5 elementor-widget elementor-widget-text-editor\" data-id=\"9c658b5\" data-element_type=\"widget\" data-widget_type=\"text-editor.default\">\n\t\t\t\t<div class=\"elementor-widget-container\">\n\t\t\t\t\t\t\t<p>fosca negra Sabor, personalitat, cos i eleg\u00e0ncia. Tot ho t\u00e9 \u201cfosca negra\u201d, un vi ideal per prendre sol o en companyia i gaudir de les seves aromes afruitades i el seu delicat sabor.<br \/>Per aconseguir el vi perfecte, el ra\u00efm ha de ser recol\u00b7lectat quan encara \u00e9s fosc. Ja que, segons expliquen, li confereix un sabor especial i aut\u00e8ntic. Per aquesta ra\u00f3 el seu nom \u00e9s \u201cfosca negra\u201d.<\/p>\n<p>Pots triar entre les tres varietats: blanc, negre crian\u00e7a o rosat.<\/p><\/p>\n\t\t\t\t\t\t<\/div>\n\t\t\t\t<\/div>\n\t\t\t\t<div class=\"elementor-element elementor-element-20447da elementor-widget__width-inherit dce_masking-none elementor-widget elementor-widget-image\" data-id=\"20447da\" data-element_type=\"widget\" data-widget_type=\"image.default\">\n\t\t\t\t<div class=\"elementor-widget-container\">\n\t\t\t\t\t\t\t\t\t\t\t\t\t<img decoding=\"async\" width=\"800\" height=\"283\" src=\"https:\/\/dbbalears.com\/wp-content\/uploads\/2023\/06\/land-fo-05.png\" class=\"attachment-large size-large wp-image-67\" alt=\"\" srcset=\"https:\/\/dbbalears.com\/wp-content\/uploads\/2023\/06\/land-fo-05.png 800w, https:\/\/dbbalears.com\/wp-content\/uploads\/2023\/06\/land-fo-05-300x106.png 300w, https:\/\/dbbalears.com\/wp-content\/uploads\/2023\/06\/land-fo-05-768x272.png 768w\" sizes=\"(max-width: 800px) 100vw, 800px\" \/>\t\t\t\t\t\t\t\t\t\t\t\t\t<\/div>\n\t\t\t\t<\/div>\n\t\t\t\t<\/div>\n\t\t\t\t<\/div>\n\t\t\t\t<\/div>\n\t\t\t\t<\/div>\n\t\t<div data-pa-eq-height=\"{&quot;targetType&quot;:&quot;widget&quot;,&quot;target&quot;:&quot;&quot;,&quot;trigger&quot;:&quot;load&quot;,&quot;enableOn&quot;:[&quot;desktop&quot;,&quot;tablet&quot;,&quot;mobile&quot;]}\" class=\"elementor-element elementor-element-76d0053 e-con-full premium-equal-height-yes e-flex e-con e-parent\" data-id=\"76d0053\" data-element_type=\"container\" data-settings=\"{&quot;background_background&quot;:&quot;classic&quot;,&quot;premium_eq_height_switcher&quot;:&quot;yes&quot;}\">\n\t\t<div class=\"elementor-element elementor-element-8b0d56c e-con-full e-flex e-con e-child\" data-id=\"8b0d56c\" data-element_type=\"container\">\n\t\t\t\t<div class=\"elementor-element elementor-element-1e4293c dce_masking-none elementor-widget elementor-widget-image\" data-id=\"1e4293c\" data-element_type=\"widget\" data-widget_type=\"image.default\">\n\t\t\t\t<div class=\"elementor-widget-container\">\n\t\t\t\t\t\t\t\t\t\t\t\t\t<img loading=\"lazy\" decoding=\"async\" width=\"400\" height=\"600\" src=\"https:\/\/dbbalears.com\/wp-content\/uploads\/2023\/06\/land-fo-02.png\" class=\"attachment-large size-large wp-image-59\" alt=\"\" srcset=\"https:\/\/dbbalears.com\/wp-content\/uploads\/2023\/06\/land-fo-02.png 400w, https:\/\/dbbalears.com\/wp-content\/uploads\/2023\/06\/land-fo-02-200x300.png 200w\" sizes=\"(max-width: 400px) 100vw, 400px\" \/>\t\t\t\t\t\t\t\t\t\t\t\t\t<\/div>\n\t\t\t\t<\/div>\n\t\t\t\t<div class=\"elementor-element elementor-element-dc81049 elementor-widget elementor-widget-heading\" data-id=\"dc81049\" data-element_type=\"widget\" data-widget_type=\"heading.default\">\n\t\t\t\t<div class=\"elementor-widget-container\">\n\t\t\t<h3 class=\"elementor-heading-title elementor-size-default\">NEGRE<\/h3>\t\t<\/div>\n\t\t\t\t<\/div>\n\t\t\t\t<div class=\"elementor-element elementor-element-cc16ae1 elementor-widget elementor-widget-text-editor\" data-id=\"cc16ae1\" data-element_type=\"widget\" data-widget_type=\"text-editor.default\">\n\t\t\t\t<div class=\"elementor-widget-container\">\n\t\t\t\t\t\t\t<p>Negre, Mantell negre, Cabernet i Syrah 14 mesos en b\u00f3ta<\/p>\n\t\t\t\t\t\t<\/div>\n\t\t\t\t<\/div>\n\t\t\t\t<\/div>\n\t\t<div class=\"elementor-element elementor-element-c09919a e-con-full e-flex e-con e-child\" data-id=\"c09919a\" data-element_type=\"container\">\n\t\t\t\t<div class=\"elementor-element elementor-element-9c02032 dce_masking-none elementor-widget elementor-widget-image\" data-id=\"9c02032\" data-element_type=\"widget\" data-widget_type=\"image.default\">\n\t\t\t\t<div class=\"elementor-widget-container\">\n\t\t\t\t\t\t\t\t\t\t\t\t\t<img loading=\"lazy\" decoding=\"async\" width=\"400\" height=\"600\" src=\"https:\/\/dbbalears.com\/wp-content\/uploads\/2023\/06\/land-fo-03.png\" class=\"attachment-large size-large wp-image-58\" alt=\"\" srcset=\"https:\/\/dbbalears.com\/wp-content\/uploads\/2023\/06\/land-fo-03.png 400w, https:\/\/dbbalears.com\/wp-content\/uploads\/2023\/06\/land-fo-03-200x300.png 200w\" sizes=\"(max-width: 400px) 100vw, 400px\" \/>\t\t\t\t\t\t\t\t\t\t\t\t\t<\/div>\n\t\t\t\t<\/div>\n\t\t\t\t<div class=\"elementor-element elementor-element-b60e07d elementor-widget elementor-widget-heading\" data-id=\"b60e07d\" data-element_type=\"widget\" data-widget_type=\"heading.default\">\n\t\t\t\t<div class=\"elementor-widget-container\">\n\t\t\t<h3 class=\"elementor-heading-title elementor-size-default\">ROSAT<\/h3>\t\t<\/div>\n\t\t\t\t<\/div>\n\t\t\t\t<div class=\"elementor-element elementor-element-a53c671 elementor-widget-mobile__width-inherit elementor-widget elementor-widget-text-editor\" data-id=\"a53c671\" data-element_type=\"widget\" data-widget_type=\"text-editor.default\">\n\t\t\t\t<div class=\"elementor-widget-container\">\n\t\t\t\t\t\t\t<p>100% Mantell negre<\/p>\n\t\t\t\t\t\t<\/div>\n\t\t\t\t<\/div>\n\t\t\t\t<\/div>\n\t\t<div class=\"elementor-element elementor-element-46df3ea e-con-full e-flex e-con e-child\" data-id=\"46df3ea\" data-element_type=\"container\">\n\t\t\t\t<div class=\"elementor-element elementor-element-183e3bf dce_masking-none elementor-widget elementor-widget-image\" data-id=\"183e3bf\" data-element_type=\"widget\" data-widget_type=\"image.default\">\n\t\t\t\t<div class=\"elementor-widget-container\">\n\t\t\t\t\t\t\t\t\t\t\t\t\t<img loading=\"lazy\" decoding=\"async\" width=\"400\" height=\"600\" src=\"https:\/\/dbbalears.com\/wp-content\/uploads\/2023\/06\/land-fo-04.png\" class=\"attachment-large size-large wp-image-56\" alt=\"\" srcset=\"https:\/\/dbbalears.com\/wp-content\/uploads\/2023\/06\/land-fo-04.png 400w, https:\/\/dbbalears.com\/wp-content\/uploads\/2023\/06\/land-fo-04-200x300.png 200w\" sizes=\"(max-width: 400px) 100vw, 400px\" \/>\t\t\t\t\t\t\t\t\t\t\t\t\t<\/div>\n\t\t\t\t<\/div>\n\t\t\t\t<div class=\"elementor-element elementor-element-92c1e39 elementor-widget elementor-widget-heading\" data-id=\"92c1e39\" data-element_type=\"widget\" data-widget_type=\"heading.default\">\n\t\t\t\t<div class=\"elementor-widget-container\">\n\t\t\t<h3 class=\"elementor-heading-title elementor-size-default\">BLANC<\/h3>\t\t<\/div>\n\t\t\t\t<\/div>\n\t\t\t\t<div class=\"elementor-element elementor-element-b1dff67 elementor-widget-mobile__width-inherit elementor-widget elementor-widget-text-editor\" data-id=\"b1dff67\" data-element_type=\"widget\" data-widget_type=\"text-editor.default\">\n\t\t\t\t<div class=\"elementor-widget-container\">\n\t\t\t\t\t\t\t<p>100% Sauvignon blanc<\/p>\n\t\t\t\t\t\t<\/div>\n\t\t\t\t<\/div>\n\t\t\t\t<\/div>\n\t\t\t\t<\/div>\n\t\t<div data-dce-background-overlay-image-url=\"https:\/\/dbbalears.com\/wp-content\/uploads\/2023\/06\/bg-dbb-co-02.jpg\" class=\"elementor-element elementor-element-2093364 e-con-full e-flex e-con e-parent\" data-id=\"2093364\" data-element_type=\"container\" data-settings=\"{&quot;background_background&quot;:&quot;classic&quot;}\">\n\t\t<div class=\"elementor-element elementor-element-bfd2566 e-con-full e-flex e-con e-child\" data-id=\"bfd2566\" data-element_type=\"container\" data-settings=\"{&quot;background_background&quot;:&quot;classic&quot;}\">\n\t\t\t\t<div class=\"elementor-element elementor-element-9524cc1 dce_masking-none elementor-widget elementor-widget-image\" data-id=\"9524cc1\" data-element_type=\"widget\" data-widget_type=\"image.default\">\n\t\t\t\t<div class=\"elementor-widget-container\">\n\t\t\t\t\t\t\t\t\t\t\t\t\t<img loading=\"lazy\" decoding=\"async\" width=\"500\" height=\"200\" src=\"https:\/\/dbbalears.com\/wp-content\/uploads\/2023\/10\/carros-someres.png\" class=\"attachment-large size-large wp-image-346\" alt=\"\" srcset=\"https:\/\/dbbalears.com\/wp-content\/uploads\/2023\/10\/carros-someres.png 500w, https:\/\/dbbalears.com\/wp-content\/uploads\/2023\/10\/carros-someres-300x120.png 300w\" sizes=\"(max-width: 500px) 100vw, 500px\" \/>\t\t\t\t\t\t\t\t\t\t\t\t\t<\/div>\n\t\t\t\t<\/div>\n\t\t\t\t<div class=\"elementor-element elementor-element-4f39a9a elementor-widget elementor-widget-text-editor\" data-id=\"4f39a9a\" data-element_type=\"widget\" data-widget_type=\"text-editor.default\">\n\t\t\t\t<div class=\"elementor-widget-container\">\n\t\t\t\t\t\t\t<p>Un vi tan mallorqu\u00ed havia de tenir un nom molt lligat a la tradici\u00f3 balear, com s\u00f3n els carros i els rucs tan t\u00edpics de la nostra illa. Un vi \u00fanic que pots trobar a les seves tres varietats: blanc, negre o rosat.<\/p><\/p>\n\t\t\t\t\t\t<\/div>\n\t\t\t\t<\/div>\n\t\t\t\t<\/div>\n\t\t<div class=\"elementor-element elementor-element-20ea250 e-con-full e-flex e-con e-child\" data-id=\"20ea250\" data-element_type=\"container\">\n\t\t<div class=\"elementor-element elementor-element-13636aa e-flex e-con-boxed e-con e-child\" data-id=\"13636aa\" data-element_type=\"container\">\n\t\t\t\t\t<div class=\"e-con-inner\">\n\t\t\t\t<div data-dce-background-color=\"#FFFFFF00\" class=\"elementor-element elementor-element-1d98b10 elementor-align-right elementor-widget elementor-widget-button\" data-id=\"1d98b10\" data-element_type=\"widget\" data-widget_type=\"button.default\">\n\t\t\t\t<div class=\"elementor-widget-container\">\n\t\t\t\t\t<div class=\"elementor-button-wrapper\">\n\t\t\t<a class=\"elementor-button elementor-button-link elementor-size-sm\" href=\"https:\/\/dbbalears.com\/ca\/vi-carros-i-somers\/\">\n\t\t\t\t\t\t<span class=\"elementor-button-content-wrapper\">\n\t\t\t\t\t\t<span class=\"elementor-button-icon\">\n\t\t\t\t<i aria-hidden=\"true\" class=\"fas fa-arrow-right\"><\/i>\t\t\t<\/span>\n\t\t\t\t\t\t\t\t\t<span class=\"elementor-button-text\">VEURE M\u00c9S<\/span>\n\t\t\t\t\t<\/span>\n\t\t\t\t\t<\/a>\n\t\t<\/div>\n\t\t\t\t<\/div>\n\t\t\t\t<\/div>\n\t\t\t\t\t<\/div>\n\t\t\t\t<\/div>\n\t\t\t\t<\/div>\n\t\t\t\t<\/div>\n\t\t\t\t<\/div>\n\t\t","protected":false},"excerpt":{"rendered":"<p>fosca negra Sabor, personalitat, cos i eleg\u00e0ncia. Tot ho t\u00e9 \u201cfosca negra\u201d, un vi ideal per prendre sol o en companyia i gaudir de les seves aromes afruitades i el seu delicat sabor.Per aconseguir el vi perfecte, el ra\u00efm ha de ser recol\u00b7lectat quan encara \u00e9s fosc. Ja que, segons expliquen, li confereix un sabor [&hellip;]<\/p>\n","protected":false},"author":1,"featured_media":0,"parent":0,"menu_order":0,"comment_status":"closed","ping_status":"closed","template":"","meta":{"_acf_changed":false,"footnotes":""},"class_list":["post-1936","page","type-page","status-publish","hentry"],"acf":[],"_links":{"self":[{"href":"https:\/\/dbbalears.com\/ca\/wp-json\/wp\/v2\/pages\/1936","targetHints":{"allow":["GET"]}}],"collection":[{"href":"https:\/\/dbbalears.com\/ca\/wp-json\/wp\/v2\/pages"}],"about":[{"href":"https:\/\/dbbalears.com\/ca\/wp-json\/wp\/v2\/types\/page"}],"author":[{"embeddable":true,"href":"https:\/\/dbbalears.com\/ca\/wp-json\/wp\/v2\/users\/1"}],"replies":[{"embeddable":true,"href":"https:\/\/dbbalears.com\/ca\/wp-json\/wp\/v2\/comments?post=1936"}],"version-history":[{"count":1,"href":"https:\/\/dbbalears.com\/ca\/wp-json\/wp\/v2\/pages\/1936\/revisions"}],"predecessor-version":[{"id":1940,"href":"https:\/\/dbbalears.com\/ca\/wp-json\/wp\/v2\/pages\/1936\/revisions\/1940"}],"wp:attachment":[{"href":"https:\/\/dbbalears.com\/ca\/wp-json\/wp\/v2\/media?parent=1936"}],"curies":[{"name":"wp","href":"https:\/\/api.w.org\/{rel}","templated":true}]}}