{"id":1896,"date":"2024-01-30T10:19:48","date_gmt":"2024-01-30T09:19:48","guid":{"rendered":"https:\/\/dbbalears.com\/petit-valent\/"},"modified":"2024-10-07T06:35:18","modified_gmt":"2024-10-07T04:35:18","slug":"petit-valent","status":"publish","type":"page","link":"https:\/\/dbbalears.com\/ca\/petit-valent\/","title":{"rendered":"Petit Valent"},"content":{"rendered":"\t\t<div data-elementor-type=\"wp-page\" data-elementor-id=\"1896\" class=\"elementor elementor-1896 elementor-757\" data-elementor-post-type=\"page\">\n\t\t\t\t<div class=\"elementor-element elementor-element-3af15f0 e-con-full e-flex e-con e-parent\" data-id=\"3af15f0\" data-element_type=\"container\">\n\t\t<div class=\"elementor-element elementor-element-fb302d0 e-con-full e-flex e-con e-child\" data-id=\"fb302d0\" data-element_type=\"container\">\n\t\t<div class=\"elementor-element elementor-element-98875cb e-con-full e-flex e-con e-child\" data-id=\"98875cb\" data-element_type=\"container\" data-settings=\"{&quot;background_background&quot;:&quot;classic&quot;}\">\n\t\t<div class=\"elementor-element elementor-element-79ccf0b e-con-full e-flex e-con e-child\" data-id=\"79ccf0b\" data-element_type=\"container\" data-settings=\"{&quot;background_background&quot;:&quot;classic&quot;}\">\n\t\t\t\t<div class=\"elementor-element elementor-element-c4c15e7 elementor-widget__width-initial elementor-widget-mobile__width-auto dce_masking-none elementor-widget elementor-widget-image\" data-id=\"c4c15e7\" data-element_type=\"widget\" data-widget_type=\"image.default\">\n\t\t\t\t<div class=\"elementor-widget-container\">\n\t\t\t\t\t\t\t\t\t\t\t\t\t<img fetchpriority=\"high\" decoding=\"async\" width=\"300\" height=\"200\" src=\"https:\/\/dbbalears.com\/wp-content\/uploads\/2024\/01\/petit-valent-vi.png\" class=\"attachment-large size-large wp-image-758\" alt=\"\" \/>\t\t\t\t\t\t\t\t\t\t\t\t\t<\/div>\n\t\t\t\t<\/div>\n\t\t\t\t<div class=\"elementor-element elementor-element-3c31430 elementor-widget elementor-widget-text-editor\" data-id=\"3c31430\" data-element_type=\"widget\" data-widget_type=\"text-editor.default\">\n\t\t\t\t<div class=\"elementor-widget-container\">\n\t\t\t\t\t\t\t<p><strong>Descobreix Petit Valent: L&#8217;Ess\u00e8ncia de Mallorca a Cada Copa<\/strong><\/p>\n<p>Benvingut al m\u00f3n de Petit Valent, un vi que encapsula la riquesa i la diversitat de Mallorca. El nostre celler s&#8217;enorgulleix de presentar tres varietats exquisides, cadascun amb el seu car\u00e0cter \u00fanic, destinades a seduir els paladars m\u00e9s exigents.<\/p>\n\t\t\t\t\t\t<\/div>\n\t\t\t\t<\/div>\n\t\t<div class=\"elementor-element elementor-element-3a995e7 e-grid e-con-full e-con e-child\" data-id=\"3a995e7\" data-element_type=\"container\">\n\t\t\t\t<div class=\"elementor-element elementor-element-c953563 dce_masking-none elementor-widget elementor-widget-image\" data-id=\"c953563\" data-element_type=\"widget\" data-widget_type=\"image.default\">\n\t\t\t\t<div class=\"elementor-widget-container\">\n\t\t\t\t\t\t\t\t\t\t\t\t\t<img decoding=\"async\" width=\"800\" height=\"417\" src=\"https:\/\/dbbalears.com\/wp-content\/uploads\/2024\/01\/Som-daqui-1024x534.jpg\" class=\"attachment-large size-large wp-image-760\" alt=\"\" srcset=\"https:\/\/dbbalears.com\/wp-content\/uploads\/2024\/01\/Som-daqui-1024x534.jpg 1024w, https:\/\/dbbalears.com\/wp-content\/uploads\/2024\/01\/Som-daqui-300x156.jpg 300w, https:\/\/dbbalears.com\/wp-content\/uploads\/2024\/01\/Som-daqui-768x401.jpg 768w, https:\/\/dbbalears.com\/wp-content\/uploads\/2024\/01\/Som-daqui.jpg 1417w\" sizes=\"(max-width: 800px) 100vw, 800px\" \/>\t\t\t\t\t\t\t\t\t\t\t\t\t<\/div>\n\t\t\t\t<\/div>\n\t\t\t\t<div class=\"elementor-element elementor-element-9e56625 dce_masking-none elementor-widget elementor-widget-image\" data-id=\"9e56625\" data-element_type=\"widget\" data-widget_type=\"image.default\">\n\t\t\t\t<div class=\"elementor-widget-container\">\n\t\t\t\t\t\t\t\t\t\t\t\t\t<img decoding=\"async\" width=\"334\" height=\"326\" src=\"https:\/\/dbbalears.com\/wp-content\/uploads\/2024\/01\/Captura-de-pantalla-2024-01-24-a-las-15.42.59.png\" class=\"attachment-large size-large wp-image-649\" alt=\"\" srcset=\"https:\/\/dbbalears.com\/wp-content\/uploads\/2024\/01\/Captura-de-pantalla-2024-01-24-a-las-15.42.59.png 334w, https:\/\/dbbalears.com\/wp-content\/uploads\/2024\/01\/Captura-de-pantalla-2024-01-24-a-las-15.42.59-300x293.png 300w\" sizes=\"(max-width: 334px) 100vw, 334px\" \/>\t\t\t\t\t\t\t\t\t\t\t\t\t<\/div>\n\t\t\t\t<\/div>\n\t\t\t\t<\/div>\n\t\t\t\t<\/div>\n\t\t<div class=\"elementor-element elementor-element-a0f5758 e-con-full e-flex e-con e-child\" data-id=\"a0f5758\" data-element_type=\"container\" data-settings=\"{&quot;background_background&quot;:&quot;classic&quot;,&quot;background_motion_fx_motion_fx_scrolling&quot;:&quot;yes&quot;,&quot;background_motion_fx_scale_effect&quot;:&quot;yes&quot;,&quot;background_motion_fx_scale_direction&quot;:&quot;out-in&quot;,&quot;background_motion_fx_scale_speed&quot;:{&quot;unit&quot;:&quot;px&quot;,&quot;size&quot;:4,&quot;sizes&quot;:[]},&quot;background_motion_fx_scale_range&quot;:{&quot;unit&quot;:&quot;%&quot;,&quot;size&quot;:&quot;&quot;,&quot;sizes&quot;:{&quot;start&quot;:20,&quot;end&quot;:80}},&quot;background_motion_fx_devices&quot;:[&quot;desktop&quot;,&quot;tablet&quot;,&quot;mobile&quot;]}\">\n\t\t\t\t<div class=\"elementor-element elementor-element-825da97 elementor-widget-mobile__width-inherit dce_masking-none elementor-widget elementor-widget-image\" data-id=\"825da97\" data-element_type=\"widget\" data-settings=\"{&quot;motion_fx_motion_fx_scrolling&quot;:&quot;yes&quot;,&quot;motion_fx_translateY_effect&quot;:&quot;yes&quot;,&quot;motion_fx_translateY_direction&quot;:&quot;negative&quot;,&quot;motion_fx_translateY_speed&quot;:{&quot;unit&quot;:&quot;px&quot;,&quot;size&quot;:3,&quot;sizes&quot;:[]},&quot;motion_fx_devices&quot;:[&quot;desktop&quot;,&quot;tablet&quot;],&quot;motion_fx_translateY_affectedRange&quot;:{&quot;unit&quot;:&quot;%&quot;,&quot;size&quot;:&quot;&quot;,&quot;sizes&quot;:{&quot;start&quot;:0,&quot;end&quot;:100}}}\" data-widget_type=\"image.default\">\n\t\t\t\t<div class=\"elementor-widget-container\">\n\t\t\t\t\t\t\t\t\t\t\t\t\t<img loading=\"lazy\" decoding=\"async\" width=\"1200\" height=\"1920\" src=\"https:\/\/dbbalears.com\/wp-content\/uploads\/2024\/09\/petit-valent-vino-dbb.webp\" class=\"attachment-full size-full wp-image-2185\" alt=\"\" srcset=\"https:\/\/dbbalears.com\/wp-content\/uploads\/2024\/09\/petit-valent-vino-dbb.webp 1200w, https:\/\/dbbalears.com\/wp-content\/uploads\/2024\/09\/petit-valent-vino-dbb-188x300.webp 188w, https:\/\/dbbalears.com\/wp-content\/uploads\/2024\/09\/petit-valent-vino-dbb-640x1024.webp 640w, https:\/\/dbbalears.com\/wp-content\/uploads\/2024\/09\/petit-valent-vino-dbb-768x1229.webp 768w, https:\/\/dbbalears.com\/wp-content\/uploads\/2024\/09\/petit-valent-vino-dbb-960x1536.webp 960w\" sizes=\"(max-width: 1200px) 100vw, 1200px\" \/>\t\t\t\t\t\t\t\t\t\t\t\t\t<\/div>\n\t\t\t\t<\/div>\n\t\t\t\t<\/div>\n\t\t\t\t<\/div>\n\t\t\t\t<\/div>\n\t\t\t\t<\/div>\n\t\t<div class=\"elementor-element elementor-element-d87cf5f e-con-full e-flex e-con e-parent\" data-id=\"d87cf5f\" data-element_type=\"container\">\n\t\t<div class=\"elementor-element elementor-element-09c1afe e-con-full e-flex e-con e-child\" data-id=\"09c1afe\" data-element_type=\"container\">\n\t\t\t\t<div class=\"elementor-element elementor-element-3fae83d dce_masking-none elementor-widget elementor-widget-image\" data-id=\"3fae83d\" data-element_type=\"widget\" data-widget_type=\"image.default\">\n\t\t\t\t<div class=\"elementor-widget-container\">\n\t\t\t\t\t\t\t\t\t\t\t\t\t<img loading=\"lazy\" decoding=\"async\" width=\"344\" height=\"1024\" src=\"https:\/\/dbbalears.com\/wp-content\/uploads\/2024\/09\/PETIT-VALENT-TINTO-dbb-344x1024.webp\" class=\"attachment-large size-large wp-image-2172\" alt=\"\" srcset=\"https:\/\/dbbalears.com\/wp-content\/uploads\/2024\/09\/PETIT-VALENT-TINTO-dbb-344x1024.webp 344w, https:\/\/dbbalears.com\/wp-content\/uploads\/2024\/09\/PETIT-VALENT-TINTO-dbb-101x300.webp 101w, https:\/\/dbbalears.com\/wp-content\/uploads\/2024\/09\/PETIT-VALENT-TINTO-dbb.webp 504w\" sizes=\"(max-width: 344px) 100vw, 344px\" \/>\t\t\t\t\t\t\t\t\t\t\t\t\t<\/div>\n\t\t\t\t<\/div>\n\t\t\t\t<div class=\"elementor-element elementor-element-7acaf09 elementor-widget elementor-widget-heading\" data-id=\"7acaf09\" data-element_type=\"widget\" data-widget_type=\"heading.default\">\n\t\t\t\t<div class=\"elementor-widget-container\">\n\t\t\t<h3 class=\"elementor-heading-title elementor-size-default\">NEGRE<\/h3>\t\t<\/div>\n\t\t\t\t<\/div>\n\t\t\t\t<div class=\"elementor-element elementor-element-c44c430 elementor-widget elementor-widget-text-editor\" data-id=\"c44c430\" data-element_type=\"widget\" data-widget_type=\"text-editor.default\">\n\t\t\t\t<div class=\"elementor-widget-container\">\n\t\t\t\t\t\t\t<p class=\"p1\">Merlot, Mantell Negre, Cabernet i Callet.<\/p>\n<p class=\"p1\">14% Vol.<\/p>\n\t\t\t\t\t\t<\/div>\n\t\t\t\t<\/div>\n\t\t\t\t<\/div>\n\t\t<div class=\"elementor-element elementor-element-6b49cba e-con-full e-flex e-con e-child\" data-id=\"6b49cba\" data-element_type=\"container\">\n\t\t\t\t<div class=\"elementor-element elementor-element-8df23a7 dce_masking-none elementor-widget elementor-widget-image\" data-id=\"8df23a7\" data-element_type=\"widget\" data-widget_type=\"image.default\">\n\t\t\t\t<div class=\"elementor-widget-container\">\n\t\t\t\t\t\t\t\t\t\t\t\t\t<img loading=\"lazy\" decoding=\"async\" width=\"344\" height=\"1024\" src=\"https:\/\/dbbalears.com\/wp-content\/uploads\/2024\/09\/PETIT-VALENT-BLANCO-dbb-344x1024.webp\" class=\"attachment-large size-large wp-image-2180\" alt=\"\" srcset=\"https:\/\/dbbalears.com\/wp-content\/uploads\/2024\/09\/PETIT-VALENT-BLANCO-dbb-344x1024.webp 344w, https:\/\/dbbalears.com\/wp-content\/uploads\/2024\/09\/PETIT-VALENT-BLANCO-dbb-101x300.webp 101w, https:\/\/dbbalears.com\/wp-content\/uploads\/2024\/09\/PETIT-VALENT-BLANCO-dbb.webp 504w\" sizes=\"(max-width: 344px) 100vw, 344px\" \/>\t\t\t\t\t\t\t\t\t\t\t\t\t<\/div>\n\t\t\t\t<\/div>\n\t\t\t\t<div class=\"elementor-element elementor-element-d2bcfb8 elementor-widget elementor-widget-heading\" data-id=\"d2bcfb8\" data-element_type=\"widget\" data-widget_type=\"heading.default\">\n\t\t\t\t<div class=\"elementor-widget-container\">\n\t\t\t<h3 class=\"elementor-heading-title elementor-size-default\">BLANC<\/h3>\t\t<\/div>\n\t\t\t\t<\/div>\n\t\t\t\t<div class=\"elementor-element elementor-element-0d62d92 elementor-widget elementor-widget-text-editor\" data-id=\"0d62d92\" data-element_type=\"widget\" data-widget_type=\"text-editor.default\">\n\t\t\t\t<div class=\"elementor-widget-container\">\n\t\t\t\t\t\t\t<p class=\"p1\">Gir Ros, Chardonay<\/p>\n<p class=\"p1\">12,5% Vol.<\/p>\n\t\t\t\t\t\t<\/div>\n\t\t\t\t<\/div>\n\t\t\t\t<\/div>\n\t\t<div class=\"elementor-element elementor-element-295ce01 e-con-full e-flex e-con e-child\" data-id=\"295ce01\" data-element_type=\"container\">\n\t\t\t\t<div class=\"elementor-element elementor-element-6796df9 dce_masking-none elementor-widget elementor-widget-image\" data-id=\"6796df9\" data-element_type=\"widget\" data-widget_type=\"image.default\">\n\t\t\t\t<div class=\"elementor-widget-container\">\n\t\t\t\t\t\t\t\t\t\t\t\t\t<img loading=\"lazy\" decoding=\"async\" width=\"344\" height=\"1024\" src=\"https:\/\/dbbalears.com\/wp-content\/uploads\/2024\/09\/PETIT-VALENT-ROSADO-344x1024.webp\" class=\"attachment-large size-large wp-image-2176\" alt=\"\" srcset=\"https:\/\/dbbalears.com\/wp-content\/uploads\/2024\/09\/PETIT-VALENT-ROSADO-344x1024.webp 344w, https:\/\/dbbalears.com\/wp-content\/uploads\/2024\/09\/PETIT-VALENT-ROSADO-101x300.webp 101w, https:\/\/dbbalears.com\/wp-content\/uploads\/2024\/09\/PETIT-VALENT-ROSADO.webp 504w\" sizes=\"(max-width: 344px) 100vw, 344px\" \/>\t\t\t\t\t\t\t\t\t\t\t\t\t<\/div>\n\t\t\t\t<\/div>\n\t\t\t\t<div class=\"elementor-element elementor-element-182a4f8 elementor-widget elementor-widget-heading\" data-id=\"182a4f8\" data-element_type=\"widget\" data-widget_type=\"heading.default\">\n\t\t\t\t<div class=\"elementor-widget-container\">\n\t\t\t<h3 class=\"elementor-heading-title elementor-size-default\">ROSAT COUPAGE<\/h3>\t\t<\/div>\n\t\t\t\t<\/div>\n\t\t\t\t<div class=\"elementor-element elementor-element-90b25a4 elementor-widget elementor-widget-text-editor\" data-id=\"90b25a4\" data-element_type=\"widget\" data-widget_type=\"text-editor.default\">\n\t\t\t\t<div class=\"elementor-widget-container\">\n\t\t\t\t\t\t\t<p class=\"p1\">Merlot, Mantell Negre,<br \/> Cabernet i Callet.<br \/> 13% Vol.<\/p>\n\t\t\t\t\t\t<\/div>\n\t\t\t\t<\/div>\n\t\t\t\t<\/div>\n\t\t\t\t<\/div>\n\t\t<div data-dce-background-overlay-image-url=\"https:\/\/dbbalears.com\/wp-content\/uploads\/2023\/06\/bg-dbb-co-03.jpg\" class=\"elementor-element elementor-element-dee60eb e-flex e-con-boxed e-con e-parent\" data-id=\"dee60eb\" data-element_type=\"container\">\n\t\t\t\t\t<div class=\"e-con-inner\">\n\t\t<div class=\"elementor-element elementor-element-6085e93 e-con-full e-flex e-con e-child\" data-id=\"6085e93\" data-element_type=\"container\" data-settings=\"{&quot;background_background&quot;:&quot;classic&quot;}\">\n\t\t\t\t<div data-dce-background-color=\"#FFFFFF00\" class=\"elementor-element elementor-element-eb429aa elementor-align-left elementor-widget__width-initial elementor-widget elementor-widget-button\" data-id=\"eb429aa\" data-element_type=\"widget\" data-widget_type=\"button.default\">\n\t\t\t\t<div class=\"elementor-widget-container\">\n\t\t\t\t\t<div class=\"elementor-button-wrapper\">\n\t\t\t<a class=\"elementor-button elementor-button-link elementor-size-md\" href=\"https:\/\/dbbalears.com\/ca\/vi-fosca-negra\/\">\n\t\t\t\t\t\t<span class=\"elementor-button-content-wrapper\">\n\t\t\t\t\t\t<span class=\"elementor-button-icon\">\n\t\t\t\t<i aria-hidden=\"true\" class=\"fas fa-arrow-right\"><\/i>\t\t\t<\/span>\n\t\t\t\t\t\t\t\t\t<span class=\"elementor-button-text\">VEURE M\u00c9S<\/span>\n\t\t\t\t\t<\/span>\n\t\t\t\t\t<\/a>\n\t\t<\/div>\n\t\t\t\t<\/div>\n\t\t\t\t<\/div>\n\t\t\t\t<\/div>\n\t\t<div class=\"elementor-element elementor-element-75f301f e-con-full e-flex e-con e-child\" data-id=\"75f301f\" data-element_type=\"container\">\n\t\t<div class=\"elementor-element elementor-element-2165657 e-flex e-con-boxed e-con e-child\" data-id=\"2165657\" data-element_type=\"container\">\n\t\t\t\t\t<div class=\"e-con-inner\">\n\t\t\t\t<div class=\"elementor-element elementor-element-1b65949 dce_masking-none elementor-widget elementor-widget-image\" data-id=\"1b65949\" data-element_type=\"widget\" data-widget_type=\"image.default\">\n\t\t\t\t<div class=\"elementor-widget-container\">\n\t\t\t\t\t\t\t\t\t\t\t\t\t\t<a href=\"https:\/\/dbbalears.com\/ca\/vi-fosca-negra\/\">\n\t\t\t\t\t\t\t<img loading=\"lazy\" decoding=\"async\" width=\"1\" height=\"1\" src=\"https:\/\/dbbalears.com\/wp-content\/uploads\/2023\/10\/logo-fosca-negre.svg\" class=\"attachment-large size-large wp-image-297\" alt=\"\" \/>\t\t\t\t\t\t\t\t<\/a>\n\t\t\t\t\t\t\t\t\t\t\t\t\t<\/div>\n\t\t\t\t<\/div>\n\t\t\t\t<div class=\"elementor-element elementor-element-4510ccf elementor-widget elementor-widget-text-editor\" data-id=\"4510ccf\" data-element_type=\"widget\" data-widget_type=\"text-editor.default\">\n\t\t\t\t<div class=\"elementor-widget-container\">\n\t\t\t\t\t\t\tUn vi tan mallorqu\u00ed havia de tenir un nom molt lligat a la tradici\u00f3 balear, com s\u00f3n els carros i els rucs tan t\u00edpics de la nostra illa. Un vi \u00fanic que pots trobar a les seves tres varietats: blanc, negre o rosat.  \t\t\t\t\t\t<\/div>\n\t\t\t\t<\/div>\n\t\t\t\t\t<\/div>\n\t\t\t\t<\/div>\n\t\t\t\t<\/div>\n\t\t\t\t\t<\/div>\n\t\t\t\t<\/div>\n\t\t\t\t<\/div>\n\t\t","protected":false},"excerpt":{"rendered":"<p>Descobreix Petit Valent: L&#8217;Ess\u00e8ncia de Mallorca a Cada Copa Benvingut al m\u00f3n de Petit Valent, un vi que encapsula la riquesa i la diversitat de Mallorca. El nostre celler s&#8217;enorgulleix de presentar tres varietats exquisides, cadascun amb el seu car\u00e0cter \u00fanic, destinades a seduir els paladars m\u00e9s exigents. NEGRE Merlot, Mantell Negre, Cabernet i Callet. [&hellip;]<\/p>\n","protected":false},"author":1,"featured_media":0,"parent":0,"menu_order":0,"comment_status":"closed","ping_status":"closed","template":"","meta":{"_acf_changed":false,"footnotes":""},"class_list":["post-1896","page","type-page","status-publish","hentry"],"acf":[],"_links":{"self":[{"href":"https:\/\/dbbalears.com\/ca\/wp-json\/wp\/v2\/pages\/1896","targetHints":{"allow":["GET"]}}],"collection":[{"href":"https:\/\/dbbalears.com\/ca\/wp-json\/wp\/v2\/pages"}],"about":[{"href":"https:\/\/dbbalears.com\/ca\/wp-json\/wp\/v2\/types\/page"}],"author":[{"embeddable":true,"href":"https:\/\/dbbalears.com\/ca\/wp-json\/wp\/v2\/users\/1"}],"replies":[{"embeddable":true,"href":"https:\/\/dbbalears.com\/ca\/wp-json\/wp\/v2\/comments?post=1896"}],"version-history":[{"count":3,"href":"https:\/\/dbbalears.com\/ca\/wp-json\/wp\/v2\/pages\/1896\/revisions"}],"predecessor-version":[{"id":2337,"href":"https:\/\/dbbalears.com\/ca\/wp-json\/wp\/v2\/pages\/1896\/revisions\/2337"}],"wp:attachment":[{"href":"https:\/\/dbbalears.com\/ca\/wp-json\/wp\/v2\/media?parent=1896"}],"curies":[{"name":"wp","href":"https:\/\/api.w.org\/{rel}","templated":true}]}}